{"id":708297,"date":"2025-08-27T16:13:45","date_gmt":"2025-08-27T13:13:45","guid":{"rendered":"https:\/\/roveyayinevi.com.tr\/index.php\/urun\/saydam-turp\/"},"modified":"2026-04-16T02:16:51","modified_gmt":"2026-04-15T23:16:51","slug":"saydam-turp","status":"publish","type":"product","link":"https:\/\/roveyayinevi.com.tr\/index.php\/urun\/saydam-turp\/","title":{"rendered":"Saydam Turp"},"content":{"rendered":"<p>1994 Nobel Edebiyat \u00d6d\u00fcl\u00fc sahibi Japon yazar Kenzaburo Oe&#8217;nin, &#8220;Ben Nobel \u00d6d\u00fcl\u00fc&#8217;n\u00fc vermek i\u00e7in birini se\u00e7ecek olsam Mo Yan&#8217;\u0131 se\u00e7erdim,&#8221; s\u00f6zleriyle de\u011ferlendirdi\u011fi Mo Yan, 2012&#8217;de bu de\u011ferlendirmeyi ger\u00e7e\u011fe d\u00f6n\u00fc\u015ft\u00fcrerek Nobel Edebiyat \u00d6d\u00fcl\u00fc kazanan ilk \u00c7inli yazar oldu. Kimi ele\u015ftirmenlerin, dilini Gorki ve Soljenitsin&#8217;in \u015fiirsel ve \u00e7arp\u0131c\u0131 anlat\u0131mlar\u0131na benzetti\u011fi Mo Yan, \u00c7in ta\u015fras\u0131n\u0131 anlatan yap\u0131tlar\u0131nda fanteziyle lirizmi kayna\u015ft\u0131r\u0131rken b\u00fcrokrasiyi ta\u015flama ortam\u0131nda irdeliyor, kara mizaha, hatta yer yer do\u011fa\u00fcst\u00fc unsurlara yer veriyor. Bu\u011fday ve dar\u0131 ba\u015faklar\u0131n\u0131n aras\u0131ndan bir halk\u0131n ac\u0131lar\u0131 ve sevin\u00e7leri y\u00fckseliyor. Mo Yan, ta\u015fra ya\u015fam\u0131n\u0131 aktarman\u0131n yan\u0131 s\u0131ra modern \u00c7in&#8217;in k\u0131sa zamanda k\u00f6\u015feyi d\u00f6nen g\u00f6rg\u00fcs\u00fcz yeni zenginleriyle de okurlar\u0131n\u0131 tan\u0131\u015ft\u0131r\u0131yor. Mo Yan, Saydam Turp&#8217;un kahramanlar\u0131ndan Kara \u00c7ocuk&#8217;u ve kendi yap\u0131tlar\u0131n\u0131 \u015f\u00f6yle tan\u0131ml\u0131yor: &#8220;\u0130nsan\u00fcst\u00fc bir yetenekle ac\u0131ya katlanabilen ve insan\u00fcst\u00fc bir duyarl\u0131l\u0131\u011fa sahip olan o kara tenli \u00e7ocuk, b\u00fct\u00fcn yazd\u0131klar\u0131m\u0131n ruhunu simgeliyor.&#8221; <\/p>\n","protected":false},"excerpt":{"rendered":"<p>1994 Nobel Edebiyat \u00d6d\u00fcl\u00fc sahibi Japon yazar Kenzaburo Oe&#8217;nin, &#8220;Ben Nobel \u00d6d\u00fcl\u00fc&#8217;n\u00fc vermek i\u00e7in birini se\u00e7ecek olsam Mo Yan&#8217;\u0131 se\u00e7erdim,&#8221; s\u00f6zleriyle de\u011ferlendirdi\u011fi Mo Yan, 2012&#8217;de bu<span class=\"excerpt-hellip\"> [\u2026]<\/span><\/p>\n","protected":false},"featured_media":0,"template":"","meta":{"_monsterinsights_skip_tracking":false,"_monsterinsights_sitenote_active":false,"_monsterinsights_sitenote_note":"","_monsterinsights_sitenote_category":0},"product_brand":[],"product_cat":[12275,12274],"product_tag":[],"class_list":{"0":"post-708297","1":"product","2":"type-product","3":"status-publish","5":"product_cat-6-12-yas-kitaplari","6":"product_cat-cocuk-ve-genclik-kitaplari","7":"pa_cilt-ciltsiz","8":"pa_tur-kitap","9":"pa_yayinevi-can-yayinlari","10":"pa_yazar-mo-yan","12":"first","13":"instock","14":"sale","15":"shipping-taxable","16":"purchasable","17":"product-type-simple"},"_links":{"self":[{"href":"https:\/\/roveyayinevi.com.tr\/index.php\/wp-json\/wp\/v2\/product\/708297","targetHints":{"allow":["GET"]}}],"collection":[{"href":"https:\/\/roveyayinevi.com.tr\/index.php\/wp-json\/wp\/v2\/product"}],"about":[{"href":"https:\/\/roveyayinevi.com.tr\/index.php\/wp-json\/wp\/v2\/types\/product"}],"wp:attachment":[{"href":"https:\/\/roveyayinevi.com.tr\/index.php\/wp-json\/wp\/v2\/media?parent=708297"}],"wp:term":[{"taxonomy":"product_brand","embeddable":true,"href":"https:\/\/roveyayinevi.com.tr\/index.php\/wp-json\/wp\/v2\/product_brand?post=708297"},{"taxonomy":"product_cat","embeddable":true,"href":"https:\/\/roveyayinevi.com.tr\/index.php\/wp-json\/wp\/v2\/product_cat?post=708297"},{"taxonomy":"product_tag","embeddable":true,"href":"https:\/\/roveyayinevi.com.tr\/index.php\/wp-json\/wp\/v2\/product_tag?post=708297"}],"curies":[{"name":"wp","href":"https:\/\/api.w.org\/{rel}","templated":true}]}}