{"id":708294,"date":"2025-08-27T16:13:43","date_gmt":"2025-08-27T13:13:43","guid":{"rendered":"https:\/\/roveyayinevi.com.tr\/index.php\/urun\/burun-giysisi\/"},"modified":"2026-04-08T02:22:06","modified_gmt":"2026-04-07T23:22:06","slug":"burun-giysisi","status":"publish","type":"product","link":"https:\/\/roveyayinevi.com.tr\/index.php\/urun\/burun-giysisi\/","title":{"rendered":"Burun Giysisi"},"content":{"rendered":"<p>\u0130nsan \u00fc\u015f\u00fcd\u00fc\u011f\u00fc zaman, ne kadar da tats\u0131z bir hisse d\u00f6n\u00fc\u015f\u00fcyor \u015fu so\u011fuk! Neyse ki, \u00e7\u00f6z\u00fcm\u00fc basit: Giyinmek! Ama insan\u0131n i\u00e7ini giysiden de \u00e7ok \u0131s\u0131tan bir \u015fey var ki, onu en iyi anneler ve babalar bilir\u2026 \u00c7ocuk kitaplar\u0131, dergileri ve radyo programlar\u0131yla tan\u0131nan M. Banu Aksoy&#8217;un s\u0131cac\u0131k \u00f6yk\u00fcs\u00fc, Mert Tugen&#8217;in reng\u00e2renk esenleriyle canlan\u0131yor! \ufffcTan\u0131t\u0131m Metni<\/p>\n","protected":false},"excerpt":{"rendered":"<p>\u0130nsan \u00fc\u015f\u00fcd\u00fc\u011f\u00fc zaman, ne kadar da tats\u0131z bir hisse d\u00f6n\u00fc\u015f\u00fcyor \u015fu so\u011fuk! Neyse ki, \u00e7\u00f6z\u00fcm\u00fc basit: Giyinmek! Ama insan\u0131n i\u00e7ini giysiden de \u00e7ok \u0131s\u0131tan bir \u015fey<span class=\"excerpt-hellip\"> [\u2026]<\/span><\/p>\n","protected":false},"featured_media":0,"template":"","meta":{"_monsterinsights_skip_tracking":false,"_monsterinsights_sitenote_active":false,"_monsterinsights_sitenote_note":"","_monsterinsights_sitenote_category":0},"product_brand":[],"product_cat":[12275,12274],"product_tag":[],"class_list":{"0":"post-708294","1":"product","2":"type-product","3":"status-publish","5":"product_cat-6-12-yas-kitaplari","6":"product_cat-cocuk-ve-genclik-kitaplari","7":"pa_cilt-ciltsiz","8":"pa_tur-kitap","9":"pa_yayinevi-can-cocuk-yayinlari","10":"pa_yazar-banu-aksoy","12":"first","13":"instock","14":"sale","15":"shipping-taxable","16":"purchasable","17":"product-type-simple"},"_links":{"self":[{"href":"https:\/\/roveyayinevi.com.tr\/index.php\/wp-json\/wp\/v2\/product\/708294","targetHints":{"allow":["GET"]}}],"collection":[{"href":"https:\/\/roveyayinevi.com.tr\/index.php\/wp-json\/wp\/v2\/product"}],"about":[{"href":"https:\/\/roveyayinevi.com.tr\/index.php\/wp-json\/wp\/v2\/types\/product"}],"wp:attachment":[{"href":"https:\/\/roveyayinevi.com.tr\/index.php\/wp-json\/wp\/v2\/media?parent=708294"}],"wp:term":[{"taxonomy":"product_brand","embeddable":true,"href":"https:\/\/roveyayinevi.com.tr\/index.php\/wp-json\/wp\/v2\/product_brand?post=708294"},{"taxonomy":"product_cat","embeddable":true,"href":"https:\/\/roveyayinevi.com.tr\/index.php\/wp-json\/wp\/v2\/product_cat?post=708294"},{"taxonomy":"product_tag","embeddable":true,"href":"https:\/\/roveyayinevi.com.tr\/index.php\/wp-json\/wp\/v2\/product_tag?post=708294"}],"curies":[{"name":"wp","href":"https:\/\/api.w.org\/{rel}","templated":true}]}}