{"id":708293,"date":"2025-08-27T16:13:43","date_gmt":"2025-08-27T13:13:43","guid":{"rendered":"https:\/\/roveyayinevi.com.tr\/index.php\/urun\/haci-bektas-askin-coban-atesi\/"},"modified":"2026-04-16T02:16:50","modified_gmt":"2026-04-15T23:16:50","slug":"haci-bektas-askin-coban-atesi","status":"publish","type":"product","link":"https:\/\/roveyayinevi.com.tr\/index.php\/urun\/haci-bektas-askin-coban-atesi\/","title":{"rendered":"Hac\u0131 Bekta\u015f &#8211; A\u015fk\u0131n \u00c7oban Ate\u015fi"},"content":{"rendered":"<p>Ni\u015fabur \u00e7ar\u015f\u0131lar\u0131nda d\u00fckkanlar\u0131n sergileri ilk kez o y\u0131l yazl\u0131k giysilerle de\u011fi\u015ftirilmemi\u015fti, kal\u0131n kuma\u015flar\u0131n yerini her ilkyazda oldu\u011fu gibi rengarenk boyanm\u0131\u015f ince, ipek kuma\u015flar almam\u0131\u015ft\u0131. \u00c7ar\u015f\u0131lardaki al\u0131\u015f\u0131lm\u0131\u015f tar\u00e7\u0131n, kuru biber, zencefil, karanfil, nane ve zerde\u00e7al gibi onlarca baharat\u0131n birbirine kar\u0131\u015farak olu\u015fturdu\u011fu kokunun yerine ge\u00e7en \u00f6l\u00fcm korkusunun bedenlerdeki her h\u00fccreye sinen deh\u015fetinin etkileri kar\u015f\u0131 kar\u015f\u0131 konulmaz bi\u00e7imde artarak dayanma s\u0131n\u0131rlar\u0131n\u0131 epeyce zorlam\u0131\u015ft\u0131. Ni\u015fabur&#8217;da herkes \u00f6l\u00fcm(den) ko(r)kar olmu\u015ftu art\u0131k. \ufffcTan\u0131t\u0131m Metni<\/p>\n","protected":false},"excerpt":{"rendered":"<p>Ni\u015fabur \u00e7ar\u015f\u0131lar\u0131nda d\u00fckkanlar\u0131n sergileri ilk kez o y\u0131l yazl\u0131k giysilerle de\u011fi\u015ftirilmemi\u015fti, kal\u0131n kuma\u015flar\u0131n yerini her ilkyazda oldu\u011fu gibi rengarenk boyanm\u0131\u015f ince, ipek kuma\u015flar almam\u0131\u015ft\u0131. \u00c7ar\u015f\u0131lardaki al\u0131\u015f\u0131lm\u0131\u015f<span class=\"excerpt-hellip\"> [\u2026]<\/span><\/p>\n","protected":false},"featured_media":0,"template":"","meta":{"_monsterinsights_skip_tracking":false,"_monsterinsights_sitenote_active":false,"_monsterinsights_sitenote_note":"","_monsterinsights_sitenote_category":0},"product_brand":[],"product_cat":[12291,12711],"product_tag":[],"class_list":{"0":"post-708293","1":"product","2":"type-product","3":"status-publish","5":"product_cat-edebiyat","6":"product_cat-roman-oyku","7":"pa_cilt-ciltsiz","8":"pa_tur-kitap","9":"pa_yayinevi-profil-kitap","10":"pa_yazar-kenan-kalecikli","12":"first","13":"instock","14":"sale","15":"shipping-taxable","16":"purchasable","17":"product-type-simple"},"_links":{"self":[{"href":"https:\/\/roveyayinevi.com.tr\/index.php\/wp-json\/wp\/v2\/product\/708293","targetHints":{"allow":["GET"]}}],"collection":[{"href":"https:\/\/roveyayinevi.com.tr\/index.php\/wp-json\/wp\/v2\/product"}],"about":[{"href":"https:\/\/roveyayinevi.com.tr\/index.php\/wp-json\/wp\/v2\/types\/product"}],"wp:attachment":[{"href":"https:\/\/roveyayinevi.com.tr\/index.php\/wp-json\/wp\/v2\/media?parent=708293"}],"wp:term":[{"taxonomy":"product_brand","embeddable":true,"href":"https:\/\/roveyayinevi.com.tr\/index.php\/wp-json\/wp\/v2\/product_brand?post=708293"},{"taxonomy":"product_cat","embeddable":true,"href":"https:\/\/roveyayinevi.com.tr\/index.php\/wp-json\/wp\/v2\/product_cat?post=708293"},{"taxonomy":"product_tag","embeddable":true,"href":"https:\/\/roveyayinevi.com.tr\/index.php\/wp-json\/wp\/v2\/product_tag?post=708293"}],"curies":[{"name":"wp","href":"https:\/\/api.w.org\/{rel}","templated":true}]}}