{"id":708291,"date":"2025-08-27T16:13:42","date_gmt":"2025-08-27T13:13:42","guid":{"rendered":"https:\/\/roveyayinevi.com.tr\/index.php\/urun\/yok-bisey\/"},"modified":"2026-04-16T02:16:50","modified_gmt":"2026-04-15T23:16:50","slug":"yok-bisey","status":"publish","type":"product","link":"https:\/\/roveyayinevi.com.tr\/index.php\/urun\/yok-bisey\/","title":{"rendered":"Yok Bi\u015fey"},"content":{"rendered":"<p>D\u00fc\u015f\u00fcnmek istemiyordu. D\u00fc\u015f\u00fcnd\u00fck\u00e7e s\u0131k\u0131\u015f\u0131yordu. Bir yol ar\u0131yordu. Bir patika\u2026 bir iz\u2026 bu karma\u015fadan \u00e7\u0131kabilece\u011fi, sadece bu bo\u011funtudan kurtulmak soluk almak i\u00e7in bir iz ar\u0131yordu\u2026&#8217; Deneme, ara\u015ft\u0131rma, roman ve senaryo gibi bir\u00e7ok yaz\u0131 alan\u0131nda \u00f6nemli \u00e7al\u0131\u015fmalar\u0131 bulunan, \u00f6zellikle \u00f6yk\u00fc alan\u0131nda yapm\u0131\u015f oldu\u011fu \u00e7al\u0131\u015fmalarla tan\u0131nan ve eserlerinin bir k\u0131sm\u0131 d\u00fcnya dillerine \u00e7evrilen Sad\u0131k Yals\u0131zu\u00e7anlar, &#8216;Yokbi\u015fey&#8217; adl\u0131 eserinde okuyucuyu, d\u00fc\u015f\u00fcncelerin aras\u0131nda her g\u00fcn biraz daha da bo\u011fularak ya\u015fayan hi\u00e7li\u011fin ve varl\u0131\u011f\u0131n tam ortas\u0131ndaki karma\u015fada esir olmu\u015f ruhlar\u0131n hissetti\u011fi par\u00e7alanm\u0131\u015fl\u0131\u011fa ortak olmaya davet ediyor\u2026 <\/p>\n","protected":false},"excerpt":{"rendered":"<p>D\u00fc\u015f\u00fcnmek istemiyordu. D\u00fc\u015f\u00fcnd\u00fck\u00e7e s\u0131k\u0131\u015f\u0131yordu. Bir yol ar\u0131yordu. Bir patika\u2026 bir iz\u2026 bu karma\u015fadan \u00e7\u0131kabilece\u011fi, sadece bu bo\u011funtudan kurtulmak soluk almak i\u00e7in bir iz ar\u0131yordu\u2026&#8217; Deneme, ara\u015ft\u0131rma,<span class=\"excerpt-hellip\"> [\u2026]<\/span><\/p>\n","protected":false},"featured_media":0,"template":"","meta":{"_monsterinsights_skip_tracking":false,"_monsterinsights_sitenote_active":false,"_monsterinsights_sitenote_note":"","_monsterinsights_sitenote_category":0},"product_brand":[],"product_cat":[12777,12291],"product_tag":[],"class_list":{"0":"post-708291","1":"product","2":"type-product","3":"status-publish","5":"product_cat-deneme","6":"product_cat-edebiyat","7":"pa_cilt-ciltsiz","8":"pa_tur-kitap","9":"pa_yayinevi-profil-kitap","10":"pa_yazar-sadik-yalsizucanlar","12":"first","13":"instock","14":"sale","15":"shipping-taxable","16":"purchasable","17":"product-type-simple"},"_links":{"self":[{"href":"https:\/\/roveyayinevi.com.tr\/index.php\/wp-json\/wp\/v2\/product\/708291","targetHints":{"allow":["GET"]}}],"collection":[{"href":"https:\/\/roveyayinevi.com.tr\/index.php\/wp-json\/wp\/v2\/product"}],"about":[{"href":"https:\/\/roveyayinevi.com.tr\/index.php\/wp-json\/wp\/v2\/types\/product"}],"wp:attachment":[{"href":"https:\/\/roveyayinevi.com.tr\/index.php\/wp-json\/wp\/v2\/media?parent=708291"}],"wp:term":[{"taxonomy":"product_brand","embeddable":true,"href":"https:\/\/roveyayinevi.com.tr\/index.php\/wp-json\/wp\/v2\/product_brand?post=708291"},{"taxonomy":"product_cat","embeddable":true,"href":"https:\/\/roveyayinevi.com.tr\/index.php\/wp-json\/wp\/v2\/product_cat?post=708291"},{"taxonomy":"product_tag","embeddable":true,"href":"https:\/\/roveyayinevi.com.tr\/index.php\/wp-json\/wp\/v2\/product_tag?post=708291"}],"curies":[{"name":"wp","href":"https:\/\/api.w.org\/{rel}","templated":true}]}}