{"id":708290,"date":"2025-08-27T16:13:41","date_gmt":"2025-08-27T13:13:41","guid":{"rendered":"https:\/\/roveyayinevi.com.tr\/index.php\/urun\/gecenin-yesili\/"},"modified":"2026-04-16T02:16:50","modified_gmt":"2026-04-15T23:16:50","slug":"gecenin-yesili","status":"publish","type":"product","link":"https:\/\/roveyayinevi.com.tr\/index.php\/urun\/gecenin-yesili\/","title":{"rendered":"Gecenin Ye\u015fili"},"content":{"rendered":"<p>G\u00fcn \u0131\u015f\u0131\u011f\u0131 toplay\u0131nca sa\u00e7lar\u0131n\u0131 topra\u011f\u0131n \u00fczerinden, al\u0131p g\u00f6t\u00fcr\u00fcr t\u00fcm ye\u015filini Lorca\u2019n\u0131n. Gece, melankolinin solgun y\u00fczl\u00fc anas\u0131, ye\u015filini serpi\u015ftirir yery\u00fcz\u00fcn\u00fcn \u00f6nemsiz say\u0131lan k\u00f6\u015felerine.Ta\u015f\u0131n topra\u011f\u0131n hi\u00e7 bitmeyecek kahr\u0131n\u0131n izlerini \u00f6rten de, g\u00f6zler \u00f6n\u00fcne seren de gecenin ye\u015filidir. Yerin uykuya \u00e7ekilmeden hemen \u00f6nce makyaj\u0131n\u0131 silerken ortaya \u00e7\u0131kan y\u00fcz\u00fcd\u00fcr biraz da. Bir ayd\u0131nlanma an\u0131n\u0131n soluk kesici heyecan\u0131n\u0131 insan\u0131n zihnine bir t\u00fcrl\u00fc ula\u015ft\u0131rmayan, ha\u015fin bir y\u00fczle\u015fmede dostun s\u0131rta saplad\u0131\u011f\u0131 han\u00e7erin kabzas\u0131ndaki z\u00fcmr\u00fcd\u00fc h\u00fck\u00fcms\u00fcz k\u0131lan, gecenin o mahir rengidir asl\u0131nda. <\/p>\n","protected":false},"excerpt":{"rendered":"<p>G\u00fcn \u0131\u015f\u0131\u011f\u0131 toplay\u0131nca sa\u00e7lar\u0131n\u0131 topra\u011f\u0131n \u00fczerinden, al\u0131p g\u00f6t\u00fcr\u00fcr t\u00fcm ye\u015filini Lorca\u2019n\u0131n. Gece, melankolinin solgun y\u00fczl\u00fc anas\u0131, ye\u015filini serpi\u015ftirir yery\u00fcz\u00fcn\u00fcn \u00f6nemsiz say\u0131lan k\u00f6\u015felerine.Ta\u015f\u0131n topra\u011f\u0131n hi\u00e7 bitmeyecek kahr\u0131n\u0131n<span class=\"excerpt-hellip\"> [\u2026]<\/span><\/p>\n","protected":false},"featured_media":0,"template":"","meta":{"_monsterinsights_skip_tracking":false,"_monsterinsights_sitenote_active":false,"_monsterinsights_sitenote_note":"","_monsterinsights_sitenote_category":0},"product_brand":[],"product_cat":[12291,12711],"product_tag":[],"class_list":{"0":"post-708290","1":"product","2":"type-product","3":"status-publish","5":"product_cat-edebiyat","6":"product_cat-roman-oyku","7":"pa_cilt-ciltsiz","8":"pa_tur-kitap","9":"pa_yayinevi-profil-kitap","10":"pa_yazar-baris-tut","12":"first","13":"instock","14":"sale","15":"shipping-taxable","16":"purchasable","17":"product-type-simple"},"_links":{"self":[{"href":"https:\/\/roveyayinevi.com.tr\/index.php\/wp-json\/wp\/v2\/product\/708290","targetHints":{"allow":["GET"]}}],"collection":[{"href":"https:\/\/roveyayinevi.com.tr\/index.php\/wp-json\/wp\/v2\/product"}],"about":[{"href":"https:\/\/roveyayinevi.com.tr\/index.php\/wp-json\/wp\/v2\/types\/product"}],"wp:attachment":[{"href":"https:\/\/roveyayinevi.com.tr\/index.php\/wp-json\/wp\/v2\/media?parent=708290"}],"wp:term":[{"taxonomy":"product_brand","embeddable":true,"href":"https:\/\/roveyayinevi.com.tr\/index.php\/wp-json\/wp\/v2\/product_brand?post=708290"},{"taxonomy":"product_cat","embeddable":true,"href":"https:\/\/roveyayinevi.com.tr\/index.php\/wp-json\/wp\/v2\/product_cat?post=708290"},{"taxonomy":"product_tag","embeddable":true,"href":"https:\/\/roveyayinevi.com.tr\/index.php\/wp-json\/wp\/v2\/product_tag?post=708290"}],"curies":[{"name":"wp","href":"https:\/\/api.w.org\/{rel}","templated":true}]}}