{"id":708289,"date":"2025-08-27T16:13:41","date_gmt":"2025-08-27T13:13:41","guid":{"rendered":"https:\/\/roveyayinevi.com.tr\/index.php\/urun\/4-defter-rumeli-ruzgari\/"},"modified":"2026-04-16T02:16:50","modified_gmt":"2026-04-15T23:16:50","slug":"4-defter-rumeli-ruzgari","status":"publish","type":"product","link":"https:\/\/roveyayinevi.com.tr\/index.php\/urun\/4-defter-rumeli-ruzgari\/","title":{"rendered":"4 Defter Rumeli R\u00fczgar\u0131"},"content":{"rendered":"<p>\u201cRumeli R\u00fczg\u00e2r\u0131, b\u00fcy\u00fck ninelerimi \u0130stanbul\u2019a ve Anadolu\u2019ya savurup getirmi\u015f hicretin hik\u00e2yesi elbette&#8230;R\u00fczg\u00e2r, sadece zorunlu g\u00f6\u00e7\u00fcn hat\u0131ras\u0131, nostalji notlar\u0131 olarak da ge\u00e7miyor bu defterlerde. Ku\u015faklar aras\u0131nda ya\u015fad\u0131\u011f\u0131m\u0131z derin d\u00f6n\u00fc\u015f\u00fcmler, \u015fimdilerde yerle\u015fik oldu\u011fumuz halde etraf\u0131m\u0131zdaki mek\u00e2n \u00fczerinden s\u00fcren ve belki zorunlu g\u00f6\u00e7lerden, hicretlerden \u00e7ok daha kudretli ak\u0131l almaz de\u011fi\u015fimler, e\u015fyan\u0131n hakikatine vak\u0131f olmam\u0131za engel m\u00fcthi\u015f h\u0131zl\u0131 s\u00fcre\u00e7ler de, D\u00f6rt Defter\u2019in hayretlerindendir&#8230;Buna ra\u011fmen Rumeli R\u00fczg\u00e2r\u0131, nesilden nesile \u00e7ok da bilin\u00e7li olmayarak aktar\u0131lan benze\u015fimleri, i\u00e7erik de\u011fi\u015ftirse de bir t\u00fcrl\u00fc yat\u0131\u015ft\u0131r\u0131lamayan tedirginliklerimizi, sebepli sebepsiz hasretlerimizi, ba\u011fl\u0131l\u0131klar\u0131m\u0131z\u0131, hi\u00e7 kurtulamad\u0131\u011f\u0131m\u0131z esaret hissiyat\u0131m\u0131z\u0131, en \u00f6nemlisi \u201ctav\u0131r\u201d olarak t\u00fcm sonraki ku\u015faklara da sirayet etmi\u015f bir \u201cruh hali\u201dni i\u015faret eder&#8230;\u201dUsta yazar Sibel Eraslan\u2019dan t\u00fcrlerin aras\u0131nda cesurca sal\u0131nan, Balkanlar\u2019dan Akdeniz\u2019e, as\u0131rlar evvelinden bug\u00fcne gelerek kokulardan seslere, uzak hat\u0131ralardan yak\u0131n tan\u0131kl\u0131klara, insan\u0131n ve hayat\u0131n derinliklerine temas eden zengin ve \u00e7ok katmanl\u0131 bir metin.Her defterin adeta sihirli bir kap\u0131 i\u015flevi g\u00f6rd\u00fc\u011f\u00fc k\u0131rk odal\u0131, b\u00fcy\u00fck ve bereketli bir konak Rumeli R\u00fczg\u00e2r\u0131. <\/p>\n","protected":false},"excerpt":{"rendered":"<p>\u201cRumeli R\u00fczg\u00e2r\u0131, b\u00fcy\u00fck ninelerimi \u0130stanbul\u2019a ve Anadolu\u2019ya savurup getirmi\u015f hicretin hik\u00e2yesi elbette&#8230;R\u00fczg\u00e2r, sadece zorunlu g\u00f6\u00e7\u00fcn hat\u0131ras\u0131, nostalji notlar\u0131 olarak da ge\u00e7miyor bu defterlerde. Ku\u015faklar aras\u0131nda ya\u015fad\u0131\u011f\u0131m\u0131z<span class=\"excerpt-hellip\"> [\u2026]<\/span><\/p>\n","protected":false},"featured_media":0,"template":"","meta":{"_monsterinsights_skip_tracking":false,"_monsterinsights_sitenote_active":false,"_monsterinsights_sitenote_note":"","_monsterinsights_sitenote_category":0},"product_brand":[],"product_cat":[12291,12711],"product_tag":[],"class_list":{"0":"post-708289","1":"product","2":"type-product","3":"status-publish","5":"product_cat-edebiyat","6":"product_cat-roman-oyku","7":"pa_cilt-ciltsiz","8":"pa_tur-kitap","9":"pa_yayinevi-profil-kitap","10":"pa_yazar-sibel-eraslan","12":"first","13":"instock","14":"sale","15":"shipping-taxable","16":"purchasable","17":"product-type-simple"},"_links":{"self":[{"href":"https:\/\/roveyayinevi.com.tr\/index.php\/wp-json\/wp\/v2\/product\/708289","targetHints":{"allow":["GET"]}}],"collection":[{"href":"https:\/\/roveyayinevi.com.tr\/index.php\/wp-json\/wp\/v2\/product"}],"about":[{"href":"https:\/\/roveyayinevi.com.tr\/index.php\/wp-json\/wp\/v2\/types\/product"}],"wp:attachment":[{"href":"https:\/\/roveyayinevi.com.tr\/index.php\/wp-json\/wp\/v2\/media?parent=708289"}],"wp:term":[{"taxonomy":"product_brand","embeddable":true,"href":"https:\/\/roveyayinevi.com.tr\/index.php\/wp-json\/wp\/v2\/product_brand?post=708289"},{"taxonomy":"product_cat","embeddable":true,"href":"https:\/\/roveyayinevi.com.tr\/index.php\/wp-json\/wp\/v2\/product_cat?post=708289"},{"taxonomy":"product_tag","embeddable":true,"href":"https:\/\/roveyayinevi.com.tr\/index.php\/wp-json\/wp\/v2\/product_tag?post=708289"}],"curies":[{"name":"wp","href":"https:\/\/api.w.org\/{rel}","templated":true}]}}