{"id":708288,"date":"2025-08-27T16:13:40","date_gmt":"2025-08-27T13:13:40","guid":{"rendered":"https:\/\/roveyayinevi.com.tr\/index.php\/urun\/hikaye-anlatma-sanati\/"},"modified":"2025-12-30T10:04:56","modified_gmt":"2025-12-30T07:04:56","slug":"hikaye-anlatma-sanati","status":"publish","type":"product","link":"https:\/\/roveyayinevi.com.tr\/index.php\/urun\/hikaye-anlatma-sanati\/","title":{"rendered":"Hikaye Anlatma Sanat\u0131"},"content":{"rendered":"<p>Hik\u00e2ye anlatma sanat\u0131, son y\u0131llarda giderek yayg\u0131nla\u015f\u0131yor ve daha \u00e7okki\u015fi taraf\u0131ndan sevilip benimseniyor. Art\u0131k \u00e7ocuklar kadar yeti\u015fkinlerde bu s\u00f6z zanaat\u0131n\u0131n \u00e7ekimine kap\u0131l\u0131yor ve hik\u00e2yelerin d\u00fcnyas\u0131ndavakit ge\u00e7irmek istiyorlar. Sadece aile aras\u0131nda ya da arkada\u015f\u00e7evresinde de\u011fil, profesyonel alanda da hik\u00e2ye anlat\u0131c\u0131l\u0131\u011f\u0131ndan geni\u015f\u00f6l\u00e7\u00fcde yararlan\u0131l\u0131yor. Okulda dersi e\u011flenceli hale getirmek isteyen\u00f6\u011fretmenler, i\u015f arkada\u015flar\u0131n\u0131 ya da \u00e7al\u0131\u015fanlar\u0131n\u0131 etkilemek isteyeny\u00f6neticiler, dan\u0131\u015fanlar\u0131na hik\u00e2yeler arac\u0131l\u0131\u011f\u0131yla yard\u0131mda bulunmakisteyen terapistler ya da sadece arkada\u015f toplant\u0131lar\u0131nda sevdiklerinie\u011flendirmek isteyen dost canl\u0131s\u0131 ki\u015filer hayatlar\u0131nda hik\u00e2yelere daha\u00e7ok yer a\u00e7\u0131yor ve hik\u00e2ye anlatma sanat\u0131n\u0131n inceliklerine ilgi duyuyorlar.Ashley Ramsden ile Sue Hollingsworth Hik\u00e2ye Anlatma Sanat\u0131\u2019ndayirmi y\u0131l\u0131 a\u015fk\u0131n s\u00fcredir bu alanda edindikleri deneyimi aktar\u0131yor vekonuya ilgi duyup yetene\u011fini a\u00e7\u0131\u011fa \u00e7\u0131karmak isteyenlere denenmi\u015f \u00f6zelteknikler, pratik \u00f6neriler ve \u00f6nemli t\u00fcyolar e\u015fli\u011finde yol g\u00f6steriyorlar.Hik\u00e2yeleri seven ve onlara daha yak\u0131ndan bakmak isteyen herkes i\u00e7ine\u015fsiz bir k\u0131lavuz. <\/p>\n","protected":false},"excerpt":{"rendered":"<p>Hik\u00e2ye anlatma sanat\u0131, son y\u0131llarda giderek yayg\u0131nla\u015f\u0131yor ve daha \u00e7okki\u015fi taraf\u0131ndan sevilip benimseniyor. Art\u0131k \u00e7ocuklar kadar yeti\u015fkinlerde bu s\u00f6z zanaat\u0131n\u0131n \u00e7ekimine kap\u0131l\u0131yor ve hik\u00e2yelerin d\u00fcnyas\u0131ndavakit ge\u00e7irmek<span class=\"excerpt-hellip\"> [\u2026]<\/span><\/p>\n","protected":false},"featured_media":0,"template":"","meta":{"_monsterinsights_skip_tracking":false,"_monsterinsights_sitenote_active":false,"_monsterinsights_sitenote_note":"","_monsterinsights_sitenote_category":0},"product_brand":[],"product_cat":[13772,12364],"product_tag":[],"class_list":{"0":"post-708288","1":"product","2":"type-product","3":"status-publish","5":"product_cat-basvuru-kitaplari","6":"product_cat-genel-konular","7":"pa_cilt-ciltsiz","8":"pa_tur-kitap","9":"pa_yayinevi-iletisim-yayinlari","10":"pa_yazar-ashley-ramsden","11":"pa_yazar-sue-hollingsworth","13":"first","14":"instock","15":"sale","16":"shipping-taxable","17":"purchasable","18":"product-type-simple"},"_links":{"self":[{"href":"https:\/\/roveyayinevi.com.tr\/index.php\/wp-json\/wp\/v2\/product\/708288","targetHints":{"allow":["GET"]}}],"collection":[{"href":"https:\/\/roveyayinevi.com.tr\/index.php\/wp-json\/wp\/v2\/product"}],"about":[{"href":"https:\/\/roveyayinevi.com.tr\/index.php\/wp-json\/wp\/v2\/types\/product"}],"wp:attachment":[{"href":"https:\/\/roveyayinevi.com.tr\/index.php\/wp-json\/wp\/v2\/media?parent=708288"}],"wp:term":[{"taxonomy":"product_brand","embeddable":true,"href":"https:\/\/roveyayinevi.com.tr\/index.php\/wp-json\/wp\/v2\/product_brand?post=708288"},{"taxonomy":"product_cat","embeddable":true,"href":"https:\/\/roveyayinevi.com.tr\/index.php\/wp-json\/wp\/v2\/product_cat?post=708288"},{"taxonomy":"product_tag","embeddable":true,"href":"https:\/\/roveyayinevi.com.tr\/index.php\/wp-json\/wp\/v2\/product_tag?post=708288"}],"curies":[{"name":"wp","href":"https:\/\/api.w.org\/{rel}","templated":true}]}}