{"id":708286,"date":"2025-08-27T16:13:39","date_gmt":"2025-08-27T13:13:39","guid":{"rendered":"https:\/\/roveyayinevi.com.tr\/index.php\/urun\/kaynana-ne-yapti-gelin-ne-dedi\/"},"modified":"2026-04-16T02:16:50","modified_gmt":"2026-04-15T23:16:50","slug":"kaynana-ne-yapti-gelin-ne-dedi","status":"publish","type":"product","link":"https:\/\/roveyayinevi.com.tr\/index.php\/urun\/kaynana-ne-yapti-gelin-ne-dedi\/","title":{"rendered":"Kaynana Ne Yapt\u0131, Gelin Ne Dedi?"},"content":{"rendered":"<p>Kaynanalar, gelinler, eltiler, g\u00f6r\u00fcmceler\u2026 Aralar\u0131nda bazen dayan\u0131\u015fmabazen rekabetle y\u00fcr\u00fcyen, i\u015fin i\u00e7ine bedenin, g\u00fczelli\u011fin, toplumsalstat\u00fcn\u00fcn girdi\u011fi ili\u015fkiler\u2026 Kimi zaman iltifatlarla, kimi zaman lafsokmalarla d\u0131\u015fa vurulan be\u011feni, onaylama, d\u0131\u015flama, k\u0131skan\u00e7l\u0131k, hasetgibi duygular\u2026 Kim, b\u00fcy\u00fck aile hik\u00e2yesinin neresinde?Aile dedi\u011fimiz kurum, elbette yaln\u0131zca \u201ckan ba\u011f\u0131\u201dndan ibaret de\u011fil.Evlilik \u00fcst\u00fcnden kurulan aile ba\u011flar\u0131n\u0131n dinami\u011fini \u00e7\u00f6zme amac\u0131ylag\u00f6r\u00fc\u015fmeler yapan \u00c7amo\u011flu, 1923\u2019ten 1940\u2019l\u0131 y\u0131llara uzanan erkenCumhuriyet d\u00f6neminde s\u00fcren aile ili\u015fkilerini, kad\u0131nlar \u00f6zelinde eleal\u0131yor. O y\u0131llar\u0131 g\u00f6r\u00fcp h\u00e2l\u00e2 hayatta olan kad\u0131nlar\u0131n tan\u0131kl\u0131klar\u0131na,ayn\u0131 y\u0131llarda yaz\u0131lan romanlar\u0131 da ekleyerek kar\u015f\u0131m\u0131za aile \u00fcst\u00fcndenincelenen bir d\u00f6nem panoramas\u0131 \u00e7\u0131kar\u0131yor. D\u00f6nemin \u201cmakbul kad\u0131n\u201dimajlar\u0131n\u0131, in\u015fa edilmeye \u00e7al\u0131\u015f\u0131lan \u201cyeni aile\u201d ile \u201cgeleneksel aile\u201dkodlar\u0131n\u0131n \u00e7at\u0131\u015fmas\u0131n\u0131 verirken, \u00e7ok katmanl\u0131 bir okumaya da imk\u00e2ntan\u0131yor.Dikmen Yakal\u0131 \u00c7amo\u011flu\u2019nun Kaynana Ne Yapt\u0131, Gelin Ne Dedi?ile mercek alt\u0131na ald\u0131\u011f\u0131 ili\u015fkiler, bireysel g\u00fc\u00e7 aray\u0131\u015f\u0131n\u0131n toplumsalkonumlara ve imk\u00e2nlara g\u00f6re \u015fekilleni\u015fini g\u00f6stermenin yan\u0131 s\u0131ra ailehik\u00e2yelerinin nas\u0131l kuruldu\u011fu, kimlerin \u201cayr\u0131kotu\u201d gibi g\u00f6r\u00fclerek ailehik\u00e2yelerinden d\u0131\u015fland\u0131\u011f\u0131, an\u0131s\u0131 ku\u015faktan ku\u015fa\u011fa aktar\u0131lanlar\u0131n hangitarzda aile \u00fcyeleri oldu\u011fu gibi sorular\u0131n cevaplar\u0131n\u0131 da g\u00f6zler \u00f6n\u00fcneseriyor. <\/p>\n","protected":false},"excerpt":{"rendered":"<p>Kaynanalar, gelinler, eltiler, g\u00f6r\u00fcmceler\u2026 Aralar\u0131nda bazen dayan\u0131\u015fmabazen rekabetle y\u00fcr\u00fcyen, i\u015fin i\u00e7ine bedenin, g\u00fczelli\u011fin, toplumsalstat\u00fcn\u00fcn girdi\u011fi ili\u015fkiler\u2026 Kimi zaman iltifatlarla, kimi zaman lafsokmalarla d\u0131\u015fa vurulan be\u011feni, onaylama,<span class=\"excerpt-hellip\"> [\u2026]<\/span><\/p>\n","protected":false},"featured_media":0,"template":"","meta":{"_monsterinsights_skip_tracking":false,"_monsterinsights_sitenote_active":false,"_monsterinsights_sitenote_note":"","_monsterinsights_sitenote_category":0},"product_brand":[],"product_cat":[13590,12337],"product_tag":[],"class_list":{"0":"post-708286","1":"product","2":"type-product","3":"status-publish","5":"product_cat-arastirma-inceleme-politika-siyaset","6":"product_cat-politika-siyaset","7":"pa_cilt-ciltsiz","8":"pa_tur-kitap","9":"pa_yayinevi-iletisim-yayinlari","10":"pa_yazar-dikmen-yakali-camoglu","12":"first","13":"instock","14":"sale","15":"shipping-taxable","16":"purchasable","17":"product-type-simple"},"_links":{"self":[{"href":"https:\/\/roveyayinevi.com.tr\/index.php\/wp-json\/wp\/v2\/product\/708286","targetHints":{"allow":["GET"]}}],"collection":[{"href":"https:\/\/roveyayinevi.com.tr\/index.php\/wp-json\/wp\/v2\/product"}],"about":[{"href":"https:\/\/roveyayinevi.com.tr\/index.php\/wp-json\/wp\/v2\/types\/product"}],"wp:attachment":[{"href":"https:\/\/roveyayinevi.com.tr\/index.php\/wp-json\/wp\/v2\/media?parent=708286"}],"wp:term":[{"taxonomy":"product_brand","embeddable":true,"href":"https:\/\/roveyayinevi.com.tr\/index.php\/wp-json\/wp\/v2\/product_brand?post=708286"},{"taxonomy":"product_cat","embeddable":true,"href":"https:\/\/roveyayinevi.com.tr\/index.php\/wp-json\/wp\/v2\/product_cat?post=708286"},{"taxonomy":"product_tag","embeddable":true,"href":"https:\/\/roveyayinevi.com.tr\/index.php\/wp-json\/wp\/v2\/product_tag?post=708286"}],"curies":[{"name":"wp","href":"https:\/\/api.w.org\/{rel}","templated":true}]}}