{"id":708285,"date":"2025-08-27T16:13:39","date_gmt":"2025-08-27T13:13:39","guid":{"rendered":"https:\/\/roveyayinevi.com.tr\/index.php\/urun\/cereyanlar-turkiyede-siyasi-ideolojiler-ciltli\/"},"modified":"2026-04-16T02:16:50","modified_gmt":"2026-04-15T23:16:50","slug":"cereyanlar-turkiyede-siyasi-ideolojiler-ciltli","status":"publish","type":"product","link":"https:\/\/roveyayinevi.com.tr\/index.php\/urun\/cereyanlar-turkiyede-siyasi-ideolojiler-ciltli\/","title":{"rendered":"Cereyanlar T\u00fcrkiye\u2019de Siyasi \u0130deolojiler (Ciltli)"},"content":{"rendered":"<p>Cereyanlar, T\u00fcrkiye\u2019de siyas\u00ee ideolojilerin \u00f6zelliklerini; birbirlerinietkileme ve birbirlerinden etkilenme s\u00fcre\u00e7lerini; cereyanlari\u00e7indeki fig\u00fcrlerin ideolojik seyahatlerini; muar\u0131z bellediklerine dairkurgulad\u0131klar\u0131 dili; ideolojileri pop\u00fclerle\u015ftirme tekniklerini ve siyas\u00eeideolojilerin g\u00fcndelik hayatta nas\u0131l kar\u015f\u0131m\u0131za \u00e7\u0131kt\u0131klar\u0131n\u0131 ustal\u0131klai\u015flenmi\u015f bir bi\u00e7imde g\u00f6zler \u00f6n\u00fcne seriyor.Tan\u0131l Bora, \u201ccereyanlar\u201d\u0131 \u015fu ba\u015fl\u0131klar alt\u0131nda tart\u0131\u015f\u0131yor: Ge\u00e7 Osmanl\u0131Zihniyet D\u00fcnyas\u0131, Bat\u0131c\u0131l\u0131k, Kemalizm, Milliyet\u00e7ilik, T\u00fcrk\u00e7\u00fcl\u00fck ve\u00dclk\u00fcc\u00fcl\u00fck, Muhafazak\u00e2rl\u0131k, \u0130sl\u00e2mc\u0131l\u0131k, Liberalizm, Sol, Feminizm veK\u00fcrt Siyasal Hareketi. Sadece ba\u015f\u0131 sonu belli metinlere de\u011fil, s\u00f6zlereve jestlere de bak\u0131yor, \u201ckimin s\u00f6yledi\u011fi\u201dne de\u011fil \u201cne s\u00f6yledi\u011fi\u201dneodaklan\u0131yor. B\u00f6ylece, siyas\u00ee d\u00fc\u015f\u00fcnceleri sarmalayan ideolojikmuhtevay\u0131 ve \u201ciklim\u201di de ortaya koyuyor.Cereyanlar\u2019\u0131 bir siyasal d\u00fc\u015f\u00fcnceler kitab\u0131 olman\u0131n \u00f6tesine ta\u015f\u0131yanve T\u00fcrkiye\u2019nin d\u00fc\u015f\u00fcnsel ethosunu anlamam\u0131z\u0131 sa\u011flayan heyecanl\u0131bir metin haline getiren de bu: Olaylar\u0131 anlatmak ve analiz etmekleyetinmeyip bunlar\u0131n arkas\u0131ndaki d\u00fc\u015f\u00fcnce olu\u015fumlar\u0131n\u0131 ele almas\u0131.Son derece zor bir i\u015fin alt\u0131ndan ba\u015far\u0131yla kalkan bu kitab\u0131 okurlar\u0131m\u0131zasunmaktan k\u0131van\u00e7 duyuyoruz. <\/p>\n","protected":false},"excerpt":{"rendered":"<p>Cereyanlar, T\u00fcrkiye\u2019de siyas\u00ee ideolojilerin \u00f6zelliklerini; birbirlerinietkileme ve birbirlerinden etkilenme s\u00fcre\u00e7lerini; cereyanlari\u00e7indeki fig\u00fcrlerin ideolojik seyahatlerini; muar\u0131z bellediklerine dairkurgulad\u0131klar\u0131 dili; ideolojileri pop\u00fclerle\u015ftirme tekniklerini ve siyas\u00eeideolojilerin g\u00fcndelik hayatta nas\u0131l<span class=\"excerpt-hellip\"> [\u2026]<\/span><\/p>\n","protected":false},"featured_media":0,"template":"","meta":{"_monsterinsights_skip_tracking":false,"_monsterinsights_sitenote_active":false,"_monsterinsights_sitenote_note":"","_monsterinsights_sitenote_category":0},"product_brand":[],"product_cat":[12337,14543],"product_tag":[],"class_list":{"0":"post-708285","1":"product","2":"type-product","3":"status-publish","5":"product_cat-politika-siyaset","6":"product_cat-turkiye-siyaseti-ve-politikasi","7":"pa_cilt-ciltli","8":"pa_tur-kitap","9":"pa_yayinevi-iletisim-yayinlari","10":"pa_yazar-tanil-bora","12":"first","13":"instock","14":"sale","15":"shipping-taxable","16":"purchasable","17":"product-type-simple"},"_links":{"self":[{"href":"https:\/\/roveyayinevi.com.tr\/index.php\/wp-json\/wp\/v2\/product\/708285","targetHints":{"allow":["GET"]}}],"collection":[{"href":"https:\/\/roveyayinevi.com.tr\/index.php\/wp-json\/wp\/v2\/product"}],"about":[{"href":"https:\/\/roveyayinevi.com.tr\/index.php\/wp-json\/wp\/v2\/types\/product"}],"wp:attachment":[{"href":"https:\/\/roveyayinevi.com.tr\/index.php\/wp-json\/wp\/v2\/media?parent=708285"}],"wp:term":[{"taxonomy":"product_brand","embeddable":true,"href":"https:\/\/roveyayinevi.com.tr\/index.php\/wp-json\/wp\/v2\/product_brand?post=708285"},{"taxonomy":"product_cat","embeddable":true,"href":"https:\/\/roveyayinevi.com.tr\/index.php\/wp-json\/wp\/v2\/product_cat?post=708285"},{"taxonomy":"product_tag","embeddable":true,"href":"https:\/\/roveyayinevi.com.tr\/index.php\/wp-json\/wp\/v2\/product_tag?post=708285"}],"curies":[{"name":"wp","href":"https:\/\/api.w.org\/{rel}","templated":true}]}}