{"id":708281,"date":"2025-08-27T16:13:37","date_gmt":"2025-08-27T13:13:37","guid":{"rendered":"https:\/\/roveyayinevi.com.tr\/index.php\/urun\/ogretmenim-bir-canavar\/"},"modified":"2026-04-16T02:16:50","modified_gmt":"2026-04-15T23:16:50","slug":"ogretmenim-bir-canavar","status":"publish","type":"product","link":"https:\/\/roveyayinevi.com.tr\/index.php\/urun\/ogretmenim-bir-canavar\/","title":{"rendered":"\u00d6\u011fretmenim Bir Canavar"},"content":{"rendered":"<p>Bobby, d\u00fcnyadaki en k\u00f6t\u00fc \u00f6\u011fretmenin kendi \u00f6\u011fretmeni oldu\u011funu d\u00fc\u015f\u00fcn\u00fcr.S\u0131n\u0131ftan ka\u011f\u0131ttan bir u\u00e7ak u\u00e7urmaya kalkt\u0131\u011f\u0131nda \u00f6\u011fretmeni ba\u011f\u0131r\u0131p \u00e7a\u011f\u0131rarak hevesini kursa\u011f\u0131nda b\u0131rak\u0131r.Derken bir tatil g\u00fcn\u00fcnde g\u00fczel  vakit ge\u00e7irmek i\u00e7in parka giden Bobby \u00f6\u011fretmeniyle kar\u015f\u0131la\u015f\u0131r.G\u00f6r\u00fcn\u00fc\u015fe aldanmamak gerekti\u011fini de b\u00f6ylece \u00f6\u011frenir.\u00d6nyarg\u0131lar \u00fczerine k\u0131sa ve etkileyici bu metnin resimleri g\u00f6rsel bir \u015f\u00f6len sunuyor.New York Times en iyi resimli kitap \u00f6d\u00fcl\u00fc dahil olmak \u00fczere bir \u00e7ok \u00f6d\u00fcl\u00fcn sahibi olan ve kitaplar\u0131 New York Times \u00e7ok satanlar Listes&#8217;inde be\u015f kez yer alan Peter Brown ilk kez yer alan Peter Brown ilk kez T\u00fcrk\u00e7e&#8217;de yay\u0131nlan\u0131yor.&#8221;Benzer davran\u0131\u015falr\u0131 sergileyen okurlar\u0131n kitab\u0131n mesaj\u0131n\u0131 anlamas\u0131n\u0131 umuyoruz: \u00d6\u011fretmenler insand\u0131r ve onlara ne verirseniz onu al\u0131rs\u0131n\u0131z&#8221;Kirkus Reviews\u201cBobby\u2019nin tatl\u0131l\u0131\u011f\u0131 t\u00fcm okurlar\u0131n kalbini kazanacak.\u201dSchool Library Journal <\/p>\n","protected":false},"excerpt":{"rendered":"<p>Bobby, d\u00fcnyadaki en k\u00f6t\u00fc \u00f6\u011fretmenin kendi \u00f6\u011fretmeni oldu\u011funu d\u00fc\u015f\u00fcn\u00fcr.S\u0131n\u0131ftan ka\u011f\u0131ttan bir u\u00e7ak u\u00e7urmaya kalkt\u0131\u011f\u0131nda \u00f6\u011fretmeni ba\u011f\u0131r\u0131p \u00e7a\u011f\u0131rarak hevesini kursa\u011f\u0131nda b\u0131rak\u0131r.Derken bir tatil g\u00fcn\u00fcnde g\u00fczel vakit ge\u00e7irmek<span class=\"excerpt-hellip\"> [\u2026]<\/span><\/p>\n","protected":false},"featured_media":0,"template":"","meta":{"_monsterinsights_skip_tracking":false,"_monsterinsights_sitenote_active":false,"_monsterinsights_sitenote_note":"","_monsterinsights_sitenote_category":0},"product_brand":[],"product_cat":[12275,12274],"product_tag":[],"class_list":{"0":"post-708281","1":"product","2":"type-product","3":"status-publish","5":"product_cat-6-12-yas-kitaplari","6":"product_cat-cocuk-ve-genclik-kitaplari","7":"pa_cilt-ciltsiz","8":"pa_tur-kitap","9":"pa_yayinevi-hep-kitap","10":"pa_yazar-peter-brown","12":"first","13":"instock","14":"sale","15":"shipping-taxable","16":"purchasable","17":"product-type-simple"},"_links":{"self":[{"href":"https:\/\/roveyayinevi.com.tr\/index.php\/wp-json\/wp\/v2\/product\/708281","targetHints":{"allow":["GET"]}}],"collection":[{"href":"https:\/\/roveyayinevi.com.tr\/index.php\/wp-json\/wp\/v2\/product"}],"about":[{"href":"https:\/\/roveyayinevi.com.tr\/index.php\/wp-json\/wp\/v2\/types\/product"}],"wp:attachment":[{"href":"https:\/\/roveyayinevi.com.tr\/index.php\/wp-json\/wp\/v2\/media?parent=708281"}],"wp:term":[{"taxonomy":"product_brand","embeddable":true,"href":"https:\/\/roveyayinevi.com.tr\/index.php\/wp-json\/wp\/v2\/product_brand?post=708281"},{"taxonomy":"product_cat","embeddable":true,"href":"https:\/\/roveyayinevi.com.tr\/index.php\/wp-json\/wp\/v2\/product_cat?post=708281"},{"taxonomy":"product_tag","embeddable":true,"href":"https:\/\/roveyayinevi.com.tr\/index.php\/wp-json\/wp\/v2\/product_tag?post=708281"}],"curies":[{"name":"wp","href":"https:\/\/api.w.org\/{rel}","templated":true}]}}