{"id":708280,"date":"2025-08-27T16:13:36","date_gmt":"2025-08-27T13:13:36","guid":{"rendered":"https:\/\/roveyayinevi.com.tr\/index.php\/urun\/arkadasim-olacaksin\/"},"modified":"2026-04-14T02:21:43","modified_gmt":"2026-04-13T23:21:43","slug":"arkadasim-olacaksin","status":"publish","type":"product","link":"https:\/\/roveyayinevi.com.tr\/index.php\/urun\/arkadasim-olacaksin\/","title":{"rendered":"Arkada\u015f\u0131m Olacaks\u0131n"},"content":{"rendered":"<p>G\u00fcne b\u00fcy\u00fck bir heyecanla ba\u015flayan Lucy ilerleyen saatlerde yenibir arkada\u015f bulaca\u011f\u0131ndan fazlas\u0131yla emindir. Fakat bir arkada\u015fedinmek d\u00fc\u015f\u00fcnd\u00fc\u011f\u00fcnden daha zordur. Lucy, kendini sevdirmeki\u00e7in ola\u011fan\u00fcst\u00fc \u00e7aba sarf etse de arad\u0131\u011f\u0131n\u0131 bulamaz. Tamvazge\u00e7mek \u00fczereyken beklenmedik bir olay t\u00fcm seyri de\u011fi\u015ftirir.New York Times En \u0130yi Resimli Kitap \u00d6d\u00fcl\u00fc dahil olmak \u00fczere bir\u00e7ok\u00f6d\u00fcl\u00fcn sahibi olan ve kitaplar\u0131 New York Times \u00c7oksatanlarListesi\u2019nde be\u015f kez yer alan Peter Brown ilk kez T\u00fcrk\u00e7ede yay\u0131nlan\u0131yor.\u201cB\u00fcy\u00fcleyici\u2026 Ka\u00e7\u0131n\u0131lmayacak kadar sevimli bir kitap.\u201d- Kirkus Reviews\u201cKar\u0131\u015f\u0131k tekni\u011fe e\u015flik eden ormanl\u0131k arka plan ve bilgece bir anlat\u0131m\u2026\u201d- Booklist <\/p>\n","protected":false},"excerpt":{"rendered":"<p>G\u00fcne b\u00fcy\u00fck bir heyecanla ba\u015flayan Lucy ilerleyen saatlerde yenibir arkada\u015f bulaca\u011f\u0131ndan fazlas\u0131yla emindir. Fakat bir arkada\u015fedinmek d\u00fc\u015f\u00fcnd\u00fc\u011f\u00fcnden daha zordur. Lucy, kendini sevdirmeki\u00e7in ola\u011fan\u00fcst\u00fc \u00e7aba sarf etse<span class=\"excerpt-hellip\"> [\u2026]<\/span><\/p>\n","protected":false},"featured_media":0,"template":"","meta":{"_monsterinsights_skip_tracking":false,"_monsterinsights_sitenote_active":false,"_monsterinsights_sitenote_note":"","_monsterinsights_sitenote_category":0},"product_brand":[],"product_cat":[12913,12274],"product_tag":[],"class_list":{"0":"post-708280","1":"product","2":"type-product","3":"status-publish","5":"product_cat-3-6-yas-kitaplari","6":"product_cat-cocuk-ve-genclik-kitaplari","7":"pa_cilt-ciltsiz","8":"pa_tur-kitap","9":"pa_yayinevi-hep-kitap","10":"pa_yazar-peter-brown","12":"first","13":"instock","14":"sale","15":"shipping-taxable","16":"purchasable","17":"product-type-simple"},"_links":{"self":[{"href":"https:\/\/roveyayinevi.com.tr\/index.php\/wp-json\/wp\/v2\/product\/708280","targetHints":{"allow":["GET"]}}],"collection":[{"href":"https:\/\/roveyayinevi.com.tr\/index.php\/wp-json\/wp\/v2\/product"}],"about":[{"href":"https:\/\/roveyayinevi.com.tr\/index.php\/wp-json\/wp\/v2\/types\/product"}],"wp:attachment":[{"href":"https:\/\/roveyayinevi.com.tr\/index.php\/wp-json\/wp\/v2\/media?parent=708280"}],"wp:term":[{"taxonomy":"product_brand","embeddable":true,"href":"https:\/\/roveyayinevi.com.tr\/index.php\/wp-json\/wp\/v2\/product_brand?post=708280"},{"taxonomy":"product_cat","embeddable":true,"href":"https:\/\/roveyayinevi.com.tr\/index.php\/wp-json\/wp\/v2\/product_cat?post=708280"},{"taxonomy":"product_tag","embeddable":true,"href":"https:\/\/roveyayinevi.com.tr\/index.php\/wp-json\/wp\/v2\/product_tag?post=708280"}],"curies":[{"name":"wp","href":"https:\/\/api.w.org\/{rel}","templated":true}]}}