{"id":708278,"date":"2025-08-27T16:13:36","date_gmt":"2025-08-27T13:13:36","guid":{"rendered":"https:\/\/roveyayinevi.com.tr\/index.php\/urun\/iste-magritte-ciltli\/"},"modified":"2026-04-16T02:16:50","modified_gmt":"2026-04-15T23:16:50","slug":"iste-magritte-ciltli","status":"publish","type":"product","link":"https:\/\/roveyayinevi.com.tr\/index.php\/urun\/iste-magritte-ciltli\/","title":{"rendered":"\u0130\u015fte Magritte (Ciltli)"},"content":{"rendered":"<p>Bacon, Caravaggio, C\u00e9zanne, Dal\u00ed, Gaudi, Gauguin, Goya, Kandinsky,Leonardo da Vinci, Magritte, Matisse, Monet, Pollock,Rembrandt, Van Gogh, Warhol, Frank Lloyd Wright. Farkl\u0131 \u00fclkelerden,farkl\u0131 ak\u0131mlardan, sanat d\u00fcnyas\u0131nda iz b\u0131rakm\u0131\u015f on yedi sanat\u00e7\u0131.\u00d6d\u00fcll\u00fc \u00e7izerlerin kitaplara \u00f6zel \u00e7izdikleri ill\u00fcstrasyonlarlaher biri kendi ba\u015f\u0131na da bir sanat eseri aday\u0131 olan on yedi kitap.hep kitap \u201c\u0130\u015fte\u201d dizisiyle sanatseverleri keyifli bir yolculu\u011fa \u00e7\u0131kar\u0131yor.Dizinin bu ayki kitaplar\u0131, \u0130\u015fte Caravaggio, \u0130\u015fte Goya ve \u0130\u015fteMagritte.\u0130lk kez onun resminde beliren pek \u00e7ok imge, bug\u00fcn herkesin zihnindecanlan\u0131yor. Melon \u015fapka, pipo, pofuduk bulutlar, g\u00fcvercingibi kolektif haf\u0131zam\u0131za i\u015fleyen \u00e7al\u0131\u015fmalar\u0131 ve ger\u00e7ek\u00fcst\u00fc ad\u0131mlar\u0131ile bug\u00fcn\u00fcn sanat\u0131na giden yolda muazzam bir rehber\u2026 Y\u0131llarcager\u00e7ek\u00fcst\u00fcc\u00fcler taraf\u0131ndan kabul edilmek i\u00e7in u\u011fra\u015fmas\u0131na ra\u011fmenonlar\u0131n teorilerine itaat etmeyi reddeden, kendi kurallar\u0131ylagizemli bir evren yaratan, varolan evreni hayal etti\u011fi ile harmanlayabilenbir sanat\u00e7\u0131: \u0130\u015fte Magritte.Ger\u00e7ek\u00fcst\u00fcc\u00fcl\u00fck \u00fczerine \u00e7al\u0131\u015fan Patricia Allmer ile ressam ve \u00e7izerIker Spozio\u2019nun bu kitaba \u00f6zel \u00e7izdi\u011fi ill\u00fcstrasyonlar, biyografisisanat\u0131n\u0131n \u00f6nemli bir par\u00e7as\u0131 olan Magritte\u2019in \u00fczerindeki gizemibir nebze olsun kald\u0131r\u0131yor. <\/p>\n","protected":false},"excerpt":{"rendered":"<p>Bacon, Caravaggio, C\u00e9zanne, Dal\u00ed, Gaudi, Gauguin, Goya, Kandinsky,Leonardo da Vinci, Magritte, Matisse, Monet, Pollock,Rembrandt, Van Gogh, Warhol, Frank Lloyd Wright. Farkl\u0131 \u00fclkelerden,farkl\u0131 ak\u0131mlardan, sanat d\u00fcnyas\u0131nda iz<span class=\"excerpt-hellip\"> [\u2026]<\/span><\/p>\n","protected":false},"featured_media":0,"template":"","meta":{"_monsterinsights_skip_tracking":false,"_monsterinsights_sitenote_active":false,"_monsterinsights_sitenote_note":"","_monsterinsights_sitenote_category":0},"product_brand":[],"product_cat":[15733,12408],"product_tag":[],"class_list":{"0":"post-708278","1":"product","2":"type-product","3":"status-publish","5":"product_cat-resim","6":"product_cat-sanat","7":"pa_cilt-ciltli","8":"pa_tur-kitap","9":"pa_yayinevi-hep-kitap","10":"pa_yazar-patricia-allmer","12":"first","13":"instock","14":"sale","15":"shipping-taxable","16":"purchasable","17":"product-type-simple"},"_links":{"self":[{"href":"https:\/\/roveyayinevi.com.tr\/index.php\/wp-json\/wp\/v2\/product\/708278","targetHints":{"allow":["GET"]}}],"collection":[{"href":"https:\/\/roveyayinevi.com.tr\/index.php\/wp-json\/wp\/v2\/product"}],"about":[{"href":"https:\/\/roveyayinevi.com.tr\/index.php\/wp-json\/wp\/v2\/types\/product"}],"wp:attachment":[{"href":"https:\/\/roveyayinevi.com.tr\/index.php\/wp-json\/wp\/v2\/media?parent=708278"}],"wp:term":[{"taxonomy":"product_brand","embeddable":true,"href":"https:\/\/roveyayinevi.com.tr\/index.php\/wp-json\/wp\/v2\/product_brand?post=708278"},{"taxonomy":"product_cat","embeddable":true,"href":"https:\/\/roveyayinevi.com.tr\/index.php\/wp-json\/wp\/v2\/product_cat?post=708278"},{"taxonomy":"product_tag","embeddable":true,"href":"https:\/\/roveyayinevi.com.tr\/index.php\/wp-json\/wp\/v2\/product_tag?post=708278"}],"curies":[{"name":"wp","href":"https:\/\/api.w.org\/{rel}","templated":true}]}}