{"id":708274,"date":"2025-08-27T16:13:34","date_gmt":"2025-08-27T13:13:34","guid":{"rendered":"https:\/\/roveyayinevi.com.tr\/index.php\/urun\/uc-ejder-masali\/"},"modified":"2025-09-28T23:52:12","modified_gmt":"2025-09-28T20:52:12","slug":"uc-ejder-masali","status":"publish","type":"product","link":"https:\/\/roveyayinevi.com.tr\/index.php\/urun\/uc-ejder-masali\/","title":{"rendered":"\u00dc\u00e7 Ejder Masal\u0131"},"content":{"rendered":"<p>Zaman\u0131n\u0131 bo\u015fa ge\u00e7irme! Neden mi? \u201cHi\u00e7 unutmay\u0131n!\u201d dedi Kill\u0131h. \u201cZaman \u00e7ok h\u0131zl\u0131 akar ve geri al\u0131namaz. Zaman\u0131n\u0131 bo\u015fa ge\u00e7irenler \u00fcstlerinde ejderha ate\u015fi gibi yak\u0131c\u0131 bir pi\u015fmanl\u0131k duyar.\u201d Nilay \u00d6zer, dinozorlar\u0131n soyu t\u00fckendikten, ejderhalar yeralt\u0131na \u00e7ekildikten milyonlarca y\u0131l sonra ba\u015flayan bir masal anlat\u0131yor: Kancadi\u015f, Kocakanat ve Ate\u015ft\u00fcy adl\u0131 \u00fc\u00e7 ejderhan\u0131n; As\u00fcrya, Mavi ve Kill\u0131h adl\u0131 \u00fc\u00e7 ki\u015finin hik\u00e2yesini&#8230; \u00dc\u00e7 Ejder Masal\u0131\u2019na Se\u00e7il \u00c7okan resimleriyle e\u015flik ediyor. TADIMLIK \u201cDinozorlar\u0131n soyu t\u00fckendikten, ejderhalar yeralt\u0131na \u00e7ekildikten milyonlarca y\u0131l sonrayd\u0131. Yery\u00fcz\u00fcnde insanlar\u0131n \u00e7a\u011f\u0131 ba\u015flam\u0131\u015f, ilk b\u00fcy\u00fck krall\u0131klar olu\u015fmu\u015ftu. Yeralt\u0131 d\u00fcnyas\u0131n\u0131n karanl\u0131k ma\u011faralar\u0131ndan birinde, yumurtalar\u0131n\u0131n \u00e7atlamas\u0131n\u0131 bekleyen bir ejderha vard\u0131. \u00c7ok h\u0131zl\u0131 nefes al\u0131yor, ac\u0131yla k\u00fckr\u00fcyor, ucu i\u011fnelerden olu\u015fmu\u015f bir topa benzeyen kuyru\u011funu ma\u011faran\u0131n duvarlar\u0131na \u00e7arp\u0131yordu.\u201d <\/p>\n","protected":false},"excerpt":{"rendered":"<p>Zaman\u0131n\u0131 bo\u015fa ge\u00e7irme! Neden mi? \u201cHi\u00e7 unutmay\u0131n!\u201d dedi Kill\u0131h. \u201cZaman \u00e7ok h\u0131zl\u0131 akar ve geri al\u0131namaz. Zaman\u0131n\u0131 bo\u015fa ge\u00e7irenler \u00fcstlerinde ejderha ate\u015fi gibi yak\u0131c\u0131 bir pi\u015fmanl\u0131k<span class=\"excerpt-hellip\"> [\u2026]<\/span><\/p>\n","protected":false},"featured_media":0,"template":"","meta":{"_monsterinsights_skip_tracking":false,"_monsterinsights_sitenote_active":false,"_monsterinsights_sitenote_note":"","_monsterinsights_sitenote_category":0},"product_brand":[],"product_cat":[12275,12274],"product_tag":[],"class_list":{"0":"post-708274","1":"product","2":"type-product","3":"status-publish","5":"product_cat-6-12-yas-kitaplari","6":"product_cat-cocuk-ve-genclik-kitaplari","7":"pa_cilt-ciltsiz","8":"pa_tur-kitap","9":"pa_yayinevi-yapi-kredi-yayinlari","10":"pa_yazar-nilay-ozer","12":"first","13":"instock","14":"sale","15":"shipping-taxable","16":"purchasable","17":"product-type-simple"},"_links":{"self":[{"href":"https:\/\/roveyayinevi.com.tr\/index.php\/wp-json\/wp\/v2\/product\/708274","targetHints":{"allow":["GET"]}}],"collection":[{"href":"https:\/\/roveyayinevi.com.tr\/index.php\/wp-json\/wp\/v2\/product"}],"about":[{"href":"https:\/\/roveyayinevi.com.tr\/index.php\/wp-json\/wp\/v2\/types\/product"}],"wp:attachment":[{"href":"https:\/\/roveyayinevi.com.tr\/index.php\/wp-json\/wp\/v2\/media?parent=708274"}],"wp:term":[{"taxonomy":"product_brand","embeddable":true,"href":"https:\/\/roveyayinevi.com.tr\/index.php\/wp-json\/wp\/v2\/product_brand?post=708274"},{"taxonomy":"product_cat","embeddable":true,"href":"https:\/\/roveyayinevi.com.tr\/index.php\/wp-json\/wp\/v2\/product_cat?post=708274"},{"taxonomy":"product_tag","embeddable":true,"href":"https:\/\/roveyayinevi.com.tr\/index.php\/wp-json\/wp\/v2\/product_tag?post=708274"}],"curies":[{"name":"wp","href":"https:\/\/api.w.org\/{rel}","templated":true}]}}