{"id":708272,"date":"2025-08-27T16:13:33","date_gmt":"2025-08-27T13:13:33","guid":{"rendered":"https:\/\/roveyayinevi.com.tr\/index.php\/urun\/ugurbocegi-serisi-buyulu-adada-boyama-kitabi\/"},"modified":"2026-04-16T02:16:50","modified_gmt":"2026-04-15T23:16:50","slug":"ugurbocegi-serisi-buyulu-adada-boyama-kitabi","status":"publish","type":"product","link":"https:\/\/roveyayinevi.com.tr\/index.php\/urun\/ugurbocegi-serisi-buyulu-adada-boyama-kitabi\/","title":{"rendered":"U\u011furb\u00f6ce\u011fi Serisi &#8211; B\u00fcy\u00fcl\u00fc Ada&#8217;da (Boyama Kitab\u0131)"},"content":{"rendered":"<p>Salyangoz Tomurcuk ile U\u011furb\u00f6ce\u011fi Sevecen, p\u0131r\u0131l p\u0131r\u0131l ta\u015flar\u0131yla \u00fcnl\u00fc B\u00fcy\u00fcl\u00fc Ada\u2019y\u0131 bulabilecek mi? Boya kalemlerini al\u0131p onlara yard\u0131m etmeye ne dersin?<\/p>\n","protected":false},"excerpt":{"rendered":"<p>Salyangoz Tomurcuk ile U\u011furb\u00f6ce\u011fi Sevecen, p\u0131r\u0131l p\u0131r\u0131l ta\u015flar\u0131yla \u00fcnl\u00fc B\u00fcy\u00fcl\u00fc Ada\u2019y\u0131 bulabilecek mi? Boya kalemlerini al\u0131p onlara yard\u0131m etmeye ne dersin?<\/p>\n","protected":false},"featured_media":0,"template":"","meta":{"_monsterinsights_skip_tracking":false,"_monsterinsights_sitenote_active":false,"_monsterinsights_sitenote_note":"","_monsterinsights_sitenote_category":0},"product_brand":[],"product_cat":[12913,12274],"product_tag":[],"class_list":{"0":"post-708272","1":"product","2":"type-product","3":"status-publish","5":"product_cat-3-6-yas-kitaplari","6":"product_cat-cocuk-ve-genclik-kitaplari","7":"pa_cilt-ciltsiz","8":"pa_tur-kitap","9":"pa_yayinevi-yapi-kredi-yayinlari","10":"pa_yazar-erika-bartos","12":"first","13":"instock","14":"sale","15":"shipping-taxable","16":"purchasable","17":"product-type-simple"},"_links":{"self":[{"href":"https:\/\/roveyayinevi.com.tr\/index.php\/wp-json\/wp\/v2\/product\/708272","targetHints":{"allow":["GET"]}}],"collection":[{"href":"https:\/\/roveyayinevi.com.tr\/index.php\/wp-json\/wp\/v2\/product"}],"about":[{"href":"https:\/\/roveyayinevi.com.tr\/index.php\/wp-json\/wp\/v2\/types\/product"}],"wp:attachment":[{"href":"https:\/\/roveyayinevi.com.tr\/index.php\/wp-json\/wp\/v2\/media?parent=708272"}],"wp:term":[{"taxonomy":"product_brand","embeddable":true,"href":"https:\/\/roveyayinevi.com.tr\/index.php\/wp-json\/wp\/v2\/product_brand?post=708272"},{"taxonomy":"product_cat","embeddable":true,"href":"https:\/\/roveyayinevi.com.tr\/index.php\/wp-json\/wp\/v2\/product_cat?post=708272"},{"taxonomy":"product_tag","embeddable":true,"href":"https:\/\/roveyayinevi.com.tr\/index.php\/wp-json\/wp\/v2\/product_tag?post=708272"}],"curies":[{"name":"wp","href":"https:\/\/api.w.org\/{rel}","templated":true}]}}