{"id":708271,"date":"2025-08-27T16:13:32","date_gmt":"2025-08-27T13:13:32","guid":{"rendered":"https:\/\/roveyayinevi.com.tr\/index.php\/urun\/romanin-sultanlari-cilt3\/"},"modified":"2026-04-16T02:16:50","modified_gmt":"2026-04-15T23:16:50","slug":"romanin-sultanlari-cilt3","status":"publish","type":"product","link":"https:\/\/roveyayinevi.com.tr\/index.php\/urun\/romanin-sultanlari-cilt3\/","title":{"rendered":"Roma&#8217;n\u0131n Sultanlar\u0131 Cilt:3"},"content":{"rendered":"<p>1130 y\u0131l\u0131nda \u0130mparator II. \u0130oannes Komnenos\u2019un karde\u015fi \u0130saakios Komnenos, Konstantinopolis\u2019ten ka\u00e7\u0131p T\u00fcrklere s\u0131\u011f\u0131nm\u0131\u015ft\u0131. O\u011fluysa M\u00fcsl\u00fcmanl\u0131\u011f\u0131 benimsemi\u015f, Sultan I. Mesud\u2019un k\u0131z\u0131yla nik\u00e2hlan\u0131p Sel\u00e7uklu ve Komnenos ailelerini evlilik yoluyla birle\u015ftirmi\u015fti. B\u00f6ylece 12. y\u00fczy\u0131lda iki \u201cRoma \u0130mparatoru\u201d \u00e7\u0131km\u0131\u015ft\u0131 ortaya. \u0130kisi de Anadolu\u2019da h\u00fck\u00fcm s\u00fcrm\u00fc\u015ft\u00fc; birbirleriyle evlilik yoluyla akrabayd\u0131lar; biri imparator, di\u011feri sultand\u0131; biri H\u0131ristiyan, di\u011feri M\u00fcsl\u00fcmand\u0131; ikisi de kimi vakit birbiriyle sava\u015fm\u0131\u015f, kimi vakit ittifak etmi\u015fti; ikisi de Roma\u2019n\u0131n ad\u0131na (en az\u0131ndan miras\u0131na) sahip \u00e7\u0131km\u0131\u015ft\u0131. T\u00fcrkler 1453\u2019te Konstantinopolis\u2019i fethedinceye kadar bat\u0131ya do\u011fru bin k\u00fcsur y\u0131l s\u00fcren uzun bir y\u00fcr\u00fcy\u00fc\u015f yapm\u0131\u015flard\u0131r. Ancak Konstantinopolis\u2019i do\u011fudan de\u011fil, bat\u0131dan fethetmi\u015flerdir: Osmanl\u0131lar Ortado\u011fulu bir g\u00fcce d\u00f6n\u00fc\u015fmeden \u00f6nce Avrupal\u0131 bir g\u00fc\u00e7 haline gelmi\u015fler ve Avrupa\u2019daki bir g\u00fc\u00e7 taban\u0131ndan Avrupa anakaras\u0131n\u0131n y\u00fczde yirmisine varan bir k\u0131sm\u0131na h\u00fckmetmi\u015flerdir. T\u00fcrkler as\u0131l anayurtlar\u0131 Mo\u011folistan ve G\u00fcney Sibirya\u2019n\u0131n s\u0131n\u0131r b\u00f6lgelerinde yer alan Uzakdo\u011fulu bir halkt\u0131r. Do\u011fru. Ne var ki Romal\u0131lar da do\u011fudan (Troya\u2019dan) geldiklerini iddia etmi\u015flerdir. Osmanl\u0131lar bir Yak\u0131ndo\u011fu dininin buyruklar\u0131n\u0131 yerine getiriyorlard\u0131. Do\u011fru. Ama son kertede Romal\u0131lar da \u00f6yle&#8230; Avrupa\u2019daki Asya ve Bat\u0131\u2019n\u0131n \u015eekilleni\u015fi dizisinde \u201cAvrupa\u201d diye bir kavram\u0131n varl\u0131\u011f\u0131n\u0131 sorgulayan veya en az\u0131ndan baz\u0131 al\u0131\u015f\u0131lagelmi\u015f tan\u0131mlara meydan okuyan Warwick Ball, dizinin \u00fc\u00e7\u00fcnc\u00fc cildinde k\u00f6kenleri Uzakdo\u011fu\u2019da, Arabistan\u2019dan da Pers \u00dclkesi\u2019nden de daha \u00f6telerde yer alan, b\u0131rak\u0131n Avrupa\u2019y\u0131, \u00fc\u00e7 b\u00f6lge tarihinin birden par\u00e7as\u0131 h\u00e2line gelen bir halk\u0131 mercek alt\u0131na almaktad\u0131r: T\u00fcrkler.<\/p>\n","protected":false},"excerpt":{"rendered":"<p>1130 y\u0131l\u0131nda \u0130mparator II. \u0130oannes Komnenos\u2019un karde\u015fi \u0130saakios Komnenos, Konstantinopolis\u2019ten ka\u00e7\u0131p T\u00fcrklere s\u0131\u011f\u0131nm\u0131\u015ft\u0131. O\u011fluysa M\u00fcsl\u00fcmanl\u0131\u011f\u0131 benimsemi\u015f, Sultan I. Mesud\u2019un k\u0131z\u0131yla nik\u00e2hlan\u0131p Sel\u00e7uklu ve Komnenos ailelerini evlilik<span class=\"excerpt-hellip\"> [\u2026]<\/span><\/p>\n","protected":false},"featured_media":0,"template":"","meta":{"_monsterinsights_skip_tracking":false,"_monsterinsights_sitenote_active":false,"_monsterinsights_sitenote_note":"","_monsterinsights_sitenote_category":0},"product_brand":[],"product_cat":[12304,13650],"product_tag":[],"class_list":{"0":"post-708271","1":"product","2":"type-product","3":"status-publish","5":"product_cat-tarih","6":"product_cat-turk-tarihi-arastirmalari","7":"pa_cilt-ciltsiz","8":"pa_tur-kitap","9":"pa_yayinevi-ayrinti-yayinlari","10":"pa_yazar-warwick-ball","12":"first","13":"instock","14":"sale","15":"shipping-taxable","16":"purchasable","17":"product-type-simple"},"_links":{"self":[{"href":"https:\/\/roveyayinevi.com.tr\/index.php\/wp-json\/wp\/v2\/product\/708271","targetHints":{"allow":["GET"]}}],"collection":[{"href":"https:\/\/roveyayinevi.com.tr\/index.php\/wp-json\/wp\/v2\/product"}],"about":[{"href":"https:\/\/roveyayinevi.com.tr\/index.php\/wp-json\/wp\/v2\/types\/product"}],"wp:attachment":[{"href":"https:\/\/roveyayinevi.com.tr\/index.php\/wp-json\/wp\/v2\/media?parent=708271"}],"wp:term":[{"taxonomy":"product_brand","embeddable":true,"href":"https:\/\/roveyayinevi.com.tr\/index.php\/wp-json\/wp\/v2\/product_brand?post=708271"},{"taxonomy":"product_cat","embeddable":true,"href":"https:\/\/roveyayinevi.com.tr\/index.php\/wp-json\/wp\/v2\/product_cat?post=708271"},{"taxonomy":"product_tag","embeddable":true,"href":"https:\/\/roveyayinevi.com.tr\/index.php\/wp-json\/wp\/v2\/product_tag?post=708271"}],"curies":[{"name":"wp","href":"https:\/\/api.w.org\/{rel}","templated":true}]}}