{"id":708270,"date":"2025-08-27T16:13:32","date_gmt":"2025-08-27T13:13:32","guid":{"rendered":"https:\/\/roveyayinevi.com.tr\/index.php\/urun\/bizum-cihan-cihan-alptekin-kitabi\/"},"modified":"2026-04-16T02:16:50","modified_gmt":"2026-04-15T23:16:50","slug":"bizum-cihan-cihan-alptekin-kitabi","status":"publish","type":"product","link":"https:\/\/roveyayinevi.com.tr\/index.php\/urun\/bizum-cihan-cihan-alptekin-kitabi\/","title":{"rendered":"Bizum Cihan &#8211; Cihan Alptekin Kitab\u0131"},"content":{"rendered":"<p>Yak\u0131n Tarih Dizisi\u2019nde, ge\u00e7mi\u015ften bug\u00fcne iz b\u0131rakanlar\u0131n hik\u00e2yeleri aktar\u0131l\u0131rken ilk s\u0131rada akla gelen isimlerden biri Cihan Alptekin\u2019dir. Yaln\u0131zca K\u0131z\u0131ldere\u2019de katledilen on devrimciden biri olmas\u0131 de\u011fil bunun nedeni. O, b\u00fct\u00fcn hayat\u0131n\u0131 \u00f6zverili bir devrimci gibi ya\u015famas\u0131yla \u00e7evresini etkilemi\u015f biri. Dev-Gen\u00e7 \u0130stanbul B\u00f6lge Ba\u015fkanl\u0131\u011f\u0131 yapmas\u0131, hapse girmesi, cezaevinden t\u00fcnel kazarak ka\u00e7mas\u0131, Deniz Gezmi\u015f ve arkada\u015flar\u0131n\u0131n idam\u0131n\u0131 engellemek i\u00e7in kendi hayat\u0131n\u0131 ortaya koymas\u0131 ve sonunda \u00f6l\u00fcms\u00fczler aras\u0131na kar\u0131\u015fmas\u0131, o d\u00f6nemin f\u0131rt\u0131nal\u0131 gen\u00e7li\u011finin ruh halini ortaya koyan bir destan gibidir. Nefes al\u0131rken herkes ya\u015far, ama nefesi durduktan sonra da ya\u015famay\u0131 s\u00fcrd\u00fcrenlerden olan Cihan Alptekin\u2019in yani Bizum Cihan\u2019\u0131n umudu anlat\u0131l\u0131yor bu kitapta. \u201cBiz h\u00e2l\u00e2 dokuz karde\u015fiz\u201d diyen Cihan\u2019\u0131n ablas\u0131 Nuran Alptekin Kepenek, daha \u00f6nce kaleme ald\u0131\u011f\u0131 bir tarihi, y\u0131llar sonra \u0130ngiliz Gizli Servisi\u2019nin belgeleri dahil bir\u00e7ok belge ve yaz\u0131larla geni\u015fleterek yeniden g\u00f6zler \u00f6n\u00fcne seriyor. <\/p>\n","protected":false},"excerpt":{"rendered":"<p>Yak\u0131n Tarih Dizisi\u2019nde, ge\u00e7mi\u015ften bug\u00fcne iz b\u0131rakanlar\u0131n hik\u00e2yeleri aktar\u0131l\u0131rken ilk s\u0131rada akla gelen isimlerden biri Cihan Alptekin\u2019dir. Yaln\u0131zca K\u0131z\u0131ldere\u2019de katledilen on devrimciden biri olmas\u0131 de\u011fil bunun<span class=\"excerpt-hellip\"> [\u2026]<\/span><\/p>\n","protected":false},"featured_media":0,"template":"","meta":{"_monsterinsights_skip_tracking":false,"_monsterinsights_sitenote_active":false,"_monsterinsights_sitenote_note":"","_monsterinsights_sitenote_category":0},"product_brand":[],"product_cat":[12304,14128],"product_tag":[],"class_list":{"0":"post-708270","1":"product","2":"type-product","3":"status-publish","5":"product_cat-tarih","6":"product_cat-yakin-tarih","7":"pa_cilt-ciltsiz","8":"pa_tur-kitap","9":"pa_yayinevi-ayrinti-yayinlari","10":"pa_yazar-nuran-alptekin-kepenek","12":"first","13":"instock","14":"sale","15":"shipping-taxable","16":"purchasable","17":"product-type-simple"},"_links":{"self":[{"href":"https:\/\/roveyayinevi.com.tr\/index.php\/wp-json\/wp\/v2\/product\/708270","targetHints":{"allow":["GET"]}}],"collection":[{"href":"https:\/\/roveyayinevi.com.tr\/index.php\/wp-json\/wp\/v2\/product"}],"about":[{"href":"https:\/\/roveyayinevi.com.tr\/index.php\/wp-json\/wp\/v2\/types\/product"}],"wp:attachment":[{"href":"https:\/\/roveyayinevi.com.tr\/index.php\/wp-json\/wp\/v2\/media?parent=708270"}],"wp:term":[{"taxonomy":"product_brand","embeddable":true,"href":"https:\/\/roveyayinevi.com.tr\/index.php\/wp-json\/wp\/v2\/product_brand?post=708270"},{"taxonomy":"product_cat","embeddable":true,"href":"https:\/\/roveyayinevi.com.tr\/index.php\/wp-json\/wp\/v2\/product_cat?post=708270"},{"taxonomy":"product_tag","embeddable":true,"href":"https:\/\/roveyayinevi.com.tr\/index.php\/wp-json\/wp\/v2\/product_tag?post=708270"}],"curies":[{"name":"wp","href":"https:\/\/api.w.org\/{rel}","templated":true}]}}