{"id":708268,"date":"2025-08-27T16:13:31","date_gmt":"2025-08-27T13:13:31","guid":{"rendered":"https:\/\/roveyayinevi.com.tr\/index.php\/urun\/isciligi-ogrenmek\/"},"modified":"2026-04-16T02:16:50","modified_gmt":"2026-04-15T23:16:50","slug":"isciligi-ogrenmek","status":"publish","type":"product","link":"https:\/\/roveyayinevi.com.tr\/index.php\/urun\/isciligi-ogrenmek\/","title":{"rendered":"\u0130\u015f\u00e7ili\u011fi \u00d6\u011frenmek"},"content":{"rendered":"<p>\u0130\u015f\u00e7i s\u0131n\u0131f\u0131 k\u00fclt\u00fcr\u00fc \u00fczerine \u201cklasik\u201d bir eser vasf\u0131n\u0131 \u00e7oktan hak etmi\u015f ve \u00f6zellikle e\u011fitim \u00e7al\u0131\u015fmalar\u0131nda say\u0131s\u0131z tart\u0131\u015fmay\u0131 tetiklemi\u015f bu kitapta Paul Willis, i\u015f\u00e7i s\u0131n\u0131f\u0131na mensup bir gen\u00e7 grubunun okul hayat\u0131n\u0131n son iki senesini ve bu gen\u00e7lerin [kitaptaki adland\u0131r\u0131l\u0131\u015flar\u0131yla hergelelerin] i\u015f hayat\u0131na ge\u00e7i\u015flerini zengin bir etnografi \u00fczerinden takip ediyor. Liberal e\u011fitim anlay\u0131\u015f\u0131n\u0131n ama\u00e7lar\u0131n\u0131n ger\u00e7ekle\u015fmesini engelleyen \u015feyin, bizzat hergelelerin kar\u015f\u0131 k\u00fclt\u00fcr\u00fcnde yatt\u0131\u011f\u0131 iddias\u0131 kitab\u0131n temel arg\u00fcmanlar\u0131ndan biri olarak \u00e7\u0131k\u0131yor kar\u015f\u0131m\u0131za. Bu k\u00fclt\u00fcr\u00fcn kendisine \u00f6zel bir nitelik ve anlam veren ise, okula muhalefet ile i\u015f\u00e7i s\u0131n\u0131f\u0131 ba\u011flam\u0131n\u0131n can al\u0131c\u0131 bir \u015fekilde bir araya gelmi\u015f olmas\u0131.Ancak bu muhalif k\u00fclt\u00fcr, diyor Paul Willis, baz\u0131 paradokslar da i\u00e7ermekte; e\u011fitimin formel ama\u00e7lar\u0131n\u0131n bar\u0131nd\u0131rd\u0131\u011f\u0131 \u00e7eli\u015fkileri bir yandan if\u015fa etmekte, ama di\u011fer yandan \u00fccretli eme\u011fin mevcut ko\u015fullar\u0131n\u0131 da yeniden \u00fcretmekte.\u0130\u00e7ine do\u011fdu\u011fu ve tek bildi\u011fi i\u015f\u00e7i s\u0131n\u0131f\u0131 deneyimini b\u00f6ylece okula ta\u015f\u0131yan hergele, okula meydan okumakla kalm\u0131yor sadece, paradoksal bi\u00e7imde, okulla kurdu\u011fu bu muhalif ili\u015fki \u00fczerinden, tam da her \u015feyin onu y\u00f6nlendirdi\u011fi \u015fekilde, fabrikaya ve onun k\u00fclt\u00fcr\u00fcne d\u00f6n\u00fc\u015f\u00fcn\u00fcn de yollar\u0131n\u0131 a\u00e7\u0131yor kendisine. <\/p>\n","protected":false},"excerpt":{"rendered":"<p>\u0130\u015f\u00e7i s\u0131n\u0131f\u0131 k\u00fclt\u00fcr\u00fc \u00fczerine \u201cklasik\u201d bir eser vasf\u0131n\u0131 \u00e7oktan hak etmi\u015f ve \u00f6zellikle e\u011fitim \u00e7al\u0131\u015fmalar\u0131nda say\u0131s\u0131z tart\u0131\u015fmay\u0131 tetiklemi\u015f bu kitapta Paul Willis, i\u015f\u00e7i s\u0131n\u0131f\u0131na mensup bir<span class=\"excerpt-hellip\"> [\u2026]<\/span><\/p>\n","protected":false},"featured_media":0,"template":"","meta":{"_monsterinsights_skip_tracking":false,"_monsterinsights_sitenote_active":false,"_monsterinsights_sitenote_note":"","_monsterinsights_sitenote_category":0},"product_brand":[],"product_cat":[12835,12324],"product_tag":[],"class_list":{"0":"post-708268","1":"product","2":"type-product","3":"status-publish","5":"product_cat-genel-sosyoloji","6":"product_cat-sosyoloji","7":"pa_cilt-ciltsiz","8":"pa_tur-kitap","9":"pa_yayinevi-heretik-yayincilik","10":"pa_yazar-paul-willis","12":"first","13":"instock","14":"sale","15":"shipping-taxable","16":"purchasable","17":"product-type-simple"},"_links":{"self":[{"href":"https:\/\/roveyayinevi.com.tr\/index.php\/wp-json\/wp\/v2\/product\/708268","targetHints":{"allow":["GET"]}}],"collection":[{"href":"https:\/\/roveyayinevi.com.tr\/index.php\/wp-json\/wp\/v2\/product"}],"about":[{"href":"https:\/\/roveyayinevi.com.tr\/index.php\/wp-json\/wp\/v2\/types\/product"}],"wp:attachment":[{"href":"https:\/\/roveyayinevi.com.tr\/index.php\/wp-json\/wp\/v2\/media?parent=708268"}],"wp:term":[{"taxonomy":"product_brand","embeddable":true,"href":"https:\/\/roveyayinevi.com.tr\/index.php\/wp-json\/wp\/v2\/product_brand?post=708268"},{"taxonomy":"product_cat","embeddable":true,"href":"https:\/\/roveyayinevi.com.tr\/index.php\/wp-json\/wp\/v2\/product_cat?post=708268"},{"taxonomy":"product_tag","embeddable":true,"href":"https:\/\/roveyayinevi.com.tr\/index.php\/wp-json\/wp\/v2\/product_tag?post=708268"}],"curies":[{"name":"wp","href":"https:\/\/api.w.org\/{rel}","templated":true}]}}