{"id":708267,"date":"2025-08-27T16:13:31","date_gmt":"2025-08-27T13:13:31","guid":{"rendered":"https:\/\/roveyayinevi.com.tr\/index.php\/urun\/yabanci-bir-iliski-bicimi-olarak-otekilik\/"},"modified":"2026-04-16T02:16:50","modified_gmt":"2026-04-15T23:16:50","slug":"yabanci-bir-iliski-bicimi-olarak-otekilik","status":"publish","type":"product","link":"https:\/\/roveyayinevi.com.tr\/index.php\/urun\/yabanci-bir-iliski-bicimi-olarak-otekilik\/","title":{"rendered":"Yabanc\u0131 &#8211; Bir \u0130li\u015fki Bi\u00e7imi Olarak \u00d6tekilik"},"content":{"rendered":"<p>\u00d6teki, ka\u00e7\u0131n\u0131lmaz olarak \u00e7o\u011fuldur; farkl\u0131 s\u0131fatlarla, farkl\u0131 ko\u015fullarda ve farkl\u0131 ili\u015fkiselliklerde in\u015fa edilendir. Ancak burada analizi sadece \u00f6tekiye ve onun ay\u0131rt edici oldu\u011fu varsay\u0131lan birtak\u0131m hususiyetlerine sabitlemek, \u201cverili\u201d oldu\u011fu d\u00fc\u015f\u00fcn\u00fclenin \u00e7\u0131kmaz soka\u011f\u0131nda sosyal bilimi t\u00f6zlere teslim etmektir. \u00d6rne\u011fin, bir \u201cetnik\u201d grubu etnik grup yapan, onun sabit ve ay\u0131rt edici k\u00fclt\u00fcrel \u00f6r\u00fcnt\u00fcleri veya dili de\u011fildir; aksine, siyasal, ekonomik ve k\u00fclt\u00fcrel ve\u00e7heleri \u00fczerinden bir tahakk\u00fcm bi\u00e7imini de i\u00e7inde bar\u0131nd\u0131ran bir ili\u015fkiler b\u00fct\u00fcn\u00fcnde yuvalanm\u0131\u015f bak\u0131\u015f a\u00e7\u0131s\u0131d\u0131r. Ancak burada her \u015fey \u00e7ift tarafl\u0131 i\u015fler. Ayn\u0131 ili\u015fki i\u00e7erisinde \u201cyerli\u201dyi kuran da yabanc\u0131d\u0131r. Yabanc\u0131, bu itibarla, bir grubun nazar\u0131nda d\u0131\u015far\u0131da olan ancak bizatihi varl\u0131\u011f\u0131yla ve grupla ili\u015fkisiyle grubu yap\u0131land\u0131rand\u0131r; yani asl\u0131nda i\u00e7eride de oland\u0131r. Elinizdeki derleme, bu \u00e7ift tarafl\u0131 dinami\u011fin kendisini analizinin merkezine koymu\u015f ve Simmel ve Sch\u00fctz\u2019den Park ve Hughes\u2019e, oradan da Garfinkel\u2019e kadar uzanan fikri s\u00fcreklilikte fevkalade zengin ve \u00e7arp\u0131c\u0131 \u00e7al\u0131\u015fmalar \u00fcretebilmi\u015f bir ara\u015ft\u0131rma prati\u011finin, T\u00fcrk\u00e7eye ilk kez kazand\u0131r\u0131lan baz\u0131 klasik metinlerinden olu\u015fmaktad\u0131r. Elbette bu derleme de her derleme gibi ister istemez \u00f6znel, k\u0131smi ve eksiktir; ancak buna ra\u011fmen e\u011fer tek bir katk\u0131s\u0131 olacaksa o da, h\u00e2lihaz\u0131rda \u015feyle\u015ftirilmi\u015f kategorileri \u201caramay\u0131\u201d sosyal bilim sanan ve toplumsal\u0131 teorisist kal\u0131plara d\u00f6kt\u00fck\u00e7e i\u00e7 huzura eren bir tedrisi vasatl\u0131\u011fa kar\u015f\u0131, k\u0131r\u0131k olana-sapk\u0131na-sapana \u00f6zel bir \u00f6nem g\u00f6stermeyi ve g\u00fcndelik ya\u015fam\u0131n s\u0131radan g\u00f6z\u00fcken ancak devasa bir toplumsal tazyikin izlerini ta\u015f\u0131yan nesnelerini ili\u015fkilerinde kavramay\u0131 \u015fiar edinmi\u015f bir sosyal bilim prati\u011fine yapt\u0131\u011f\u0131 \u0131srarl\u0131 vurgudur. <\/p>\n","protected":false},"excerpt":{"rendered":"<p>\u00d6teki, ka\u00e7\u0131n\u0131lmaz olarak \u00e7o\u011fuldur; farkl\u0131 s\u0131fatlarla, farkl\u0131 ko\u015fullarda ve farkl\u0131 ili\u015fkiselliklerde in\u015fa edilendir. Ancak burada analizi sadece \u00f6tekiye ve onun ay\u0131rt edici oldu\u011fu varsay\u0131lan birtak\u0131m hususiyetlerine<span class=\"excerpt-hellip\"> [\u2026]<\/span><\/p>\n","protected":false},"featured_media":0,"template":"","meta":{"_monsterinsights_skip_tracking":false,"_monsterinsights_sitenote_active":false,"_monsterinsights_sitenote_note":"","_monsterinsights_sitenote_category":0},"product_brand":[],"product_cat":[12835,12324],"product_tag":[],"class_list":{"0":"post-708267","1":"product","2":"type-product","3":"status-publish","5":"product_cat-genel-sosyoloji","6":"product_cat-sosyoloji","7":"pa_cilt-ciltsiz","8":"pa_tur-kitap","9":"pa_yayinevi-heretik-yayincilik","10":"pa_yazar-du-bois","12":"first","13":"instock","14":"sale","15":"shipping-taxable","16":"purchasable","17":"product-type-simple"},"_links":{"self":[{"href":"https:\/\/roveyayinevi.com.tr\/index.php\/wp-json\/wp\/v2\/product\/708267","targetHints":{"allow":["GET"]}}],"collection":[{"href":"https:\/\/roveyayinevi.com.tr\/index.php\/wp-json\/wp\/v2\/product"}],"about":[{"href":"https:\/\/roveyayinevi.com.tr\/index.php\/wp-json\/wp\/v2\/types\/product"}],"wp:attachment":[{"href":"https:\/\/roveyayinevi.com.tr\/index.php\/wp-json\/wp\/v2\/media?parent=708267"}],"wp:term":[{"taxonomy":"product_brand","embeddable":true,"href":"https:\/\/roveyayinevi.com.tr\/index.php\/wp-json\/wp\/v2\/product_brand?post=708267"},{"taxonomy":"product_cat","embeddable":true,"href":"https:\/\/roveyayinevi.com.tr\/index.php\/wp-json\/wp\/v2\/product_cat?post=708267"},{"taxonomy":"product_tag","embeddable":true,"href":"https:\/\/roveyayinevi.com.tr\/index.php\/wp-json\/wp\/v2\/product_tag?post=708267"}],"curies":[{"name":"wp","href":"https:\/\/api.w.org\/{rel}","templated":true}]}}