{"id":708265,"date":"2025-08-27T16:13:30","date_gmt":"2025-08-27T13:13:30","guid":{"rendered":"https:\/\/roveyayinevi.com.tr\/index.php\/urun\/ronesansin-seruveni\/"},"modified":"2026-04-16T02:16:50","modified_gmt":"2026-04-15T23:16:50","slug":"ronesansin-seruveni","status":"publish","type":"product","link":"https:\/\/roveyayinevi.com.tr\/index.php\/urun\/ronesansin-seruveni\/","title":{"rendered":"R\u00f6nesans\u0131n Ser\u00fcveni"},"content":{"rendered":"<p>R\u00f6nesans sahneyi bireycili\u011fin ald\u0131\u011f\u0131, sanatta g\u00fczellik duygusunun \u015fa\u015f\u0131rt\u0131c\u0131 ve eksiksiz bir co\u015fkuyla uyand\u0131\u011f\u0131 bir d\u00f6nem ya da K\u0131ta Avrupas\u0131\u2019n\u0131n akl\u0131n egemenli\u011fine girdi\u011fi ve kendisinden sonraki ak\u0131mlara bir anlamda \u00f6nc\u00fcl\u00fck eden akademik bir terim ve \u00fcslup tan\u0131m\u0131ndan m\u0131 ibarettir?XV. y\u00fczy\u0131lda \u0130talya\u2019da \u0131\u015f\u0131maya ba\u015flay\u0131p, kar\u015f\u0131l\u0131\u011f\u0131n\u0131 XVI. y\u00fczy\u0131lda tam anlam\u0131yla Fransa\u2019da bulan bu k\u00fclt\u00fcrel kavram, say\u0131s\u0131z kaynak \u00e7at\u0131s\u0131 alt\u0131nda incelenmi\u015f, irdelenmi\u015f, ara\u015ft\u0131r\u0131lm\u0131\u015ft\u0131r. Fakat bu yeniden uyan\u0131\u015f ve silkini\u015fin ger\u00e7ekte ne oldu\u011fu sorusu, onu g\u00f6steren terimin geli\u015fiminden ve \u00f6nc\u00fcllerinden ayr\u0131 tutularak hata edilir.R\u00f6nesans\u2019\u0131n Ser\u00fcveni se\u00e7kisi sanat a\u011f\u0131rl\u0131kl\u0131 olmak \u00fczere Panofsky, Huizinga, Vasari, W\u00f6lfflin gibi sanat tarihinde yer etmi\u015f ara\u015ft\u0131rmac\u0131lar\u0131n kaleme ald\u0131\u011f\u0131 makalelerin yan\u0131 s\u0131ra Machiavelli, da Vinci, Cavalieri, Kepler gibi d\u00fc\u015f\u00fcn ve bilim insanlar\u0131n\u0131n yaz\u0131\u015fmalar\u0131 ve notlar\u0131yla bu erguvan rengi-alt\u0131n tonlar\u0131nda, ho\u015f bir ayd\u0131nl\u0131\u011f\u0131n alt\u0131nda g\u00fcr seslerin \u00e7\u0131nlad\u0131\u011f\u0131 \u015fenlik d\u00fcnyas\u0131n\u0131 ger\u00e7ek ayd\u0131nl\u0131\u011fa kavu\u015fturuyor. Bitimsiz bir canl\u0131l\u0131k kazanan ve akl\u0131n egemen duvarlar\u0131n\u0131 sars\u0131lmazca \u00f6ren Avrupa\u2019n\u0131n yan\u0131 s\u0131ra Ortodoks ve M\u00fcsl\u00fcman d\u00fcnyas\u0131n\u0131n da XVI. y\u00fczy\u0131l\u0131na \u0131\u015f\u0131k tutuyor. R\u00f6nesans\u2019\u0131n Ser\u00fcveni, se\u00e7kin \u00e7evirmenlerin T\u00fcrk\u00e7eye kazand\u0131rd\u0131\u011f\u0131 metinlerle dolamba\u00e7l\u0131 sorular\u0131n beylik yan\u0131tlar\u0131n\u0131 unutturacak bir kaynak-kitap niteli\u011fi ta\u015f\u0131yor. <\/p>\n","protected":false},"excerpt":{"rendered":"<p>R\u00f6nesans sahneyi bireycili\u011fin ald\u0131\u011f\u0131, sanatta g\u00fczellik duygusunun \u015fa\u015f\u0131rt\u0131c\u0131 ve eksiksiz bir co\u015fkuyla uyand\u0131\u011f\u0131 bir d\u00f6nem ya da K\u0131ta Avrupas\u0131\u2019n\u0131n akl\u0131n egemenli\u011fine girdi\u011fi ve kendisinden sonraki ak\u0131mlara<span class=\"excerpt-hellip\"> [\u2026]<\/span><\/p>\n","protected":false},"featured_media":0,"template":"","meta":{"_monsterinsights_skip_tracking":false,"_monsterinsights_sitenote_active":false,"_monsterinsights_sitenote_note":"","_monsterinsights_sitenote_category":0},"product_brand":[],"product_cat":[12408],"product_tag":[],"class_list":{"0":"post-708265","1":"product","2":"type-product","3":"status-publish","5":"product_cat-sanat","6":"pa_cilt-ciltsiz","7":"pa_tur-kitap","8":"pa_yayinevi-sel-yayincilik","9":"pa_yazar-enis-batur","11":"first","12":"instock","13":"sale","14":"shipping-taxable","15":"purchasable","16":"product-type-simple"},"_links":{"self":[{"href":"https:\/\/roveyayinevi.com.tr\/index.php\/wp-json\/wp\/v2\/product\/708265","targetHints":{"allow":["GET"]}}],"collection":[{"href":"https:\/\/roveyayinevi.com.tr\/index.php\/wp-json\/wp\/v2\/product"}],"about":[{"href":"https:\/\/roveyayinevi.com.tr\/index.php\/wp-json\/wp\/v2\/types\/product"}],"wp:attachment":[{"href":"https:\/\/roveyayinevi.com.tr\/index.php\/wp-json\/wp\/v2\/media?parent=708265"}],"wp:term":[{"taxonomy":"product_brand","embeddable":true,"href":"https:\/\/roveyayinevi.com.tr\/index.php\/wp-json\/wp\/v2\/product_brand?post=708265"},{"taxonomy":"product_cat","embeddable":true,"href":"https:\/\/roveyayinevi.com.tr\/index.php\/wp-json\/wp\/v2\/product_cat?post=708265"},{"taxonomy":"product_tag","embeddable":true,"href":"https:\/\/roveyayinevi.com.tr\/index.php\/wp-json\/wp\/v2\/product_tag?post=708265"}],"curies":[{"name":"wp","href":"https:\/\/api.w.org\/{rel}","templated":true}]}}