{"id":708264,"date":"2025-08-27T16:13:30","date_gmt":"2025-08-27T13:13:30","guid":{"rendered":"https:\/\/roveyayinevi.com.tr\/index.php\/urun\/kadinlarin-ozgurlesmesi\/"},"modified":"2026-04-16T02:16:50","modified_gmt":"2026-04-15T23:16:50","slug":"kadinlarin-ozgurlesmesi","status":"publish","type":"product","link":"https:\/\/roveyayinevi.com.tr\/index.php\/urun\/kadinlarin-ozgurlesmesi\/","title":{"rendered":"Kad\u0131nlar\u0131n \u00d6zg\u00fcrle\u015fmesi"},"content":{"rendered":"<p>&#8220;\u0130ki cinsiyet aras\u0131ndaki mevcut toplumsal ili\u015fkileri d\u00fczenleyen ilke -yani bir cinsiyetin di\u011ferine hukuki itaati- yanl\u0131\u015ft\u0131r ve g\u00fcn\u00fcm\u00fczde be\u015feri geli\u015fimin \u00f6n\u00fcndeki ba\u015fl\u0131ca engellerden biridir; ve bu durum, m\u00fckemmel e\u015fitlik ilkesi ile de\u011fi\u015ftirilmelidir.\u2019\u2019 19. y\u00fczy\u0131l\u0131n en etkili \u0130ngiliz d\u00fc\u015f\u00fcn\u00fcrlerinin ba\u015f\u0131nda gelen John Stuart Mill, bu eserinde toplumsal hayat\u0131n temelini olu\u015fturan cinsiyetler aras\u0131 ili\u015fkilerin g\u00f6r\u00fcnenin \u00f6tesindeki sat\u0131r aralar\u0131n\u0131 detayl\u0131 analizlerle okuyucuya aktar\u0131yor. Mill, deneycilik ve faydac\u0131l\u0131k ekseninde ortaya koydu\u011fu \u00e7\u0131kar\u0131mlar\u0131yla etkileri g\u00fcn\u00fcm\u00fcze kadar ula\u015fan cinsiyetler aras\u0131 iktidar ili\u015fkilerine psikolojik, sosyolojik ve sosyoekonomik a\u00e7\u0131dan \u0131\u015f\u0131k tutuyor. Kad\u0131n haklar\u0131 hareketlerinin olu\u015fumuna 1869 gibi erken bir tarihten ilham veren bu eser, bu konuda yaz\u0131lan ilk metinlerden olma \u00f6zelli\u011fini de ta\u015f\u0131r. <\/p>\n","protected":false},"excerpt":{"rendered":"<p>&#8220;\u0130ki cinsiyet aras\u0131ndaki mevcut toplumsal ili\u015fkileri d\u00fczenleyen ilke -yani bir cinsiyetin di\u011ferine hukuki itaati- yanl\u0131\u015ft\u0131r ve g\u00fcn\u00fcm\u00fczde be\u015feri geli\u015fimin \u00f6n\u00fcndeki ba\u015fl\u0131ca engellerden biridir; ve bu durum,<span class=\"excerpt-hellip\"> [\u2026]<\/span><\/p>\n","protected":false},"featured_media":0,"template":"","meta":{"_monsterinsights_skip_tracking":false,"_monsterinsights_sitenote_active":false,"_monsterinsights_sitenote_note":"","_monsterinsights_sitenote_category":0},"product_brand":[],"product_cat":[15499,13488],"product_tag":[],"class_list":{"0":"post-708264","1":"product","2":"type-product","3":"status-publish","5":"product_cat-antropoloji","6":"product_cat-toplum-ve-insan","7":"pa_cilt-ciltsiz","8":"pa_tur-kitap","9":"pa_yayinevi-pinhan-yayincilik","10":"pa_yazar-john-stuart-mill","12":"first","13":"instock","14":"sale","15":"shipping-taxable","16":"purchasable","17":"product-type-simple"},"_links":{"self":[{"href":"https:\/\/roveyayinevi.com.tr\/index.php\/wp-json\/wp\/v2\/product\/708264","targetHints":{"allow":["GET"]}}],"collection":[{"href":"https:\/\/roveyayinevi.com.tr\/index.php\/wp-json\/wp\/v2\/product"}],"about":[{"href":"https:\/\/roveyayinevi.com.tr\/index.php\/wp-json\/wp\/v2\/types\/product"}],"wp:attachment":[{"href":"https:\/\/roveyayinevi.com.tr\/index.php\/wp-json\/wp\/v2\/media?parent=708264"}],"wp:term":[{"taxonomy":"product_brand","embeddable":true,"href":"https:\/\/roveyayinevi.com.tr\/index.php\/wp-json\/wp\/v2\/product_brand?post=708264"},{"taxonomy":"product_cat","embeddable":true,"href":"https:\/\/roveyayinevi.com.tr\/index.php\/wp-json\/wp\/v2\/product_cat?post=708264"},{"taxonomy":"product_tag","embeddable":true,"href":"https:\/\/roveyayinevi.com.tr\/index.php\/wp-json\/wp\/v2\/product_tag?post=708264"}],"curies":[{"name":"wp","href":"https:\/\/api.w.org\/{rel}","templated":true}]}}