{"id":708263,"date":"2025-08-27T16:13:29","date_gmt":"2025-08-27T13:13:29","guid":{"rendered":"https:\/\/roveyayinevi.com.tr\/index.php\/urun\/demokrasinin-donusumu\/"},"modified":"2026-04-16T02:16:50","modified_gmt":"2026-04-15T23:16:50","slug":"demokrasinin-donusumu","status":"publish","type":"product","link":"https:\/\/roveyayinevi.com.tr\/index.php\/urun\/demokrasinin-donusumu\/","title":{"rendered":"Demokrasinin D\u00f6n\u00fc\u015f\u00fcm\u00fc"},"content":{"rendered":"<p>Kendini sosyal bilimlerin Einstein\u2019\u0131 olarak g\u00f6ren ve g\u00f6relilik kavray\u0131\u015f\u0131n\u0131 sosyal bilimlere uyarlam\u0131\u015f olan Pareto\u2019nun bu son ve bir\u00e7ok bak\u0131mdan en etkileyici k\u0131sa \u00e7al\u0131\u015fmas\u0131, demokratik d\u00fczenin d\u00f6n\u00fc\u015febilece\u011fi tehlikeli hallere kar\u015f\u0131 dikkat \u00e7eken uyar\u0131lar i\u00e7eriyor.Pareto\u2019nun kapsaml\u0131 bir karma\u015f\u0131k sosyal fenomenler teorisi ortaya koydu\u011fu bu eser, onun di\u011fer \u00e7al\u0131\u015fmalar\u0131 i\u00e7in de okuyucuya belli bir perspektif sunuyor. <\/p>\n","protected":false},"excerpt":{"rendered":"<p>Kendini sosyal bilimlerin Einstein\u2019\u0131 olarak g\u00f6ren ve g\u00f6relilik kavray\u0131\u015f\u0131n\u0131 sosyal bilimlere uyarlam\u0131\u015f olan Pareto\u2019nun bu son ve bir\u00e7ok bak\u0131mdan en etkileyici k\u0131sa \u00e7al\u0131\u015fmas\u0131, demokratik d\u00fczenin d\u00f6n\u00fc\u015febilece\u011fi<span class=\"excerpt-hellip\"> [\u2026]<\/span><\/p>\n","protected":false},"featured_media":0,"template":"","meta":{"_monsterinsights_skip_tracking":false,"_monsterinsights_sitenote_active":false,"_monsterinsights_sitenote_note":"","_monsterinsights_sitenote_category":0},"product_brand":[],"product_cat":[12965,12337],"product_tag":[],"class_list":{"0":"post-708263","1":"product","2":"type-product","3":"status-publish","5":"product_cat-genel-politika","6":"product_cat-politika-siyaset","7":"pa_cilt-ciltsiz","8":"pa_tur-kitap","9":"pa_yayinevi-pinhan-yayincilik","10":"pa_yazar-vilfredo-pareto","12":"first","13":"instock","14":"sale","15":"shipping-taxable","16":"purchasable","17":"product-type-simple"},"_links":{"self":[{"href":"https:\/\/roveyayinevi.com.tr\/index.php\/wp-json\/wp\/v2\/product\/708263","targetHints":{"allow":["GET"]}}],"collection":[{"href":"https:\/\/roveyayinevi.com.tr\/index.php\/wp-json\/wp\/v2\/product"}],"about":[{"href":"https:\/\/roveyayinevi.com.tr\/index.php\/wp-json\/wp\/v2\/types\/product"}],"wp:attachment":[{"href":"https:\/\/roveyayinevi.com.tr\/index.php\/wp-json\/wp\/v2\/media?parent=708263"}],"wp:term":[{"taxonomy":"product_brand","embeddable":true,"href":"https:\/\/roveyayinevi.com.tr\/index.php\/wp-json\/wp\/v2\/product_brand?post=708263"},{"taxonomy":"product_cat","embeddable":true,"href":"https:\/\/roveyayinevi.com.tr\/index.php\/wp-json\/wp\/v2\/product_cat?post=708263"},{"taxonomy":"product_tag","embeddable":true,"href":"https:\/\/roveyayinevi.com.tr\/index.php\/wp-json\/wp\/v2\/product_tag?post=708263"}],"curies":[{"name":"wp","href":"https:\/\/api.w.org\/{rel}","templated":true}]}}