{"id":708262,"date":"2025-08-27T16:13:29","date_gmt":"2025-08-27T13:13:29","guid":{"rendered":"https:\/\/roveyayinevi.com.tr\/index.php\/urun\/egitimde-olcme-ve-degerlendirme\/"},"modified":"2026-04-16T02:16:50","modified_gmt":"2026-04-15T23:16:50","slug":"egitimde-olcme-ve-degerlendirme","status":"publish","type":"product","link":"https:\/\/roveyayinevi.com.tr\/index.php\/urun\/egitimde-olcme-ve-degerlendirme\/","title":{"rendered":"E\u011fitimde \u00d6l\u00e7me ve De\u011ferlendirme"},"content":{"rendered":"<p>Bu kitap, e\u011fitimde \u00f6l\u00e7me ve de\u011ferlendirmeyi kullanan ya da kullanacak olan; \u00f6\u011fretmenler ve \u00f6\u011fretmen adaylar\u0131n\u0131n gereksinimlerini kar\u015f\u0131lamaya y\u00f6nelik olarak haz\u0131rlanm\u0131\u015ft\u0131r. Kitab\u0131n her bir b\u00f6l\u00fcm\u00fcnde ele al\u0131nan konular i\u00e7in olabildi\u011fince \u00f6rnek verilmi\u015f ve uygulamalar yap\u0131lm\u0131\u015ft\u0131r. Ayr\u0131ca her b\u00f6l\u00fcm\u00fcn sonuna konular\u0131 kapsay\u0131c\u0131 bir \u00f6zet ve yine konular\u0131 kapsay\u0131c\u0131 bir test yer almaktad\u0131r. Bu kitab\u0131n ortaya \u00e7\u0131kmas\u0131nda edit\u00f6r ve b\u00f6l\u00fcm yazarlar\u0131n\u0131n d\u0131\u015f\u0131nda da bir \u00e7ok ki\u015finin katk\u0131lar\u0131 bulunmaktad\u0131r.Kitab\u0131n ortaya \u00e7\u0131kmas\u0131nda emekleri, sevgileri ve bilgileri ile katk\u0131 sa\u011flayan herkese, \u00f6\u011fretmenlerimize, deste\u011fini, bilgisini esirgemeyen yeni ufuklar a\u00e7an sayg\u0131de\u011fer hocalar\u0131m\u0131za te\u015fekk\u00fcrlerimizi sunar\u0131z. Kitapla ilgili ele\u015ftiri ve \u00f6nerilerin kitab\u0131n geli\u015ftirilmesinde yararl\u0131 olaca\u011f\u0131na inanmakta, bu ba\u011flamda; her kesimden, her t\u00fcrl\u00fc ele\u015ftirive \u00f6nerileri beklemekteyiz. Bu kitab\u0131n e\u011fitime g\u00f6n\u00fcl vermi\u015f herkese yararl\u0131 olmas\u0131n\u0131 dileriz. <\/p>\n","protected":false},"excerpt":{"rendered":"<p>Bu kitap, e\u011fitimde \u00f6l\u00e7me ve de\u011ferlendirmeyi kullanan ya da kullanacak olan; \u00f6\u011fretmenler ve \u00f6\u011fretmen adaylar\u0131n\u0131n gereksinimlerini kar\u015f\u0131lamaya y\u00f6nelik olarak haz\u0131rlanm\u0131\u015ft\u0131r. Kitab\u0131n her bir b\u00f6l\u00fcm\u00fcnde ele al\u0131nan<span class=\"excerpt-hellip\"> [\u2026]<\/span><\/p>\n","protected":false},"featured_media":0,"template":"","meta":{"_monsterinsights_skip_tracking":false,"_monsterinsights_sitenote_active":false,"_monsterinsights_sitenote_note":"","_monsterinsights_sitenote_category":0},"product_brand":[],"product_cat":[12573,12566],"product_tag":[],"class_list":{"0":"post-708262","1":"product","2":"type-product","3":"status-publish","5":"product_cat-akademik-kitaplar","6":"product_cat-egitim","7":"pa_cilt-ciltsiz","8":"pa_tur-kitap","9":"pa_yayinevi-ani-yayincilik","10":"pa_yazar-hakan-atilgan","12":"first","13":"instock","14":"sale","15":"shipping-taxable","16":"purchasable","17":"product-type-simple"},"_links":{"self":[{"href":"https:\/\/roveyayinevi.com.tr\/index.php\/wp-json\/wp\/v2\/product\/708262","targetHints":{"allow":["GET"]}}],"collection":[{"href":"https:\/\/roveyayinevi.com.tr\/index.php\/wp-json\/wp\/v2\/product"}],"about":[{"href":"https:\/\/roveyayinevi.com.tr\/index.php\/wp-json\/wp\/v2\/types\/product"}],"wp:attachment":[{"href":"https:\/\/roveyayinevi.com.tr\/index.php\/wp-json\/wp\/v2\/media?parent=708262"}],"wp:term":[{"taxonomy":"product_brand","embeddable":true,"href":"https:\/\/roveyayinevi.com.tr\/index.php\/wp-json\/wp\/v2\/product_brand?post=708262"},{"taxonomy":"product_cat","embeddable":true,"href":"https:\/\/roveyayinevi.com.tr\/index.php\/wp-json\/wp\/v2\/product_cat?post=708262"},{"taxonomy":"product_tag","embeddable":true,"href":"https:\/\/roveyayinevi.com.tr\/index.php\/wp-json\/wp\/v2\/product_tag?post=708262"}],"curies":[{"name":"wp","href":"https:\/\/api.w.org\/{rel}","templated":true}]}}