{"id":708261,"date":"2025-08-27T16:13:29","date_gmt":"2025-08-27T13:13:29","guid":{"rendered":"https:\/\/roveyayinevi.com.tr\/index.php\/urun\/bitten\/"},"modified":"2026-04-16T02:16:50","modified_gmt":"2026-04-15T23:16:50","slug":"bitten","status":"publish","type":"product","link":"https:\/\/roveyayinevi.com.tr\/index.php\/urun\/bitten\/","title":{"rendered":"Bitten"},"content":{"rendered":"<p>\u201cB\u00fct\u00fcn gece boyunca buna kar\u015f\u0131 sava\u015ft\u0131m\u2026 Do\u011fa ana kazanacak\u2026Kazanan her zaman o olur.\u201d Elena Michaels, sevgilisinin bir kurtadam oldu\u011funu, kendisini \u0131s\u0131r\u0131p da hayat\u0131n\u0131 sonsuza dek de\u011fi\u015ftirene kadar bilmiyordu. Sevgilisi taraf\u0131ndan ihanete u\u011frad\u0131\u011f\u0131 i\u00e7in deliye d\u00f6nen Elena, ne de\u011fi\u015fti\u011fini kabullenmek, ne de yard\u0131m etmek istedi\u011fini s\u00f6yleyen bir grup karizmatik ve cana yak\u0131n kurtadamdan olu\u015fan S\u00fcr\u00fc\u2019de hayat\u0131na devam etmek istiyordu.Ama ard\u0131 ard\u0131na ger\u00e7ekle\u015fen ac\u0131mas\u0131z cinayetler S\u00fcr\u00fc\u2019y\u00fc tehdit etmeye ba\u015flad\u0131\u011f\u0131nda Elena i\u00e7inden \u00e7\u0131k\u0131lmaz bir tercih yapmak zorunda kalacakt\u0131. Ya bu yeni ya\u015fam\u0131 ger\u00e7ekten anlayan tek insanlar\u0131 terk edecek, ya da hayat\u0131n\u0131 berbat eden bu adam\u0131 kurtarmalar\u0131na yard\u0131m edecekti. <\/p>\n","protected":false},"excerpt":{"rendered":"<p>\u201cB\u00fct\u00fcn gece boyunca buna kar\u015f\u0131 sava\u015ft\u0131m\u2026 Do\u011fa ana kazanacak\u2026Kazanan her zaman o olur.\u201d Elena Michaels, sevgilisinin bir kurtadam oldu\u011funu, kendisini \u0131s\u0131r\u0131p da hayat\u0131n\u0131 sonsuza dek de\u011fi\u015ftirene<span class=\"excerpt-hellip\"> [\u2026]<\/span><\/p>\n","protected":false},"featured_media":0,"template":"","meta":{"_monsterinsights_skip_tracking":false,"_monsterinsights_sitenote_active":false,"_monsterinsights_sitenote_note":"","_monsterinsights_sitenote_category":0},"product_brand":[],"product_cat":[12803,12291],"product_tag":[],"class_list":{"0":"post-708261","1":"product","2":"type-product","3":"status-publish","5":"product_cat-aksiyon-macera","6":"product_cat-edebiyat","7":"pa_cilt-ciltsiz","8":"pa_tur-kitap","9":"pa_yayinevi-agapi-yayinlari","10":"pa_yazar-kelley-armstrong","12":"first","13":"instock","14":"sale","15":"shipping-taxable","16":"purchasable","17":"product-type-simple"},"_links":{"self":[{"href":"https:\/\/roveyayinevi.com.tr\/index.php\/wp-json\/wp\/v2\/product\/708261","targetHints":{"allow":["GET"]}}],"collection":[{"href":"https:\/\/roveyayinevi.com.tr\/index.php\/wp-json\/wp\/v2\/product"}],"about":[{"href":"https:\/\/roveyayinevi.com.tr\/index.php\/wp-json\/wp\/v2\/types\/product"}],"wp:attachment":[{"href":"https:\/\/roveyayinevi.com.tr\/index.php\/wp-json\/wp\/v2\/media?parent=708261"}],"wp:term":[{"taxonomy":"product_brand","embeddable":true,"href":"https:\/\/roveyayinevi.com.tr\/index.php\/wp-json\/wp\/v2\/product_brand?post=708261"},{"taxonomy":"product_cat","embeddable":true,"href":"https:\/\/roveyayinevi.com.tr\/index.php\/wp-json\/wp\/v2\/product_cat?post=708261"},{"taxonomy":"product_tag","embeddable":true,"href":"https:\/\/roveyayinevi.com.tr\/index.php\/wp-json\/wp\/v2\/product_tag?post=708261"}],"curies":[{"name":"wp","href":"https:\/\/api.w.org\/{rel}","templated":true}]}}