{"id":708260,"date":"2025-08-27T16:13:28","date_gmt":"2025-08-27T13:13:28","guid":{"rendered":"https:\/\/roveyayinevi.com.tr\/index.php\/urun\/avrupa-birligi\/"},"modified":"2026-04-16T02:16:50","modified_gmt":"2026-04-15T23:16:50","slug":"avrupa-birligi","status":"publish","type":"product","link":"https:\/\/roveyayinevi.com.tr\/index.php\/urun\/avrupa-birligi\/","title":{"rendered":"Avrupa Birli\u011fi"},"content":{"rendered":"<p>Bu kitap\u00e7\u0131kta Avrupa Birli\u011fi\u2019nin nas\u0131l bir tarihsel ba\u011flamda ortaya \u00e7\u0131kt\u0131\u011f\u0131, tarihsel geli\u015fmelere paralel olarak nas\u0131l bir evrim ge\u00e7irdi\u011fi, ne t\u00fcr \u00e7eli\u015fkiler bar\u0131nd\u0131rd\u0131\u011f\u0131, bug\u00fcne kadar neleri ba\u015fard\u0131\u011f\u0131 ve k\u0131saca Avrupa Birli\u011fi\u2019nin \u00f6zg\u00fcn kurumsal yap\u0131s\u0131 ile bu yap\u0131n\u0131n temel dinamikleri de ele al\u0131nm\u0131\u015ft\u0131r. Avrupa Birli\u011fi\u2019ni incelemek, bu birli\u011fin nas\u0131l bir s\u00fcre\u00e7te ortaya \u00e7\u0131kt\u0131\u011f\u0131, nas\u0131l \u00e7al\u0131\u015ft\u0131\u011f\u0131, neleri ba\u015far\u0131p hangi sorun alanlar\u0131nda t\u0131kan\u0131kl\u0131k ya\u015fad\u0131\u011f\u0131na odaklanmak ve Avrupa Birli\u011fi\u2019nin sorun \u00e7\u00f6zme kabiliyetini irdelemek, okuyuculara \u00f6nemli katk\u0131 sa\u011flayacakt\u0131r. \ufffcTan\u0131t\u0131m Metni<\/p>\n","protected":false},"excerpt":{"rendered":"<p>Bu kitap\u00e7\u0131kta Avrupa Birli\u011fi\u2019nin nas\u0131l bir tarihsel ba\u011flamda ortaya \u00e7\u0131kt\u0131\u011f\u0131, tarihsel geli\u015fmelere paralel olarak nas\u0131l bir evrim ge\u00e7irdi\u011fi, ne t\u00fcr \u00e7eli\u015fkiler bar\u0131nd\u0131rd\u0131\u011f\u0131, bug\u00fcne kadar neleri ba\u015fard\u0131\u011f\u0131<span class=\"excerpt-hellip\"> [\u2026]<\/span><\/p>\n","protected":false},"featured_media":0,"template":"","meta":{"_monsterinsights_skip_tracking":false,"_monsterinsights_sitenote_active":false,"_monsterinsights_sitenote_note":"","_monsterinsights_sitenote_category":0},"product_brand":[],"product_cat":[12337,14543],"product_tag":[],"class_list":{"0":"post-708260","1":"product","2":"type-product","3":"status-publish","5":"product_cat-politika-siyaset","6":"product_cat-turkiye-siyaseti-ve-politikasi","7":"pa_cilt-ciltsiz","8":"pa_tur-kitap","9":"pa_yayinevi-alabanda-yayin","10":"pa_yazar-erhan-dogan","12":"first","13":"instock","14":"sale","15":"shipping-taxable","16":"purchasable","17":"product-type-simple"},"_links":{"self":[{"href":"https:\/\/roveyayinevi.com.tr\/index.php\/wp-json\/wp\/v2\/product\/708260","targetHints":{"allow":["GET"]}}],"collection":[{"href":"https:\/\/roveyayinevi.com.tr\/index.php\/wp-json\/wp\/v2\/product"}],"about":[{"href":"https:\/\/roveyayinevi.com.tr\/index.php\/wp-json\/wp\/v2\/types\/product"}],"wp:attachment":[{"href":"https:\/\/roveyayinevi.com.tr\/index.php\/wp-json\/wp\/v2\/media?parent=708260"}],"wp:term":[{"taxonomy":"product_brand","embeddable":true,"href":"https:\/\/roveyayinevi.com.tr\/index.php\/wp-json\/wp\/v2\/product_brand?post=708260"},{"taxonomy":"product_cat","embeddable":true,"href":"https:\/\/roveyayinevi.com.tr\/index.php\/wp-json\/wp\/v2\/product_cat?post=708260"},{"taxonomy":"product_tag","embeddable":true,"href":"https:\/\/roveyayinevi.com.tr\/index.php\/wp-json\/wp\/v2\/product_tag?post=708260"}],"curies":[{"name":"wp","href":"https:\/\/api.w.org\/{rel}","templated":true}]}}