{"id":708259,"date":"2025-08-27T16:13:28","date_gmt":"2025-08-27T13:13:28","guid":{"rendered":"https:\/\/roveyayinevi.com.tr\/index.php\/urun\/askerler-geldiginde\/"},"modified":"2026-04-16T02:16:50","modified_gmt":"2026-04-15T23:16:50","slug":"askerler-geldiginde","status":"publish","type":"product","link":"https:\/\/roveyayinevi.com.tr\/index.php\/urun\/askerler-geldiginde\/","title":{"rendered":"Askerler Geldi\u011finde"},"content":{"rendered":"<p>II. D\u00fcnya Sava\u015f\u0131&#8217;n\u0131n sonunda Nazi rejimini deviren askerler y\u00fcz binlerce kad\u0131na yeni ac\u0131lar ya\u015fatt\u0131. \u00dclke \u00e7ap\u0131nda say\u0131s\u0131z kad\u0131n (ve az say\u0131da erkek) cinsel \u015fiddetin kurban\u0131 oldu. Su\u00e7lular\u0131n sadece &#8220;Ruslar&#8221; oldu\u011fu y\u00f6n\u00fcndeki genel inan\u0131\u015f\u0131n aksine, ayn\u0131 zamanda Amerikan, Frans\u0131z ve \u0130ngiliz askerleri de en az onlar kadar su\u00e7luydu. Miriam Gebhardt, \u201cAskerler Geldi\u011finde\u201d isimli eserinde, yepyeni kaynaklarla sava\u015f sonras\u0131 i\u015fgal d\u00f6neminde cinsel \u015fiddetin boyutunu belirleyerek bu konudaki ilk tarihsel temelli yakla\u015f\u0131m\u0131 ortaya koyuyor. M\u00fcttefik g\u00fc\u00e7 askerlerinin tecav\u00fcz \u015fekillerinin K\u0131z\u0131l Ordu askerlerinden farkl\u0131 olmad\u0131\u011f\u0131na dikkat ge\u00e7en yazar, evlerine el konulan ve ya\u011fmalanan Alman kad\u0131nlar\u0131n daha sonra kitleler halinde askerilerin tecav\u00fcz\u00fcne maruz kald\u0131\u011f\u0131n\u0131 aktar\u0131yor. Yazar ayr\u0131ca bu kad\u0131nlar\u0131n daha sonra doktorlar\u0131n ve sosyal hizmet g\u00f6revlilerinin kurbanlar\u0131 haline nas\u0131l geldi\u011fini etkileyici bir \u015fekilde anlat\u0131yor. Son olarak ve en \u00f6nemlisi, toplum g\u00fcn\u00fcm\u00fcze kadar kitlesel su\u00e7lardan bahsetmeyerek olan biten her \u015feyi unutmay\u0131 tercih etmi\u015ftir. \u0130\u015fte tam bu noktada kitap uluslar aras\u0131 topluma unuttuklar\u0131n\u0131 etkileyici bir \u015fekilde hat\u0131rlatmaktad\u0131r. \u201cAskerler Geldi\u011finde\u201d \u00e7ok \u00f6nemli ve titizlikle yap\u0131lan tarihi bir ara\u015ft\u0131rman\u0131n harika bir \u00fcr\u00fcn\u00fcd\u00fcr. Orijinal Almanca bask\u0131s\u0131n\u0131n yay\u0131nland\u0131\u011f\u0131 2015 y\u0131l\u0131n\u0131n Mart ay\u0131 itibar\u0131yla eser \u00fclkemizde de \u00f6zellikle medyada geni\u015f yank\u0131 uyand\u0131rm\u0131\u015ft\u0131r. Kaynak dilin \u00f6z\u00fcne sad\u0131k kalan \u00f6zenli \u00e7evirisi ile bu \u00f6nemli eserin raflarda okuyucular\u0131yla bulu\u015fturulmas\u0131ndan Astana Yay\u0131nlar\u0131 Ekibi olarak b\u00fcy\u00fck gurur duymaktay\u0131z. <\/p>\n","protected":false},"excerpt":{"rendered":"<p>II. D\u00fcnya Sava\u015f\u0131&#8217;n\u0131n sonunda Nazi rejimini deviren askerler y\u00fcz binlerce kad\u0131na yeni ac\u0131lar ya\u015fatt\u0131. \u00dclke \u00e7ap\u0131nda say\u0131s\u0131z kad\u0131n (ve az say\u0131da erkek) cinsel \u015fiddetin kurban\u0131 oldu.<span class=\"excerpt-hellip\"> [\u2026]<\/span><\/p>\n","protected":false},"featured_media":0,"template":"","meta":{"_monsterinsights_skip_tracking":false,"_monsterinsights_sitenote_active":false,"_monsterinsights_sitenote_note":"","_monsterinsights_sitenote_category":0},"product_brand":[],"product_cat":[12304,14138],"product_tag":[],"class_list":{"0":"post-708259","1":"product","2":"type-product","3":"status-publish","5":"product_cat-tarih","6":"product_cat-tarih-felsefesi","7":"pa_cilt-ciltsiz","8":"pa_tur-kitap","9":"pa_yayinevi-astana-yayinlari","10":"pa_yazar-miriam-gebhardt","12":"first","13":"instock","14":"sale","15":"shipping-taxable","16":"purchasable","17":"product-type-simple"},"_links":{"self":[{"href":"https:\/\/roveyayinevi.com.tr\/index.php\/wp-json\/wp\/v2\/product\/708259","targetHints":{"allow":["GET"]}}],"collection":[{"href":"https:\/\/roveyayinevi.com.tr\/index.php\/wp-json\/wp\/v2\/product"}],"about":[{"href":"https:\/\/roveyayinevi.com.tr\/index.php\/wp-json\/wp\/v2\/types\/product"}],"wp:attachment":[{"href":"https:\/\/roveyayinevi.com.tr\/index.php\/wp-json\/wp\/v2\/media?parent=708259"}],"wp:term":[{"taxonomy":"product_brand","embeddable":true,"href":"https:\/\/roveyayinevi.com.tr\/index.php\/wp-json\/wp\/v2\/product_brand?post=708259"},{"taxonomy":"product_cat","embeddable":true,"href":"https:\/\/roveyayinevi.com.tr\/index.php\/wp-json\/wp\/v2\/product_cat?post=708259"},{"taxonomy":"product_tag","embeddable":true,"href":"https:\/\/roveyayinevi.com.tr\/index.php\/wp-json\/wp\/v2\/product_tag?post=708259"}],"curies":[{"name":"wp","href":"https:\/\/api.w.org\/{rel}","templated":true}]}}