{"id":708258,"date":"2025-08-27T16:13:27","date_gmt":"2025-08-27T13:13:27","guid":{"rendered":"https:\/\/roveyayinevi.com.tr\/index.php\/urun\/engelli-kadinlarin-insan-haklari\/"},"modified":"2026-04-16T02:16:50","modified_gmt":"2026-04-15T23:16:50","slug":"engelli-kadinlarin-insan-haklari","status":"publish","type":"product","link":"https:\/\/roveyayinevi.com.tr\/index.php\/urun\/engelli-kadinlarin-insan-haklari\/","title":{"rendered":"Engelli Kad\u0131nlar\u0131n \u0130nsan Haklar\u0131"},"content":{"rendered":"<p>&#8220;Engelli Kad\u0131nlar\u0131n \u0130nsan Haklar\u0131&#8221; isimli eserde, engelli ve \u00f6z\u00fcrl\u00fc ayr\u0131m\u0131n\u0131n do\u011fru yap\u0131lmas\u0131 halinde, engelli bireylerin ve \u00f6zel ara\u015ft\u0131rma alan\u0131 a\u00e7\u0131s\u0131ndan engelli kad\u0131nlar\u0131n t\u00fcm insan haklar\u0131na tam ve e\u015fit \u015fekilde eri\u015febilece\u011fini ve toplumda hak etti\u011fi yeri alabilece\u011fini g\u00f6stermektir. Fonksiyon kayb\u0131 olan ki\u015finin topluma tam ve etkin \u015fekilde kat\u0131lmas\u0131na mani olan fiziksel ve \u00e7evresel engeller ki\u015fiyi &#8220;engelli&#8221; k\u0131lmaktad\u0131r. Dolay\u0131s\u0131yla d\u00fczeltilmesi gereken fiziksel ko\u015fullard\u0131r ve topluma tam ve etkin kat\u0131l\u0131m\u0131n \u00f6tesinde toplumun engelli bireyi ve kad\u0131n\u0131 kabul etmesi gerekmektedir. &#8220;Engelli Kad\u0131nlar\u0131n \u0130nsan Haklar\u0131&#8221; \u00e7ok \u00f6nemli ve titizlikle y\u00fcr\u00fct\u00fclen bir akademik ara\u015ft\u0131rman\u0131n harika bir \u00fcr\u00fcn\u00fcd\u00fcr. Bu \u00e7al\u0131\u015fmay\u0131 di\u011ferlerinden ay\u0131ran temel \u00f6zellik ise di\u011fer t\u00fcm \u00e7al\u0131\u015fmalar\u0131n aksine engelli bireylerin topluma entegre olmas\u0131n\u0131 de\u011fil, toplumun engelli bireylere entegre olmas\u0131 gerekti\u011fini savunmas\u0131d\u0131r. <\/p>\n","protected":false},"excerpt":{"rendered":"<p>&#8220;Engelli Kad\u0131nlar\u0131n \u0130nsan Haklar\u0131&#8221; isimli eserde, engelli ve \u00f6z\u00fcrl\u00fc ayr\u0131m\u0131n\u0131n do\u011fru yap\u0131lmas\u0131 halinde, engelli bireylerin ve \u00f6zel ara\u015ft\u0131rma alan\u0131 a\u00e7\u0131s\u0131ndan engelli kad\u0131nlar\u0131n t\u00fcm insan haklar\u0131na tam<span class=\"excerpt-hellip\"> [\u2026]<\/span><\/p>\n","protected":false},"featured_media":0,"template":"","meta":{"_monsterinsights_skip_tracking":false,"_monsterinsights_sitenote_active":false,"_monsterinsights_sitenote_note":"","_monsterinsights_sitenote_category":0},"product_brand":[],"product_cat":[12835,12324],"product_tag":[],"class_list":{"0":"post-708258","1":"product","2":"type-product","3":"status-publish","5":"product_cat-genel-sosyoloji","6":"product_cat-sosyoloji","7":"pa_cilt-ciltsiz","8":"pa_tur-kitap","9":"pa_yayinevi-astana-yayinlari","10":"pa_yazar-seda-ozlem-gurler","12":"first","13":"instock","14":"sale","15":"shipping-taxable","16":"purchasable","17":"product-type-simple"},"_links":{"self":[{"href":"https:\/\/roveyayinevi.com.tr\/index.php\/wp-json\/wp\/v2\/product\/708258","targetHints":{"allow":["GET"]}}],"collection":[{"href":"https:\/\/roveyayinevi.com.tr\/index.php\/wp-json\/wp\/v2\/product"}],"about":[{"href":"https:\/\/roveyayinevi.com.tr\/index.php\/wp-json\/wp\/v2\/types\/product"}],"wp:attachment":[{"href":"https:\/\/roveyayinevi.com.tr\/index.php\/wp-json\/wp\/v2\/media?parent=708258"}],"wp:term":[{"taxonomy":"product_brand","embeddable":true,"href":"https:\/\/roveyayinevi.com.tr\/index.php\/wp-json\/wp\/v2\/product_brand?post=708258"},{"taxonomy":"product_cat","embeddable":true,"href":"https:\/\/roveyayinevi.com.tr\/index.php\/wp-json\/wp\/v2\/product_cat?post=708258"},{"taxonomy":"product_tag","embeddable":true,"href":"https:\/\/roveyayinevi.com.tr\/index.php\/wp-json\/wp\/v2\/product_tag?post=708258"}],"curies":[{"name":"wp","href":"https:\/\/api.w.org\/{rel}","templated":true}]}}