{"id":708256,"date":"2025-08-27T16:13:27","date_gmt":"2025-08-27T13:13:27","guid":{"rendered":"https:\/\/roveyayinevi.com.tr\/index.php\/urun\/iletisim-aglarinda-yeni-hizmetler\/"},"modified":"2026-01-29T02:30:54","modified_gmt":"2026-01-28T23:30:54","slug":"iletisim-aglarinda-yeni-hizmetler","status":"publish","type":"product","link":"https:\/\/roveyayinevi.com.tr\/index.php\/urun\/iletisim-aglarinda-yeni-hizmetler\/","title":{"rendered":"\u0130leti\u015fim A\u011flar\u0131nda Yeni Hizmetler"},"content":{"rendered":"<p>\u0130leti\u015fim alan\u0131na y\u00f6nelik politikalar\u0131n olu\u015fturulma s\u00fcreci her zaman farkl\u0131 akt\u00f6rlerin dahil oldu\u011fu ve bu akt\u00f6rler aras\u0131 \u00e7at\u0131\u015fmalar\u0131n rahat\u00e7a g\u00f6zlemlenebilece\u011fi bir s\u00fcre\u00e7tir. \u0130\u00e7inde bulundu\u011fumuz d\u00f6nemde de yeni ileti\u015fim teknolojileriyle ve bunlar \u00fczerinden sunulan yeni i\u00e7erik ve hizmetlerle \u00e7at\u0131\u015fman\u0131n taraflar\u0131 olan akt\u00f6rler \u00e7e\u015fitlenmi\u015f; politika olu\u015fturma s\u00fcrecine yeni ba\u015fl\u0131klar ve sorun alanlar\u0131 eklenmi\u015ftir. Net olan ise yeni ileti\u015fim teknolojileri iktisad\u0131 \u00fczerine kurulu olan kapitalist ekonominin bug\u00fcnk\u00fc d\u00f6neminde ileti\u015fim alan\u0131na y\u00f6nelik d\u00fczenleme politikalar\u0131n\u0131n merkezine ekonomik kazan\u0131m beklentisinin yerle\u015ftirildi\u011fidir. Toplumsal ya\u015fam\u0131n farkl\u0131 alanlar\u0131na y\u00f6nelik politikalarda oldu\u011fu gibi ileti\u015fim alan\u0131nda da kamusal fayda, rekabet ve verimlilik hedeflerinin gerisinde kalmaktad\u0131r. Elinizdeki kitap bu durumu, kuramsal tart\u0131\u015fmalarla ve yeni i\u00e7erik ve hizmet alanlar\u0131n\u0131 konu edinen makalelerle aktarmaktad\u0131r. Kitap ileti\u015fim alan\u0131nda politika olu\u015fturma s\u00fcrecinin birincil hedefinin ekonomik kazan\u0131m oldu\u011fu bu d\u00f6nemde, egemenlerin \u00e7\u0131karlar\u0131na kar\u015f\u0131 kamusal politikalar\u0131n ve kamusal d\u00fczenlemelerin hala ge\u00e7erli ve gerekli oldu\u011funu tart\u0131\u015fmaktad\u0131r. <\/p>\n","protected":false},"excerpt":{"rendered":"<p>\u0130leti\u015fim alan\u0131na y\u00f6nelik politikalar\u0131n olu\u015fturulma s\u00fcreci her zaman farkl\u0131 akt\u00f6rlerin dahil oldu\u011fu ve bu akt\u00f6rler aras\u0131 \u00e7at\u0131\u015fmalar\u0131n rahat\u00e7a g\u00f6zlemlenebilece\u011fi bir s\u00fcre\u00e7tir. \u0130\u00e7inde bulundu\u011fumuz d\u00f6nemde de yeni<span class=\"excerpt-hellip\"> [\u2026]<\/span><\/p>\n","protected":false},"featured_media":0,"template":"","meta":{"_monsterinsights_skip_tracking":false,"_monsterinsights_sitenote_active":false,"_monsterinsights_sitenote_note":"","_monsterinsights_sitenote_category":0},"product_brand":[],"product_cat":[15983,13488],"product_tag":[],"class_list":{"0":"post-708256","1":"product","2":"type-product","3":"status-publish","5":"product_cat-iletisim-ve-medya","6":"product_cat-toplum-ve-insan","7":"pa_cilt-ciltsiz","8":"pa_tur-kitap","9":"pa_yayinevi-utopya-yayinevi","10":"pa_yazar-haluk-geray","12":"first","13":"instock","14":"sale","15":"shipping-taxable","16":"purchasable","17":"product-type-simple"},"_links":{"self":[{"href":"https:\/\/roveyayinevi.com.tr\/index.php\/wp-json\/wp\/v2\/product\/708256","targetHints":{"allow":["GET"]}}],"collection":[{"href":"https:\/\/roveyayinevi.com.tr\/index.php\/wp-json\/wp\/v2\/product"}],"about":[{"href":"https:\/\/roveyayinevi.com.tr\/index.php\/wp-json\/wp\/v2\/types\/product"}],"wp:attachment":[{"href":"https:\/\/roveyayinevi.com.tr\/index.php\/wp-json\/wp\/v2\/media?parent=708256"}],"wp:term":[{"taxonomy":"product_brand","embeddable":true,"href":"https:\/\/roveyayinevi.com.tr\/index.php\/wp-json\/wp\/v2\/product_brand?post=708256"},{"taxonomy":"product_cat","embeddable":true,"href":"https:\/\/roveyayinevi.com.tr\/index.php\/wp-json\/wp\/v2\/product_cat?post=708256"},{"taxonomy":"product_tag","embeddable":true,"href":"https:\/\/roveyayinevi.com.tr\/index.php\/wp-json\/wp\/v2\/product_tag?post=708256"}],"curies":[{"name":"wp","href":"https:\/\/api.w.org\/{rel}","templated":true}]}}