{"id":708255,"date":"2025-08-27T16:13:26","date_gmt":"2025-08-27T13:13:26","guid":{"rendered":"https:\/\/roveyayinevi.com.tr\/index.php\/urun\/bir-cumhuriyet-dusmaninin-portresi\/"},"modified":"2026-04-16T02:16:50","modified_gmt":"2026-04-15T23:16:50","slug":"bir-cumhuriyet-dusmaninin-portresi","status":"publish","type":"product","link":"https:\/\/roveyayinevi.com.tr\/index.php\/urun\/bir-cumhuriyet-dusmaninin-portresi\/","title":{"rendered":"Bir Cumhuriyet D\u00fc\u015fman\u0131n\u0131n Portresi"},"content":{"rendered":"<p>\u201cOltadaki Bal\u0131k T\u00fcrkiye\u201d kitab\u0131n\u0131n yazar\u0131, M. Emin De\u011fer\u2019in 1999 y\u0131l\u0131nda kaleme ald\u0131\u011f\u0131 \u201cBir Cumhuriyet D\u00fc\u015fman\u0131n\u0131n Portresi, F ethullah G\u00fclen\u2019in Derin Misyonu\u201d tam bir ibret vesikas\u0131. 15 Temmuz 2016\u2019da olacaklar\u0131 tam 17 y\u0131l \u00f6ncesinden haber veriyor, uyar\u0131yor. Belki de FE*T\u00d6 tehlikesini anlatan ilk kitaplardan birisi olma \u00f6zelli\u011fini ta\u015f\u0131yor\u2026 Tuncay \u00d6zkan kitab\u0131n \u00f6ns\u00f6z\u00fcnde kitab\u0131 \u015f\u00f6yle \u00f6zetliyor: \u201cElinizde tuttu\u011funuz bu kitap, 15 Temmuz darbe giri\u015fiminin mimar\u0131 F ethullah G\u00fclen\u2019in kim ve kimler taraf\u0131ndan, nas\u0131l kullan\u0131ld\u0131\u011f\u0131n\u0131n bir belgeselidir\u2026 Kitab\u0131n yazar\u0131 bug\u00fcnleri 2000 y\u0131l\u0131ndan g\u00f6rm\u00fc\u015f hatta kitab\u0131n ad\u0131n\u0131 da \u201cBir Cumhuriyet D\u00fc\u015fman\u0131n\u0131n Portresi F ethullah G\u00fclen\u2019in Derin Misyonu\u201d koymu\u015ftu. F ethullah G\u00fclen\u2019in ger\u00e7ek y\u00fcz\u00fcn\u00fc bug\u00fcn g\u00f6ren AKP\u2019liler ke\u015fke bu kitab\u0131 daha \u00f6nce okusalard\u0131. Belki bunca ya\u015fam s\u00f6nmez, bunca ac\u0131 ya\u015fanmazd\u0131\u2026\u201d M. Emin De\u011fer\u2019de 1999\u2019da yazd\u0131\u011f\u0131 kitab\u0131n\u0131n amac\u0131n\u0131 \u015fu \u015fekilde anlat\u0131yor: \u201c&#8230;\u00c7\u00fcnk\u00fc bize d\u00fc\u015fen, G\u00fclen\u2019in nas\u0131l bir ama\u00e7 pe\u015finde oldu\u011funu, bu amac\u0131 ger\u00e7ekle\u015ftirmek i\u00e7in nas\u0131l haz\u0131rland\u0131\u011f\u0131n\u0131, ger\u00e7ek bir cemaat lideri oldu\u011funu, cemaatini nas\u0131l motive etti\u011fini, \u0131\u015f\u0131k evlerinin nas\u0131l hangi ama\u00e7 ve mant\u0131kla olu\u015fturuldu\u011funu, alt\u0131n neslin nas\u0131l yeti\u015ftirildi\u011fini, kendisini Mesih rol\u00fcne nas\u0131l uygun g\u00f6rd\u00fc\u011f\u00fcn\u00fc belgelemektir. Bunun i\u00e7inde Amerika vard\u0131r, CIA vard\u0131r. Yery\u00fcz\u00fcnde a\u00e7\u0131lan okullar\u0131n Peygamber\u2019in \u201cBenim mesaj\u0131m g\u00fcne\u015fin do\u011fup batt\u0131\u011f\u0131 her yere gidecektir.\u201d hadisinin yorumu ve bunun cemaati i\u00e7in se\u00e7ilen ama\u00e7 olmas\u0131, bunun i\u00e7in t\u00fcm d\u00fcnyay\u0131 \u0130sl\u00e2m\u2019\u0131n bayra\u011f\u0131 alt\u0131na toplama \u00fclk\u00fcs\u00fc vard\u0131r. Bunun i\u00e7inde Mesihlik vard\u0131r\u2026 Bu \u00e7al\u0131\u015fma, Mustafa Kemal Atat\u00fcrk\u2019\u00fcn, bize emanet etti\u011fi cumhuriyeti ve ba\u011f\u0131ms\u0131zl\u0131\u011f\u0131m\u0131z\u0131 koruma ve savunma g\u00f6revinin y\u00fckledi\u011fi sorumluluk i\u00e7inde ele al\u0131nmal\u0131d\u0131r. Ba\u015far\u0131p ba\u015faramad\u0131\u011f\u0131ma sizler karar vereceksiniz. Sayg\u0131lar\u0131mla\u2026\u201d Yazar ikaz etmi\u015f, uyarm\u0131\u015f, ba\u015farm\u0131\u015f da, ya bug\u00fcn ya\u015fad\u0131klar\u0131m\u0131za ne demeli? \ufffc<\/p>\n","protected":false},"excerpt":{"rendered":"<p>\u201cOltadaki Bal\u0131k T\u00fcrkiye\u201d kitab\u0131n\u0131n yazar\u0131, M. Emin De\u011fer\u2019in 1999 y\u0131l\u0131nda kaleme ald\u0131\u011f\u0131 \u201cBir Cumhuriyet D\u00fc\u015fman\u0131n\u0131n Portresi, F ethullah G\u00fclen\u2019in Derin Misyonu\u201d tam bir ibret vesikas\u0131. 15<span class=\"excerpt-hellip\"> [\u2026]<\/span><\/p>\n","protected":false},"featured_media":0,"template":"","meta":{"_monsterinsights_skip_tracking":false,"_monsterinsights_sitenote_active":false,"_monsterinsights_sitenote_note":"","_monsterinsights_sitenote_category":0},"product_brand":[],"product_cat":[12965,12337],"product_tag":[],"class_list":{"0":"post-708255","1":"product","2":"type-product","3":"status-publish","5":"product_cat-genel-politika","6":"product_cat-politika-siyaset","7":"pa_cilt-ciltsiz","8":"pa_tur-kitap","9":"pa_yayinevi-alibi-yayincilik","10":"pa_yazar-m-emin-deger","12":"first","13":"instock","14":"sale","15":"shipping-taxable","16":"purchasable","17":"product-type-simple"},"_links":{"self":[{"href":"https:\/\/roveyayinevi.com.tr\/index.php\/wp-json\/wp\/v2\/product\/708255","targetHints":{"allow":["GET"]}}],"collection":[{"href":"https:\/\/roveyayinevi.com.tr\/index.php\/wp-json\/wp\/v2\/product"}],"about":[{"href":"https:\/\/roveyayinevi.com.tr\/index.php\/wp-json\/wp\/v2\/types\/product"}],"wp:attachment":[{"href":"https:\/\/roveyayinevi.com.tr\/index.php\/wp-json\/wp\/v2\/media?parent=708255"}],"wp:term":[{"taxonomy":"product_brand","embeddable":true,"href":"https:\/\/roveyayinevi.com.tr\/index.php\/wp-json\/wp\/v2\/product_brand?post=708255"},{"taxonomy":"product_cat","embeddable":true,"href":"https:\/\/roveyayinevi.com.tr\/index.php\/wp-json\/wp\/v2\/product_cat?post=708255"},{"taxonomy":"product_tag","embeddable":true,"href":"https:\/\/roveyayinevi.com.tr\/index.php\/wp-json\/wp\/v2\/product_tag?post=708255"}],"curies":[{"name":"wp","href":"https:\/\/api.w.org\/{rel}","templated":true}]}}