{"id":708253,"date":"2025-08-27T16:13:25","date_gmt":"2025-08-27T13:13:25","guid":{"rendered":"https:\/\/roveyayinevi.com.tr\/index.php\/urun\/sosyal-medyacinin-galaksi-rehberi-kucuk-isletmeler-icin-sosyal-medya\/"},"modified":"2026-04-16T02:16:50","modified_gmt":"2026-04-15T23:16:50","slug":"sosyal-medyacinin-galaksi-rehberi-kucuk-isletmeler-icin-sosyal-medya","status":"publish","type":"product","link":"https:\/\/roveyayinevi.com.tr\/index.php\/urun\/sosyal-medyacinin-galaksi-rehberi-kucuk-isletmeler-icin-sosyal-medya\/","title":{"rendered":"Sosyal Medyac\u0131n\u0131n Galaksi Rehberi &#8211; K\u00fc\u00e7\u00fck \u0130\u015fletmeler i\u00e7in Sosyal Medya"},"content":{"rendered":"<p>Sosyal Medyac\u0131n\u0131n Galaksi Rehberi Twitter, Facebook, Instagram, Google+, LinkedIn, WhatsApp, Hashtag D\u00fcnyas\u0131, Influencer Marketing, Bloglar&amp;Bloggerlar, \u0130nfografik Uygulamalar\u0131, Rakip Analizi, Sosyal Medya KPI&#8217;lar\u0131, Sosyal Medya Pazarlama Stratejileri ve Emoji D\u00fcnyas\u0131 hakk\u0131nda her \u015fey!Sosyal Medya kullan\u0131m\u0131 ku\u0308\u00e7u\u0308k is\u0327letmeler i\u00e7in hem bir zorunluluk hem de zorlay\u0131c\u0131 bir alan. Profesyonel dan\u0131s\u0327manl\u0131k almak i\u00e7in genellikle bu\u0308t\u00e7eleri yok ama \u00f6g\u0306renme istekleri ve bas\u0327ar\u0131l\u0131 olma hevesleri \u00e7ok. Neredeyse tu\u0308mu\u0308 yol g\u00f6sterici bir kaynag\u0306a ihtiya\u00e7 duyuyor. Yazar \u201cKu\u0308\u00e7u\u0308k I\u0307s\u0327letmeler i\u00e7in Sosyal Medya\u201d kitab\u0131nda bilgi birikimini paylas\u0327\u0131rken, belki de bilmedig\u0306iniz i\u00e7in henu\u0308z dahil olamad\u0131g\u0306\u0131n\u0131z veya kendinizi gelis\u0327tirmek isteyip f\u0131rsat bulamad\u0131g\u0306\u0131n\u0131z sosyal mecralar konusunda da sizi cesaretlendiriyor. \u00c7u\u0308nku\u0308 bilmedig\u0306imiz konular bizi genellikle korkutur, oysa sosyal medya \u00f6g\u0306renilebilecek, dog\u0306rudan uygulanabilecek bir alan ve f\u0131rsata d\u00f6nu\u0308s\u0327tu\u0308ru\u0308lebilecek onlarca se\u00e7enek sunuyor.Funda G\u00fcle\u00e7 Yal\u00e7\u0131n ilk bask\u0131s\u0131 k\u0131sa s\u00fcrede t\u00fckenen kitab\u0131n\u0131n g\u00fcncellenmi\u015f yeni bask\u0131s\u0131nda sadece K\u00fc\u00e7\u00fck \u0130\u015fletmelere yol g\u00f6stermekle kalm\u0131yor, Sosyal Medyada yer alan herkes i\u00e7in e\u015fsiz bir rehber sunuyor.Ku\u0308\u00e7u\u0308k is\u0327letmeler;\u2022 Mu\u0308s\u0327terileri ile bag\u0306lant\u0131 kurmak,\u2022 Yeni mu\u0308s\u0327teri bulmak,\u2022 Potansiyel mu\u0308s\u0327terilerini aras\u0327t\u0131rmak,\u2022 \u00dcru\u0308n veya hizmetleri hakk\u0131ndaki sorulara yan\u0131t vermek,\u2022 Hizmet verdig\u0306i alan\u0131n uzman\u0131 haline gelmek,\u2022 Cog\u0306rafik\u2013lokasyon tabanl\u0131 mu\u0308s\u0327teri kitlesi ile bag\u0306lant\u0131 kurmak,\u2022 Gelen sorulara yan\u0131t vererek temel bir kaynak haline gelmek,\u2022 Mevcut potansiyellerini gelis\u0327tirmek,\u2022 Kal\u0131c\u0131 bas\u0327ar\u0131 sag\u0306lamak,\u2022 Sat\u0131s\u0327lar\u0131n\u0131 art\u0131rmak, i\u00e7in sosyal medyay\u0131 kullanmal\u0131.Sorular\u0131n\u0131z ve payla\u015f\u0131mlar\u0131n\u0131z i\u00e7in, tu\u0308m sosyal mecralarda #Kucukisletmelericinsosyalmedya hashtag\u2019ini (etiketini) kullanabilirsiniz. Sosyal Medyac\u0131n\u0131n Galaksi Rehberi Twitter, Facebook, Instagram, Google+, LinkedIn, WhatsApp, Hashtag D\u00fcnyas\u0131, Influencer Marketing, Bloglar&amp;Bloggerlar, \u0130nfografik Uygulamalar\u0131, Rakip Analizi, Sosyal Medya KPI&#8217;lar\u0131, Sosyal Medya Pazarlama Stratejileri ve Emoji D\u00fcnyas\u0131 hakk\u0131nda her \u015fey!Sosyal Medya kullan\u0131m\u0131 ku\u0308\u00e7u\u0308k is\u0327letmeler i\u00e7in hem bir zorunluluk hem de zorlay\u0131c\u0131 bir alan. Profesyonel dan\u0131s\u0327manl\u0131k almak i\u00e7in genellikle bu\u0308t\u00e7eleri yok ama \u00f6g\u0306renme istekleri ve bas\u0327ar\u0131l\u0131 olma hevesleri \u00e7ok. Neredeyse tu\u0308mu\u0308 yol g\u00f6sterici bir kaynag\u0306a ihtiya\u00e7 duyuyor. Yazar \u201cKu\u0308\u00e7u\u0308k I\u0307s\u0327letmeler i\u00e7in Sosyal Medya\u201d kitab\u0131nda bilgi birikimini paylas\u0327\u0131rken, belki de bilmedig\u0306iniz i\u00e7in henu\u0308z dahil olamad\u0131g\u0306\u0131n\u0131z veya kendinizi gelis\u0327tirmek isteyip f\u0131rsat bulamad\u0131g\u0306\u0131n\u0131z sosyal mecralar konusunda da sizi cesaretlendiriyor. \u00c7u\u0308nku\u0308 bilmedig\u0306imiz konular bizi genellikle korkutur, oysa sosyal medya \u00f6g\u0306renilebilecek, dog\u0306rudan uygulanabilecek bir alan ve f\u0131rsata d\u00f6nu\u0308s\u0327tu\u0308ru\u0308lebilecek onlarca se\u00e7enek sunuyor.Funda G\u00fcle\u00e7 Yal\u00e7\u0131n ilk bask\u0131s\u0131 k\u0131sa s\u00fcrede t\u00fckenen kitab\u0131n\u0131n g\u00fcncellenmi\u015f yeni bask\u0131s\u0131nda sadece K\u00fc\u00e7\u00fck \u0130\u015fletmelere yol g\u00f6stermekle kalm\u0131yor, Sosyal Medyada yer alan herkes i\u00e7in e\u015fsiz bir rehber sunuyor.Ku\u0308\u00e7u\u0308k is\u0327letmeler;\u2022 Mu\u0308s\u0327terileri ile bag\u0306lant\u0131 kurmak,\u2022 Yeni mu\u0308s\u0327teri bulmak,\u2022 Potansiyel mu\u0308s\u0327terilerini aras\u0327t\u0131rmak,\u2022 \u00dcru\u0308n veya hizmetleri hakk\u0131ndaki sorulara yan\u0131t vermek,\u2022 Hizmet verdig\u0306i alan\u0131n uzman\u0131 haline gelmek,\u2022 Cog\u0306rafik\u2013lokasyon tabanl\u0131 mu\u0308s\u0327teri kitlesi ile bag\u0306lant\u0131 kurmak,\u2022 Gelen sorulara yan\u0131t vererek temel bir kaynak haline gelmek,\u2022 Mevcut potansiyellerini gelis\u0327tirmek,\u2022 Kal\u0131c\u0131 bas\u0327ar\u0131 sag\u0306lamak,\u2022 Sat\u0131s\u0327lar\u0131n\u0131 art\u0131rmak, i\u00e7in sosyal medyay\u0131 kullanmal\u0131.Sorular\u0131n\u0131z ve payla\u015f\u0131mlar\u0131n\u0131z i\u00e7in, tu\u0308m sosyal mecralarda #Kucukisletmelericinsosyalmedya hashtag\u2019ini (etiketini) kullanabilirsiniz. <\/p>\n","protected":false},"excerpt":{"rendered":"<p>Sosyal Medyac\u0131n\u0131n Galaksi Rehberi Twitter, Facebook, Instagram, Google+, LinkedIn, WhatsApp, Hashtag D\u00fcnyas\u0131, Influencer Marketing, Bloglar&amp;Bloggerlar, \u0130nfografik Uygulamalar\u0131, Rakip Analizi, Sosyal Medya KPI&#8217;lar\u0131, Sosyal Medya Pazarlama Stratejileri<span class=\"excerpt-hellip\"> [\u2026]<\/span><\/p>\n","protected":false},"featured_media":0,"template":"","meta":{"_monsterinsights_skip_tracking":false,"_monsterinsights_sitenote_active":false,"_monsterinsights_sitenote_note":"","_monsterinsights_sitenote_category":0},"product_brand":[],"product_cat":[13043,17647],"product_tag":[],"class_list":{"0":"post-708253","1":"product","2":"type-product","3":"status-publish","5":"product_cat-ekonomi","6":"product_cat-is-dunyasi","7":"pa_cilt-ciltsiz","8":"pa_tur-kitap","9":"pa_yayinevi-abakus-kitap","10":"pa_yazar-funda-gulec-yalcin","12":"first","13":"instock","14":"sale","15":"shipping-taxable","16":"purchasable","17":"product-type-simple"},"_links":{"self":[{"href":"https:\/\/roveyayinevi.com.tr\/index.php\/wp-json\/wp\/v2\/product\/708253","targetHints":{"allow":["GET"]}}],"collection":[{"href":"https:\/\/roveyayinevi.com.tr\/index.php\/wp-json\/wp\/v2\/product"}],"about":[{"href":"https:\/\/roveyayinevi.com.tr\/index.php\/wp-json\/wp\/v2\/types\/product"}],"wp:attachment":[{"href":"https:\/\/roveyayinevi.com.tr\/index.php\/wp-json\/wp\/v2\/media?parent=708253"}],"wp:term":[{"taxonomy":"product_brand","embeddable":true,"href":"https:\/\/roveyayinevi.com.tr\/index.php\/wp-json\/wp\/v2\/product_brand?post=708253"},{"taxonomy":"product_cat","embeddable":true,"href":"https:\/\/roveyayinevi.com.tr\/index.php\/wp-json\/wp\/v2\/product_cat?post=708253"},{"taxonomy":"product_tag","embeddable":true,"href":"https:\/\/roveyayinevi.com.tr\/index.php\/wp-json\/wp\/v2\/product_tag?post=708253"}],"curies":[{"name":"wp","href":"https:\/\/api.w.org\/{rel}","templated":true}]}}