{"id":708249,"date":"2025-08-27T16:13:24","date_gmt":"2025-08-27T13:13:24","guid":{"rendered":"https:\/\/roveyayinevi.com.tr\/index.php\/urun\/emmanin-hikayesi\/"},"modified":"2026-04-16T02:16:50","modified_gmt":"2026-04-15T23:16:50","slug":"emmanin-hikayesi","status":"publish","type":"product","link":"https:\/\/roveyayinevi.com.tr\/index.php\/urun\/emmanin-hikayesi\/","title":{"rendered":"Emma&#8217;n\u0131n Hikayesi"},"content":{"rendered":"<p>\u015eiddet ve yo\u011fun bireyselli\u011fin hakim oldu\u011fu modern toplumda gen\u00e7 ve h\u0131rsl\u0131 Emma`n\u0131n t\u00fcm d\u00fcnyayla birlikte hayat\u0131 kararana dek bir erkekten di\u011ferine gitmektedir. Emma kendisine a\u015f\u0131k erkeklerin \u015fans t\u0131ls\u0131m\u0131d\u0131r: Hepsi bir \u015fekilde \u00f6ld\u00fcr\u00fcl\u00fcr.  En \u00f6nemli borsa simsarlar\u0131 da New York`ta onun gibi \u00e7al\u0131\u015f\u0131rlar. Kendisini politika ve finans\u0131n yak\u0131n ili\u015fki i\u00e7inde oldu\u011fu bir ter\u00f6rist komplonun i\u00e7inde bulur. Kendi hayat\u0131n\u0131 kurtarmak i\u00e7in ihaneti se\u00e7er.Fransa\u2019da en \u00e7ok satanlar aras\u0131nda olan \u201cEmma\u2019n\u0131n hikayesi\u201d \u015fimdi T\u00fcrkiye\u2019de. Sinirlerinizi gerecek kitap okurlar\u0131n\u0131 sonuna kadar yan\u0131ltmay\u0131 ba\u015far\u0131r. Manip\u00fclasyon, kaos, kirli para ve politik a\u015f\u0131r\u0131l\u0131k \u00fczerine olan bu hik\u00e2ye ayn\u0131 zamanda kaybolan masumiyeti anlat\u0131yor.Nefes kesecek kadar g\u00fczel Cazibeli, uzun boylu, ye\u015fil badem g\u00f6zleri, hokka gibi burnu ve insan\u0131n i\u00e7ini \u0131s\u0131tan bir g\u00fcl\u00fcmsemesi var. Heleki bak\u0131\u015flar\u0131 ! Basit : t\u00fcm okuyucular Emma Frampton\u2019a a\u015f\u0131k olacaklar. Bir kusuru var elbette : tesad\u00fcfm\u00fcd\u00fcr bilinmez ama ona a\u015fkla yakla\u015fan herkes kazayla \u00f6l\u00fcm\u00fc tad\u0131yor. Emma\u2019n\u0131n Hikayesi amans\u0131z oldu\u011fu kadar kusursuz bir gerilim roman\u0131. \u0130yi bir kitap e\u011flence ve k\u00fclt\u00fcr\u00fc harmanlamay\u0131 bilmeli ; bu roman ile de hem k\u00fclt\u00fcr\u00fcm\u00fcz geli\u015fiyor hem de harika zaman ge\u00e7iriyoruz. Arnaud Molini\u00e9 polisiye entrikalar \u00fczerinden ter\u00f6rizm d\u00fcnyas\u0131na kar\u0131\u015fan zirvedeki finans ortam\u0131n\u0131 e\u015fsiz bir dille anlat\u0131yor. Dekorlar muhte\u015fem bir \u015fekilde \u00e7izilmi\u015f, o kadarki Boroadway\u2019de bulunan High Bank of America\u2019da, o ac\u0131mas\u0131z HBA firmas\u0131nda kendimizi bir y\u00f6netici san\u0131yoruz. Emma ile Dubai\u2019ye gidiyor, Matthew ile TriBeCa semtine ta\u015f\u0131n\u0131yoruz. Dan Brown misali Arnaud Molini\u00e9 de nefes kesici bir hikayenin \u00f6\u011felerini ustal\u0131kla harmanl\u0131yor. Elinizden b\u0131rakamayacaks\u0131n\u0131z : k\u0131sa b\u00f6l\u00fcmler (\u00fc\u00e7 ila be\u015f sayfa, bazen daha da az), entrikalar, heyecan, y\u00fcksek tempo, mekanlara lazer tutan tasvirler, ilgi \u00e7ekici ya da sevimsiz Emma\u2019y\u0131 ne zaman ekranlar da g\u00f6rece\u011fiz ?karakterler\u2026 Televizyon dizileriyle ayn\u0131 teknikler\u2026Le Figaro \u2013 MOHAMMED A\u00cfSSAOUI<\/p>\n","protected":false},"excerpt":{"rendered":"<p>\u015eiddet ve yo\u011fun bireyselli\u011fin hakim oldu\u011fu modern toplumda gen\u00e7 ve h\u0131rsl\u0131 Emma`n\u0131n t\u00fcm d\u00fcnyayla birlikte hayat\u0131 kararana dek bir erkekten di\u011ferine gitmektedir. Emma kendisine a\u015f\u0131k erkeklerin<span class=\"excerpt-hellip\"> [\u2026]<\/span><\/p>\n","protected":false},"featured_media":0,"template":"","meta":{"_monsterinsights_skip_tracking":false,"_monsterinsights_sitenote_active":false,"_monsterinsights_sitenote_note":"","_monsterinsights_sitenote_category":0},"product_brand":[],"product_cat":[12291,12711],"product_tag":[],"class_list":{"0":"post-708249","1":"product","2":"type-product","3":"status-publish","5":"product_cat-edebiyat","6":"product_cat-roman-oyku","7":"pa_cilt-ciltsiz","8":"pa_tur-kitap","9":"pa_yayinevi-yazarin-kendisi-elif-sebnem-sari-tapan","10":"pa_yazar-arnaud-molinie","12":"first","13":"instock","14":"sale","15":"shipping-taxable","16":"purchasable","17":"product-type-simple"},"_links":{"self":[{"href":"https:\/\/roveyayinevi.com.tr\/index.php\/wp-json\/wp\/v2\/product\/708249","targetHints":{"allow":["GET"]}}],"collection":[{"href":"https:\/\/roveyayinevi.com.tr\/index.php\/wp-json\/wp\/v2\/product"}],"about":[{"href":"https:\/\/roveyayinevi.com.tr\/index.php\/wp-json\/wp\/v2\/types\/product"}],"wp:attachment":[{"href":"https:\/\/roveyayinevi.com.tr\/index.php\/wp-json\/wp\/v2\/media?parent=708249"}],"wp:term":[{"taxonomy":"product_brand","embeddable":true,"href":"https:\/\/roveyayinevi.com.tr\/index.php\/wp-json\/wp\/v2\/product_brand?post=708249"},{"taxonomy":"product_cat","embeddable":true,"href":"https:\/\/roveyayinevi.com.tr\/index.php\/wp-json\/wp\/v2\/product_cat?post=708249"},{"taxonomy":"product_tag","embeddable":true,"href":"https:\/\/roveyayinevi.com.tr\/index.php\/wp-json\/wp\/v2\/product_tag?post=708249"}],"curies":[{"name":"wp","href":"https:\/\/api.w.org\/{rel}","templated":true}]}}