{"id":708241,"date":"2025-08-27T16:13:21","date_gmt":"2025-08-27T13:13:21","guid":{"rendered":"https:\/\/roveyayinevi.com.tr\/index.php\/urun\/1-siniflar-icin-degerler-egitimi-seti-2\/"},"modified":"2026-04-16T02:16:49","modified_gmt":"2026-04-15T23:16:49","slug":"1-siniflar-icin-degerler-egitimi-seti-2","status":"publish","type":"product","link":"https:\/\/roveyayinevi.com.tr\/index.php\/urun\/1-siniflar-icin-degerler-egitimi-seti-2\/","title":{"rendered":"1.Siniflar \u0130\u00e7in De\u011ferler E\u011fitimi Seti 2"},"content":{"rendered":"<p>1- \u0130tfaiyeci Fillo2- Kantin S\u0131ras\u01313- Dev Pasta4- Oyuncakl\u0131 Ders5- S\u00fcper G\u00fc\u00e7l\u00fc Yard\u0131m Arac\u01316- Kardan Adam\u0131n \u00c7antas\u01317- Tiyatroda E\u015fek Kovalamaca8- Vapur Yolculu\u011fu9- Y\u00fczme Havuzunda E\u011flence10- Okuma Bayram\u0131<\/p>\n","protected":false},"excerpt":{"rendered":"<p>1- \u0130tfaiyeci Fillo2- Kantin S\u0131ras\u01313- Dev Pasta4- Oyuncakl\u0131 Ders5- S\u00fcper G\u00fc\u00e7l\u00fc Yard\u0131m Arac\u01316- Kardan Adam\u0131n \u00c7antas\u01317- Tiyatroda E\u015fek Kovalamaca8- Vapur Yolculu\u011fu9- Y\u00fczme Havuzunda E\u011flence10- Okuma Bayram\u0131<\/p>\n","protected":false},"featured_media":0,"template":"","meta":{"_monsterinsights_skip_tracking":false,"_monsterinsights_sitenote_active":false,"_monsterinsights_sitenote_note":"","_monsterinsights_sitenote_category":0},"product_brand":[],"product_cat":[12274,12284],"product_tag":[],"class_list":{"0":"post-708241","1":"product","2":"type-product","3":"status-publish","5":"product_cat-cocuk-ve-genclik-kitaplari","6":"product_cat-hikayeler","7":"pa_cilt-ciltsiz","8":"pa_tur-kitap","9":"pa_yayinevi-nesil-cocuk-yayinlari","10":"pa_yazar-omer-faruk-paksu","12":"first","13":"instock","14":"sale","15":"shipping-taxable","16":"purchasable","17":"product-type-simple"},"_links":{"self":[{"href":"https:\/\/roveyayinevi.com.tr\/index.php\/wp-json\/wp\/v2\/product\/708241","targetHints":{"allow":["GET"]}}],"collection":[{"href":"https:\/\/roveyayinevi.com.tr\/index.php\/wp-json\/wp\/v2\/product"}],"about":[{"href":"https:\/\/roveyayinevi.com.tr\/index.php\/wp-json\/wp\/v2\/types\/product"}],"wp:attachment":[{"href":"https:\/\/roveyayinevi.com.tr\/index.php\/wp-json\/wp\/v2\/media?parent=708241"}],"wp:term":[{"taxonomy":"product_brand","embeddable":true,"href":"https:\/\/roveyayinevi.com.tr\/index.php\/wp-json\/wp\/v2\/product_brand?post=708241"},{"taxonomy":"product_cat","embeddable":true,"href":"https:\/\/roveyayinevi.com.tr\/index.php\/wp-json\/wp\/v2\/product_cat?post=708241"},{"taxonomy":"product_tag","embeddable":true,"href":"https:\/\/roveyayinevi.com.tr\/index.php\/wp-json\/wp\/v2\/product_tag?post=708241"}],"curies":[{"name":"wp","href":"https:\/\/api.w.org\/{rel}","templated":true}]}}