{"id":708237,"date":"2025-08-27T16:13:19","date_gmt":"2025-08-27T13:13:19","guid":{"rendered":"https:\/\/roveyayinevi.com.tr\/index.php\/urun\/osmanli-tarihi-lugati\/"},"modified":"2026-04-16T02:16:49","modified_gmt":"2026-04-15T23:16:49","slug":"osmanli-tarihi-lugati","status":"publish","type":"product","link":"https:\/\/roveyayinevi.com.tr\/index.php\/urun\/osmanli-tarihi-lugati\/","title":{"rendered":"Osmanl\u0131 Tarihi Lugat\u0131"},"content":{"rendered":"<p>Osmanl\u0131 tarihi ile u\u011fra\u015fanlar i\u00e7in gerek kroniklerde, gerekse ba\u015fka eski tarihlerde, \u00f6zellikle Osmanl\u0131 tarihi&#8217;yle ilgili belgelerde ge\u00e7en bir \u00e7ok deyimlerin manas\u0131n\u0131 anlamak \u00e7ok zor, bazen de imkans\u0131z olmakta; b\u00f6ylece tarih metinlerinin eksiksiz de\u011ferlendirilmemesi gibi bir durum meydana gelmektedir. Osmanl\u0131 tarihi ile u\u011fra\u015fan gen\u00e7 nesiller i\u00e7in ise bu durum daha b\u00fcy\u00fck bir problem oluyor. Ayr\u0131ca bu deyim ve terimleri tamamen anlatacak bir s\u00f6zl\u00fck&#8217;te yoktur. Onun meydana getirilmesi i\u00e7in evvelce yap\u0131lm\u0131\u015f oldu\u011fu gibi eski l\u00fcgatleri taramak yetmemektedir. \u00c7\u00fcnk\u00fc bunlar\u0131 o t\u00fcrl\u00fc l\u00fcgatlerde bulmak m\u00fcmk\u00fcn olmaz. Ancak eski tarihleri ve \u00f6zellikle Osmanl\u0131 devleti belgelerini taramak, elde edilen malzemeyi mukayese yoluyla de\u011ferlendirmek gerekmektedir.Osmanl\u0131 h\u00fck\u00fcmetlerinin \u00e7al\u0131\u015fmas\u0131 sonunda meydana gelen divan sicillerini, arazi, tahrir defterlerini, maliye defterlerini, Osmanl\u0131 kanunnamelerini, ger\u00e7ekten say\u0131s\u0131z denecek kadar belgeyi, ayr\u0131ca bu t\u00fcrl\u00fc belgelere dayan\u0131larak meydana getirilmi\u015f pek \u00e7ok de\u011ferli eseri inceleyip bu s\u00f6zl\u00fc\u011f\u00fc meydana getirdim. Bu lugat\u0131n eksik olmad\u0131\u011f\u0131n\u0131 iddia etmiyor ve tamamlanmas\u0131n\u0131 benden sonra bu sahada \u00e7al\u0131\u015facaklara b\u0131rak\u0131yorum.- Midhat Serto\u011flu<\/p>\n","protected":false},"excerpt":{"rendered":"<p>Osmanl\u0131 tarihi ile u\u011fra\u015fanlar i\u00e7in gerek kroniklerde, gerekse ba\u015fka eski tarihlerde, \u00f6zellikle Osmanl\u0131 tarihi&#8217;yle ilgili belgelerde ge\u00e7en bir \u00e7ok deyimlerin manas\u0131n\u0131 anlamak \u00e7ok zor, bazen de<span class=\"excerpt-hellip\"> [\u2026]<\/span><\/p>\n","protected":false},"featured_media":0,"template":"","meta":{"_monsterinsights_skip_tracking":false,"_monsterinsights_sitenote_active":false,"_monsterinsights_sitenote_note":"","_monsterinsights_sitenote_category":0},"product_brand":[],"product_cat":[13517,12304],"product_tag":[],"class_list":{"0":"post-708237","1":"product","2":"type-product","3":"status-publish","5":"product_cat-osmanli-tarihi","6":"product_cat-tarih","7":"pa_cilt-ciltsiz","8":"pa_tur-kitap","9":"pa_yayinevi-kurtuba-kitap","10":"pa_yazar-midhat-sertoglu","12":"first","13":"instock","14":"sale","15":"shipping-taxable","16":"purchasable","17":"product-type-simple"},"_links":{"self":[{"href":"https:\/\/roveyayinevi.com.tr\/index.php\/wp-json\/wp\/v2\/product\/708237","targetHints":{"allow":["GET"]}}],"collection":[{"href":"https:\/\/roveyayinevi.com.tr\/index.php\/wp-json\/wp\/v2\/product"}],"about":[{"href":"https:\/\/roveyayinevi.com.tr\/index.php\/wp-json\/wp\/v2\/types\/product"}],"wp:attachment":[{"href":"https:\/\/roveyayinevi.com.tr\/index.php\/wp-json\/wp\/v2\/media?parent=708237"}],"wp:term":[{"taxonomy":"product_brand","embeddable":true,"href":"https:\/\/roveyayinevi.com.tr\/index.php\/wp-json\/wp\/v2\/product_brand?post=708237"},{"taxonomy":"product_cat","embeddable":true,"href":"https:\/\/roveyayinevi.com.tr\/index.php\/wp-json\/wp\/v2\/product_cat?post=708237"},{"taxonomy":"product_tag","embeddable":true,"href":"https:\/\/roveyayinevi.com.tr\/index.php\/wp-json\/wp\/v2\/product_tag?post=708237"}],"curies":[{"name":"wp","href":"https:\/\/api.w.org\/{rel}","templated":true}]}}