{"id":708235,"date":"2025-08-27T16:12:46","date_gmt":"2025-08-27T13:12:46","guid":{"rendered":"https:\/\/roveyayinevi.com.tr\/index.php\/urun\/kultur-ve-medeniyetimiz-uzerine-dusunceler\/"},"modified":"2026-04-16T02:16:49","modified_gmt":"2026-04-15T23:16:49","slug":"kultur-ve-medeniyetimiz-uzerine-dusunceler","status":"publish","type":"product","link":"https:\/\/roveyayinevi.com.tr\/index.php\/urun\/kultur-ve-medeniyetimiz-uzerine-dusunceler\/","title":{"rendered":"K\u00fclt\u00fcr Ve Medeniyetimiz \u00dczerine D\u00fc\u015f\u00fcnceler"},"content":{"rendered":"<p>Ahmet Davuto\u011flu 1998&#8217;de yazd\u0131\u011f\u0131 makalede medeniyet konusunu Edmund Husserl&#8217;in Selbstverst\u00e4ndnis (ben-idraki) ile Lebenswelt (hayat d\u00fcnyas\u0131; ortak tecr\u00fcbe alan\u0131) kavramlar\u0131yla a\u00e7\u0131kl\u0131yor. Bu tespit \u00e7ok \u00f6nemli. &#8220;Ben idraki ile hayat d\u00fcnyas\u0131 aras\u0131nda etkin ve do\u011frudan ili\u015fki kurabilen medeniyetler canlanma ya\u015farken, bu ili\u015fkinin koptu\u011fu ya da zay\u0131flad\u0131\u011f\u0131 medeniyetlerde bunal\u0131mlar ve d\u00fc\u015f\u00fc\u015fler g\u00f6r\u00fclmektedir&#8221; diyor. 17 y\u0131l sonra gerekli soruyu soral\u0131m. Bizim ben idrakimiz bu d\u00f6nemde kendi hayat d\u00fcnyas\u0131n\u0131 tasarlamakta ne kadar ba\u015far\u0131l\u0131 oldu? Hayat d\u00fcnyas\u0131 dedi\u011fimizde evlerden, i\u015fyerlerinden, okullardan, mahallelerden ve \u015fehirlerden bahsediyor olmal\u0131y\u0131z. Hayat d\u00fcnyas\u0131 dedi\u011fimizde televizyon yay\u0131nc\u0131l\u0131\u011f\u0131ndan, gazetelerden, sinemadan, tiyatrodan, internetten de bahsediyor olmal\u0131y\u0131z. Bu d\u00f6nemde Cem Y\u0131lmaz&#8217;\u0131, Acun Il\u0131cal\u0131&#8217;y\u0131 \u00e7\u0131kard\u0131k. Belki bir Yunus \u00e7\u0131karmal\u0131yd\u0131k \u00e7\u00fcnk\u00fc o bize &#8220;bug\u00fcn herkes fazladan bir iyilik yaps\u0131n&#8221; diyebilir. \ufffcTan\u0131t\u0131m Metni<\/p>\n","protected":false},"excerpt":{"rendered":"<p>Ahmet Davuto\u011flu 1998&#8217;de yazd\u0131\u011f\u0131 makalede medeniyet konusunu Edmund Husserl&#8217;in Selbstverst\u00e4ndnis (ben-idraki) ile Lebenswelt (hayat d\u00fcnyas\u0131; ortak tecr\u00fcbe alan\u0131) kavramlar\u0131yla a\u00e7\u0131kl\u0131yor. Bu tespit \u00e7ok \u00f6nemli. &#8220;Ben idraki<span class=\"excerpt-hellip\"> [\u2026]<\/span><\/p>\n","protected":false},"featured_media":0,"template":"","meta":{"_monsterinsights_skip_tracking":false,"_monsterinsights_sitenote_active":false,"_monsterinsights_sitenote_note":"","_monsterinsights_sitenote_category":0},"product_brand":[],"product_cat":[20039,13488],"product_tag":[],"class_list":{"0":"post-708235","1":"product","2":"type-product","3":"status-publish","5":"product_cat-kultur-tarihi","6":"product_cat-toplum-ve-insan","7":"pa_cilt-ciltsiz","8":"pa_tur-kitap","9":"pa_yayinevi-biyografi-net-yayincilik","10":"pa_yazar-mustafa-kadir-atasoy","12":"first","13":"instock","14":"sale","15":"shipping-taxable","16":"purchasable","17":"product-type-simple"},"_links":{"self":[{"href":"https:\/\/roveyayinevi.com.tr\/index.php\/wp-json\/wp\/v2\/product\/708235","targetHints":{"allow":["GET"]}}],"collection":[{"href":"https:\/\/roveyayinevi.com.tr\/index.php\/wp-json\/wp\/v2\/product"}],"about":[{"href":"https:\/\/roveyayinevi.com.tr\/index.php\/wp-json\/wp\/v2\/types\/product"}],"wp:attachment":[{"href":"https:\/\/roveyayinevi.com.tr\/index.php\/wp-json\/wp\/v2\/media?parent=708235"}],"wp:term":[{"taxonomy":"product_brand","embeddable":true,"href":"https:\/\/roveyayinevi.com.tr\/index.php\/wp-json\/wp\/v2\/product_brand?post=708235"},{"taxonomy":"product_cat","embeddable":true,"href":"https:\/\/roveyayinevi.com.tr\/index.php\/wp-json\/wp\/v2\/product_cat?post=708235"},{"taxonomy":"product_tag","embeddable":true,"href":"https:\/\/roveyayinevi.com.tr\/index.php\/wp-json\/wp\/v2\/product_tag?post=708235"}],"curies":[{"name":"wp","href":"https:\/\/api.w.org\/{rel}","templated":true}]}}