{"id":708234,"date":"2025-08-27T16:12:46","date_gmt":"2025-08-27T13:12:46","guid":{"rendered":"https:\/\/roveyayinevi.com.tr\/index.php\/urun\/fenafizzindan-olmak\/"},"modified":"2026-04-16T02:16:49","modified_gmt":"2026-04-15T23:16:49","slug":"fenafizzindan-olmak","status":"publish","type":"product","link":"https:\/\/roveyayinevi.com.tr\/index.php\/urun\/fenafizzindan-olmak\/","title":{"rendered":"Fenafizzindan Olmak"},"content":{"rendered":"<p>&#8220;Y\u0131lanl\u0131 kuyu&#8221; eski tip bir hapishaneye de at\u0131lm\u0131\u015f olmakla beraber, yeni tip bir hapishanenin s\u00f6z\u00fcm ona F tipi villas\u0131nday\u0131m!.. Halimi, hali biliyorum!.. Halim, halinin denizinde bir kova su kat\u0131\u011f\u0131!.. \u00d6yla sark\u0131yorum meseleye!.. Yeni tip bu cinnet yata\u011f\u0131n\u0131n &#8220;F&#8221; asl\u0131nda F de\u011fildir!.. Bir ters \u00e7eviri\u015f halinde, kabas\u0131 \u00fczerine oturtulup ayaklar\u0131 ufki uzat\u0131lm\u0131\u015f, t\u0131rnaklar\u0131 g\u00f6stertilen ilk mektep talebeleri gibi elleri de, ayaklar\u0131na paralel halde ufki uzat\u0131lm\u0131\u015f bir adam\u0131n sil\u00fcet \u015feklidir!.. \u0130ki el ve iki aya\u011f\u0131 ufka do\u011fru uzat\u0131lm\u0131\u015f iki paralel \u00e7izgi say\u0131n&#8230; Bu iki paralel \u00e7izgiyi, diplerinden amudi vaziyette kesen bir g\u00f6vde ve ucunda ba\u015f olmayan bir boyun \u00e7izgisiyle tamamlanmas\u0131n\u0131n resmidir F!&#8230; Bir sureti resmeden, bir \u015fekil remzi!&#8230;-&#8220;Ayaklanmak, k\u0131yamlanmakt\u0131r!&#8230; Otur ve uzat ayaklar\u0131n\u0131!&#8230;&#8221;-&#8220;Eller, cemiyete do\u011fru insan\u0131n tasarruf hamlesidir!&#8230; G\u00f6rebilece\u011fimiz halde tut ve uzat!&#8230;&#8221;-&#8220;Ba\u015f m\u0131?.. Ba\u015f sana ne laz\u0131m!.. \u00c7eneden itibaren alt\u0131 yeter!.. Kopar ve at!&#8230;-&#8220;Otur, uzat, at!..&#8221; F tipinin F&#8217;si, \u00fc\u00e7l\u00fc bir formilasyon halinde budur!&#8230;Milyonlar\u0131n izledi\u011fi ana haber b\u00fcltenleri ve yine milyonlar\u0131n okudu\u011fu gazete man\u015fetlerinde, t\u00fcrl\u00fc adi yak\u0131\u015ft\u0131rmayla birlikte ad\u0131m \u00f6rg\u00fct lideri olarak an\u0131ld\u0131!.. Hapis yatt\u0131k!.. Yarg\u0131lanmam\u0131za mesnet olabilecek tek \u015fey bile bulunamad\u0131\u011f\u0131ndan ya da uyduralamad\u0131\u011f\u0131ndan, dava bile a\u00e7\u0131lmaks\u0131z\u0131n-a\u00e7\u0131lamaks\u0131z\u0131n beraat ettik!.. &#8220;Polis-Adliye-Medya&#8221; teslisiyle kurulan tezgah\u0131n jurnalini avaz avaz ba\u011f\u0131ran hoparl\u00f6rler, beraat etti\u011fimizi kendi h\u0131\u00e7k\u0131r\u0131\u011f\u0131 \u00e7ap\u0131nda olsun ne bir sesle, ne tek bir kare ne tek bir sat\u0131rla g\u00f6rmedi, g\u00f6stermedi!.. \u0130nternet arama motorlar\u0131na ismimizi yazanlar hala ayn\u0131 iftiralar\u0131n ge\u00e7it alay\u0131n\u0131 \u00e7ar\u015faf \u00e7ar\u015faf tema\u015fa edebilirler!.. \u0130\u015fin i\u00e7inde bir de insan\u0131m\u0131z\u0131n, duvar\u0131n ard\u0131na bile dolan\u0131p bakmaktan aciz uyu\u015fukluk ve vurdumduymazl\u0131\u011f\u0131n\u0131 koyun ve nam\u0131m\u0131za bir daha d\u00fc\u015f\u00fcn\u00fcn: Meseleleri, g\u00f6ky\u00fcz\u00fcne kurulmu\u015f iftira bilbordlar\u0131ndan takip etmek ucuzculuk ve kolayc\u0131l\u0131\u011f\u0131 varken, \u015fimdi biz kimi, \u00e7\u0131kmaz sokaklar\u0131m\u0131zdaki duvar ilanlar\u0131m\u0131z\u0131n ba\u015f\u0131na \u00e7ekebilecek, hadiseleri b\u00fct\u00fcn hakikati ve ci\u011feriyle ka\u00e7 ki\u015fiye anlatabilece\u011fiz!.. Hi\u00e7 bir \u015fey yapmam\u0131\u015f olmaktansa, bir ameliyede bulunmu\u015f olmak nam\u0131na en az\u0131ndan bir tu\u011fla koymak, ne kadar onurlu ve ne kadar cesuranedir!.. \u0130\u015fte elinizdeki bu eser, taraf\u0131m\u0131zca koyulmu\u015f o tu\u011flad\u0131r!..<\/p>\n","protected":false},"excerpt":{"rendered":"<p>&#8220;Y\u0131lanl\u0131 kuyu&#8221; eski tip bir hapishaneye de at\u0131lm\u0131\u015f olmakla beraber, yeni tip bir hapishanenin s\u00f6z\u00fcm ona F tipi villas\u0131nday\u0131m!.. Halimi, hali biliyorum!.. Halim, halinin denizinde bir<span class=\"excerpt-hellip\"> [\u2026]<\/span><\/p>\n","protected":false},"featured_media":0,"template":"","meta":{"_monsterinsights_skip_tracking":false,"_monsterinsights_sitenote_active":false,"_monsterinsights_sitenote_note":"","_monsterinsights_sitenote_category":0},"product_brand":[],"product_cat":[13059,12337],"product_tag":[],"class_list":{"0":"post-708234","1":"product","2":"type-product","3":"status-publish","5":"product_cat-diger-politika-siyaset","6":"product_cat-politika-siyaset","7":"pa_cilt-ciltsiz","8":"pa_tur-kitap","9":"pa_yayinevi-seriyye-yayin","10":"pa_yazar-servet-turgut","12":"first","13":"instock","14":"sale","15":"shipping-taxable","16":"purchasable","17":"product-type-simple"},"_links":{"self":[{"href":"https:\/\/roveyayinevi.com.tr\/index.php\/wp-json\/wp\/v2\/product\/708234","targetHints":{"allow":["GET"]}}],"collection":[{"href":"https:\/\/roveyayinevi.com.tr\/index.php\/wp-json\/wp\/v2\/product"}],"about":[{"href":"https:\/\/roveyayinevi.com.tr\/index.php\/wp-json\/wp\/v2\/types\/product"}],"wp:attachment":[{"href":"https:\/\/roveyayinevi.com.tr\/index.php\/wp-json\/wp\/v2\/media?parent=708234"}],"wp:term":[{"taxonomy":"product_brand","embeddable":true,"href":"https:\/\/roveyayinevi.com.tr\/index.php\/wp-json\/wp\/v2\/product_brand?post=708234"},{"taxonomy":"product_cat","embeddable":true,"href":"https:\/\/roveyayinevi.com.tr\/index.php\/wp-json\/wp\/v2\/product_cat?post=708234"},{"taxonomy":"product_tag","embeddable":true,"href":"https:\/\/roveyayinevi.com.tr\/index.php\/wp-json\/wp\/v2\/product_tag?post=708234"}],"curies":[{"name":"wp","href":"https:\/\/api.w.org\/{rel}","templated":true}]}}