{"id":708227,"date":"2025-08-27T16:12:43","date_gmt":"2025-08-27T13:12:43","guid":{"rendered":"https:\/\/roveyayinevi.com.tr\/index.php\/urun\/hunkar-haci-bektas-i-veli\/"},"modified":"2026-04-16T02:16:49","modified_gmt":"2026-04-15T23:16:49","slug":"hunkar-haci-bektas-i-veli","status":"publish","type":"product","link":"https:\/\/roveyayinevi.com.tr\/index.php\/urun\/hunkar-haci-bektas-i-veli\/","title":{"rendered":"H\u00fcnkar Hac\u0131 Bekta\u015f-\u0131 Veli"},"content":{"rendered":"<p>Bostanc\u0131 Baba&#8217;n\u0131n geldi\u011fini \u00f6\u011frenen H\u00fcnkar Hac\u0131 Bekta\u015f-\u0131 Veli, Makalat kitab\u0131n\u0131 yazma\u011fa ba\u015flam\u0131\u015ft\u0131. Osman Bey&#8217;e himmet eden Allah dostu, \u015eeyh Edebali oldu\u011fu gibi, H\u00fcnkar hazretleri de Orhan Gazi&#8217;ye himmet ediyordu. Anadolu hakk\u0131nda, beylikler hakk\u0131nda en \u00f6nemlisi de Bizans hakk\u0131nda s\u00f6yleyecekleri vard\u0131 H\u00fcnkar&#8217;\u0131n. Orhan Gazi ise H\u00fcnkar&#8217;\u0131n s\u00f6zlerini h\u0131fz ediyor, her bir hecesini canevinde duyuyordu. Hac\u0131 Bekta\u015f-\u0131 Veli&#8217;yi hocas\u0131 Lokman-\u0131 Perende hazretleri Ni\u015fabur&#8217;dan Anadolu&#8217;ya g\u00f6ndermi\u015fti. Bostanc\u0131 Baba; Lokman-\u0131 Perende, H\u0131z\u0131r Aleyhisselam, Ahi Evran-\u0131 Veli, emanet ve \u0130zmit aras\u0131nda ba\u011flar kuruyor, d\u00fc\u011f\u00fcmler \u00e7\u00f6z\u00fcl\u00fcyordu. <\/p>\n","protected":false},"excerpt":{"rendered":"<p>Bostanc\u0131 Baba&#8217;n\u0131n geldi\u011fini \u00f6\u011frenen H\u00fcnkar Hac\u0131 Bekta\u015f-\u0131 Veli, Makalat kitab\u0131n\u0131 yazma\u011fa ba\u015flam\u0131\u015ft\u0131. Osman Bey&#8217;e himmet eden Allah dostu, \u015eeyh Edebali oldu\u011fu gibi, H\u00fcnkar hazretleri de Orhan<span class=\"excerpt-hellip\"> [\u2026]<\/span><\/p>\n","protected":false},"featured_media":0,"template":"","meta":{"_monsterinsights_skip_tracking":false,"_monsterinsights_sitenote_active":false,"_monsterinsights_sitenote_note":"","_monsterinsights_sitenote_category":0},"product_brand":[],"product_cat":[19998,12388],"product_tag":[],"class_list":{"0":"post-708227","1":"product","2":"type-product","3":"status-publish","5":"product_cat-din-felsefesi","6":"product_cat-felsefe","7":"pa_cilt-ciltsiz","8":"pa_tur-kitap","9":"pa_yayinevi-biyografi-net-yayincilik","10":"pa_yazar-mahmut-cetin","12":"first","13":"instock","14":"sale","15":"shipping-taxable","16":"purchasable","17":"product-type-simple"},"_links":{"self":[{"href":"https:\/\/roveyayinevi.com.tr\/index.php\/wp-json\/wp\/v2\/product\/708227","targetHints":{"allow":["GET"]}}],"collection":[{"href":"https:\/\/roveyayinevi.com.tr\/index.php\/wp-json\/wp\/v2\/product"}],"about":[{"href":"https:\/\/roveyayinevi.com.tr\/index.php\/wp-json\/wp\/v2\/types\/product"}],"wp:attachment":[{"href":"https:\/\/roveyayinevi.com.tr\/index.php\/wp-json\/wp\/v2\/media?parent=708227"}],"wp:term":[{"taxonomy":"product_brand","embeddable":true,"href":"https:\/\/roveyayinevi.com.tr\/index.php\/wp-json\/wp\/v2\/product_brand?post=708227"},{"taxonomy":"product_cat","embeddable":true,"href":"https:\/\/roveyayinevi.com.tr\/index.php\/wp-json\/wp\/v2\/product_cat?post=708227"},{"taxonomy":"product_tag","embeddable":true,"href":"https:\/\/roveyayinevi.com.tr\/index.php\/wp-json\/wp\/v2\/product_tag?post=708227"}],"curies":[{"name":"wp","href":"https:\/\/api.w.org\/{rel}","templated":true}]}}