{"id":708225,"date":"2025-08-27T16:12:42","date_gmt":"2025-08-27T13:12:42","guid":{"rendered":"https:\/\/roveyayinevi.com.tr\/index.php\/urun\/altin-sozler-ile-basarili-konusma-teknikleri\/"},"modified":"2026-04-16T02:16:49","modified_gmt":"2026-04-15T23:16:49","slug":"altin-sozler-ile-basarili-konusma-teknikleri","status":"publish","type":"product","link":"https:\/\/roveyayinevi.com.tr\/index.php\/urun\/altin-sozler-ile-basarili-konusma-teknikleri\/","title":{"rendered":"Alt\u0131n S\u00f6zler ile Ba\u015far\u0131l\u0131 Konu\u015fma Teknikleri"},"content":{"rendered":"<p>Dinlenir ak\u0131lda kal\u0131r k\u0131sa s\u00f6z, Binlerce d\u00fc\u011f\u00fcm\u00fc Bir tek s\u00f6zle \u00e7\u00f6z &#8230;Bir zamanlar bat\u0131 ve do\u011fu k\u00fclt\u00fcrlerinde en \u00e7ok para kazananlar ve itibar g\u00f6renler hatiplerdi&#8230; Hitabet, insanl\u0131\u011fa g\u00fczellikler sunmal\u0131d\u0131r. Francis Bacon, &#8220;Hitabet ilmi, fazilet ve iyili\u011fi g\u00f6r\u00fcn\u00fcrcesine resimlerle s\u00fcslemektir&#8221; derken, asl\u0131nda en do\u011fru tarifi yapm\u0131\u015ft\u0131r. D\u00fcnyan\u0131n en g\u00fc\u00e7l\u00fc hatiplerinden Bernard Shaw ise hitabet i\u00e7in \u015funlar\u0131 s\u00f6yl\u00fcyor: &#8220;Hitabet, bilinmeyen esrarengiz yerlerden dev r\u00fczgarlar\u0131n s\u00fcr\u00fckledi\u011fi b\u00fcy\u00fc bulutlar\u0131d\u0131r. Her kim ki bu bulutlar\u0131n alt\u0131nda durur, etkilenmemesi m\u00fcmk\u00fcn de\u011fil.&#8221; Siz de belki d\u00fcnyan\u0131n en b\u00fcy\u00fck hatibi olmayabilirsiniz ama bulundu\u011funuz yerin en iyi hatibi olabilirsiniz. T\u0131pk\u0131 a\u015fa\u011f\u0131daki f\u0131krada oldu\u011fu gibi: Boylu poslu, adaleli, g\u00fc\u00e7l\u00fc kuvvetli bir adama hayranl\u0131kla bakan k\u0131sa boylu, s\u0131ska gen\u00e7 \u015f\u00f6yle der: &#8220;Ben de sizin gibi b\u00f6yle boylu poslu, adaleli olsayd\u0131m, a\u011f\u0131r s\u0131klet \u015fampiyonu olurdum.&#8221; Adam da \u015funlar\u0131 s\u00f6yler: &#8220;Peki ama seni hafif s\u0131klet \u015fampiyonu olmaktan al\u0131koyan ne?&#8221;<\/p>\n","protected":false},"excerpt":{"rendered":"<p>Dinlenir ak\u0131lda kal\u0131r k\u0131sa s\u00f6z, Binlerce d\u00fc\u011f\u00fcm\u00fc Bir tek s\u00f6zle \u00e7\u00f6z &#8230;Bir zamanlar bat\u0131 ve do\u011fu k\u00fclt\u00fcrlerinde en \u00e7ok para kazananlar ve itibar g\u00f6renler hatiplerdi&#8230; Hitabet,<span class=\"excerpt-hellip\"> [\u2026]<\/span><\/p>\n","protected":false},"featured_media":0,"template":"","meta":{"_monsterinsights_skip_tracking":false,"_monsterinsights_sitenote_active":false,"_monsterinsights_sitenote_note":"","_monsterinsights_sitenote_category":0},"product_brand":[],"product_cat":[12364,12376],"product_tag":[],"class_list":{"0":"post-708225","1":"product","2":"type-product","3":"status-publish","5":"product_cat-genel-konular","6":"product_cat-kisisel-gelisim","7":"pa_cilt-ciltsiz","8":"pa_tur-kitap","9":"pa_yayinevi-hayat-yayinlari","10":"pa_yazar-sirri-er","12":"first","13":"instock","14":"sale","15":"shipping-taxable","16":"purchasable","17":"product-type-simple"},"_links":{"self":[{"href":"https:\/\/roveyayinevi.com.tr\/index.php\/wp-json\/wp\/v2\/product\/708225","targetHints":{"allow":["GET"]}}],"collection":[{"href":"https:\/\/roveyayinevi.com.tr\/index.php\/wp-json\/wp\/v2\/product"}],"about":[{"href":"https:\/\/roveyayinevi.com.tr\/index.php\/wp-json\/wp\/v2\/types\/product"}],"wp:attachment":[{"href":"https:\/\/roveyayinevi.com.tr\/index.php\/wp-json\/wp\/v2\/media?parent=708225"}],"wp:term":[{"taxonomy":"product_brand","embeddable":true,"href":"https:\/\/roveyayinevi.com.tr\/index.php\/wp-json\/wp\/v2\/product_brand?post=708225"},{"taxonomy":"product_cat","embeddable":true,"href":"https:\/\/roveyayinevi.com.tr\/index.php\/wp-json\/wp\/v2\/product_cat?post=708225"},{"taxonomy":"product_tag","embeddable":true,"href":"https:\/\/roveyayinevi.com.tr\/index.php\/wp-json\/wp\/v2\/product_tag?post=708225"}],"curies":[{"name":"wp","href":"https:\/\/api.w.org\/{rel}","templated":true}]}}