{"id":708224,"date":"2025-08-27T16:12:42","date_gmt":"2025-08-27T13:12:42","guid":{"rendered":"https:\/\/roveyayinevi.com.tr\/index.php\/urun\/bel-ve-boyun-agrilarindan-kurtulma-yollari\/"},"modified":"2026-04-16T02:16:49","modified_gmt":"2026-04-15T23:16:49","slug":"bel-ve-boyun-agrilarindan-kurtulma-yollari","status":"publish","type":"product","link":"https:\/\/roveyayinevi.com.tr\/index.php\/urun\/bel-ve-boyun-agrilarindan-kurtulma-yollari\/","title":{"rendered":"Bel ve Boyun A\u011fr\u0131lar\u0131ndan Kurtulma Yollar\u0131"},"content":{"rendered":"<p>G\u00f6kten \u015fifa ya\u011f\u0131yor.  Almak isteyenlere ne mutlu\u2026 Bir daha hi\u00e7 hastalanmadan a\u011fr\u0131s\u0131z ya\u015famak m\u00fcmk\u00fcn. Hatta sadece hastal\u0131klar\u0131n\u0131z\u0131n nas\u0131l yok oldu\u011funu de\u011fil, ya\u015fam\u0131n\u0131z\u0131n nas\u0131l de\u011fi\u015fti\u011fini de g\u00f6r\u00fcn. Bu kitap, bir \u201cDamdan D\u00fc\u015fen\u201din hik\u00e2yesi\u2026 Bu kitab\u0131n hedefi; Servet harcamadan, Hi\u00e7 kimseye ba\u011f\u0131ml\u0131 kalmadan, G\u00fcnl\u00fck hayat\u0131n\u0131za adapte edebilece\u011finiz, Kendi kendinize yapabilece\u011finiz, \u00e7ok etkili ve kolay y\u00f6ntemlerle ba\u015fta bel ve boyun a\u011fr\u0131lar\u0131 olmak \u00fczere hayat\u0131n\u0131zdaki fiziksel, zihinsel ve ruhsal problemlerinizden kurtulman\u0131zd\u0131r. Yazar ve yazar gibi binlerce ki\u015fi tekrar a\u011fr\u0131s\u0131z ve huzurlu yeni ya\u015famlar\u0131na ad\u0131m att\u0131. Siz de yapabilirsiniz! <\/p>\n","protected":false},"excerpt":{"rendered":"<p>G\u00f6kten \u015fifa ya\u011f\u0131yor. Almak isteyenlere ne mutlu\u2026 Bir daha hi\u00e7 hastalanmadan a\u011fr\u0131s\u0131z ya\u015famak m\u00fcmk\u00fcn. Hatta sadece hastal\u0131klar\u0131n\u0131z\u0131n nas\u0131l yok oldu\u011funu de\u011fil, ya\u015fam\u0131n\u0131z\u0131n nas\u0131l de\u011fi\u015fti\u011fini de g\u00f6r\u00fcn.<span class=\"excerpt-hellip\"> [\u2026]<\/span><\/p>\n","protected":false},"featured_media":0,"template":"","meta":{"_monsterinsights_skip_tracking":false,"_monsterinsights_sitenote_active":false,"_monsterinsights_sitenote_note":"","_monsterinsights_sitenote_category":0},"product_brand":[],"product_cat":[16965,13365],"product_tag":[],"class_list":{"0":"post-708224","1":"product","2":"type-product","3":"status-publish","5":"product_cat-genel-saglik-kitaplari","6":"product_cat-saglik","7":"pa_cilt-ciltsiz","8":"pa_tur-kitap","9":"pa_yayinevi-hayat-yayinlari","10":"pa_yazar-cagla-yuksel","12":"first","13":"instock","14":"sale","15":"shipping-taxable","16":"purchasable","17":"product-type-simple"},"_links":{"self":[{"href":"https:\/\/roveyayinevi.com.tr\/index.php\/wp-json\/wp\/v2\/product\/708224","targetHints":{"allow":["GET"]}}],"collection":[{"href":"https:\/\/roveyayinevi.com.tr\/index.php\/wp-json\/wp\/v2\/product"}],"about":[{"href":"https:\/\/roveyayinevi.com.tr\/index.php\/wp-json\/wp\/v2\/types\/product"}],"wp:attachment":[{"href":"https:\/\/roveyayinevi.com.tr\/index.php\/wp-json\/wp\/v2\/media?parent=708224"}],"wp:term":[{"taxonomy":"product_brand","embeddable":true,"href":"https:\/\/roveyayinevi.com.tr\/index.php\/wp-json\/wp\/v2\/product_brand?post=708224"},{"taxonomy":"product_cat","embeddable":true,"href":"https:\/\/roveyayinevi.com.tr\/index.php\/wp-json\/wp\/v2\/product_cat?post=708224"},{"taxonomy":"product_tag","embeddable":true,"href":"https:\/\/roveyayinevi.com.tr\/index.php\/wp-json\/wp\/v2\/product_tag?post=708224"}],"curies":[{"name":"wp","href":"https:\/\/api.w.org\/{rel}","templated":true}]}}