{"id":708219,"date":"2025-08-27T16:12:40","date_gmt":"2025-08-27T13:12:40","guid":{"rendered":"https:\/\/roveyayinevi.com.tr\/index.php\/urun\/karanlik-cennet\/"},"modified":"2026-04-16T02:16:49","modified_gmt":"2026-04-15T23:16:49","slug":"karanlik-cennet","status":"publish","type":"product","link":"https:\/\/roveyayinevi.com.tr\/index.php\/urun\/karanlik-cennet\/","title":{"rendered":"Karanl\u0131k Cennet"},"content":{"rendered":"<p>Evrenin bamba\u015fka bir k\u00f6\u015fesinde, her \u015feye yeniden ba\u015flamak i\u00e7in bir \u015fans yakalasak, yine ayn\u0131 hatalara d\u00fc\u015fer miydik?Ka\u00e7\u0131rd\u0131klar\u0131 uzay gemisiyle ba\u015fka bir galaksiye giden Mehmet, Dixon ve Tommy, pe\u015flerine d\u00fc\u015fen Y\u00f6r\u00fcnge Polisleri Angela ve Michael\u2019la D\u00fcnya\u2019ya hi\u00e7 benzemeyen bir gezegende mahsur kal\u0131r. G\u00fcne\u015f\u2019in ve dolay\u0131s\u0131yla g\u00fcn ve g\u00fcnd\u00fcz\u00fcn olmad\u0131\u011f\u0131 yeni evleri Karanl\u0131k Cennet\u2019te, kendi Aile\u2019lerini kurar ve alt\u0131 nesil sonra karma\u015f\u0131k bir toplum sistemi olu\u015fturmay\u0131 ba\u015far\u0131rlar.Aile\u2019nin b\u00fcy\u00fckleri, g\u00f6\u011f\u00fc ayd\u0131nl\u0131k bir d\u00fcnyan\u0131n efsanelerini y\u00e2d ederek kurtar\u0131lacaklar\u0131 g\u00fcn\u00fc beklerken, hen\u00fcz yirmi rahimlik bir \u00e7ocuk olan John K\u0131z\u0131lfener, Cennet\u2019in kanunlar\u0131n\u0131 reddedip tarihin ak\u0131\u015f\u0131n\u0131 de\u011fi\u015ftirir. Aile\u2019nin geleneklerine y\u00fcz \u00e7eviren John, Karanl\u0131k\u2019a at\u0131l\u0131p d\u00fcnyalar\u0131n\u0131n ard\u0131ndaki gizi ke\u015ffeder.\u201c\u00c7ok iyi kurgulanm\u0131\u015f ve yaz\u0131lm\u0131\u015f olmas\u0131n\u0131n \u00f6tesinde bu roman toplumsal haf\u0131za, din ve rit\u00fcellerin sosyal organizma i\u00e7indeki yerine dair etkileyici fikirlerle dolu.\u201d &#8211; READER\u2019S DIGEST -\u201cBeckett orman\u0131n ard\u0131ndaki karanl\u0131\u011f\u0131n deh\u015fetini resmederken bilinmeyene dair duydu\u011fumuz o ilkel korkuyu uyand\u0131rmay\u0131 \u00e7ok iyi ba\u015far\u0131yor.\u201d &#8211; NEW YORK TIMES &#8211; <\/p>\n","protected":false},"excerpt":{"rendered":"<p>Evrenin bamba\u015fka bir k\u00f6\u015fesinde, her \u015feye yeniden ba\u015flamak i\u00e7in bir \u015fans yakalasak, yine ayn\u0131 hatalara d\u00fc\u015fer miydik?Ka\u00e7\u0131rd\u0131klar\u0131 uzay gemisiyle ba\u015fka bir galaksiye giden Mehmet, Dixon ve<span class=\"excerpt-hellip\"> [\u2026]<\/span><\/p>\n","protected":false},"featured_media":0,"template":"","meta":{"_monsterinsights_skip_tracking":false,"_monsterinsights_sitenote_active":false,"_monsterinsights_sitenote_note":"","_monsterinsights_sitenote_category":0},"product_brand":[],"product_cat":[12291,12711],"product_tag":[],"class_list":{"0":"post-708219","1":"product","2":"type-product","3":"status-publish","5":"product_cat-edebiyat","6":"product_cat-roman-oyku","7":"pa_cilt-ciltsiz","8":"pa_tur-kitap","9":"pa_yayinevi-kolektif-kitap","10":"pa_yazar-chris-beckett","12":"first","13":"instock","14":"sale","15":"shipping-taxable","16":"purchasable","17":"product-type-simple"},"_links":{"self":[{"href":"https:\/\/roveyayinevi.com.tr\/index.php\/wp-json\/wp\/v2\/product\/708219","targetHints":{"allow":["GET"]}}],"collection":[{"href":"https:\/\/roveyayinevi.com.tr\/index.php\/wp-json\/wp\/v2\/product"}],"about":[{"href":"https:\/\/roveyayinevi.com.tr\/index.php\/wp-json\/wp\/v2\/types\/product"}],"wp:attachment":[{"href":"https:\/\/roveyayinevi.com.tr\/index.php\/wp-json\/wp\/v2\/media?parent=708219"}],"wp:term":[{"taxonomy":"product_brand","embeddable":true,"href":"https:\/\/roveyayinevi.com.tr\/index.php\/wp-json\/wp\/v2\/product_brand?post=708219"},{"taxonomy":"product_cat","embeddable":true,"href":"https:\/\/roveyayinevi.com.tr\/index.php\/wp-json\/wp\/v2\/product_cat?post=708219"},{"taxonomy":"product_tag","embeddable":true,"href":"https:\/\/roveyayinevi.com.tr\/index.php\/wp-json\/wp\/v2\/product_tag?post=708219"}],"curies":[{"name":"wp","href":"https:\/\/api.w.org\/{rel}","templated":true}]}}