{"id":708216,"date":"2025-08-27T16:12:38","date_gmt":"2025-08-27T13:12:38","guid":{"rendered":"https:\/\/roveyayinevi.com.tr\/index.php\/urun\/iktidarsizlik\/"},"modified":"2026-04-16T02:16:49","modified_gmt":"2026-04-15T23:16:49","slug":"iktidarsizlik","status":"publish","type":"product","link":"https:\/\/roveyayinevi.com.tr\/index.php\/urun\/iktidarsizlik\/","title":{"rendered":"\u0130ktidars\u0131zl\u0131k"},"content":{"rendered":"<p>Kendi kendinize veya partnerinizle birlikte rahatl\u0131kla uygulayabilece\u011finiz, en pratik ve en son geli\u015ftirilmi\u015f tedavi teknikleri ile sertle\u015fme sorunlar\u0131na \u00e7\u00f6z\u00fcm bulabilirsiniz. Ba\u015far\u0131s\u0131 kan\u0131tlanm\u0131\u015f bir tecr\u00fcbe ve profesyonel bir yakla\u015f\u0131m i\u00e7in ula\u015fabilece\u011finiz en do\u011fru kitaplardan birini ald\u0131n\u0131z, rahat olun.<\/p>\n","protected":false},"excerpt":{"rendered":"<p>Kendi kendinize veya partnerinizle birlikte rahatl\u0131kla uygulayabilece\u011finiz, en pratik ve en son geli\u015ftirilmi\u015f tedavi teknikleri ile sertle\u015fme sorunlar\u0131na \u00e7\u00f6z\u00fcm bulabilirsiniz. Ba\u015far\u0131s\u0131 kan\u0131tlanm\u0131\u015f bir tecr\u00fcbe ve profesyonel<span class=\"excerpt-hellip\"> [\u2026]<\/span><\/p>\n","protected":false},"featured_media":0,"template":"","meta":{"_monsterinsights_skip_tracking":false,"_monsterinsights_sitenote_active":false,"_monsterinsights_sitenote_note":"","_monsterinsights_sitenote_category":0},"product_brand":[],"product_cat":[35288,13365],"product_tag":[],"class_list":{"0":"post-708216","1":"product","2":"type-product","3":"status-publish","5":"product_cat-cinsellik-saglik","6":"product_cat-saglik","7":"pa_cilt-ciltsiz","8":"pa_tur-kitap","9":"pa_yayinevi-pusula-yayinevi-ankara","10":"pa_yazar-a-cem-kece-zuhal-akalin","12":"first","13":"instock","14":"sale","15":"shipping-taxable","16":"purchasable","17":"product-type-simple"},"_links":{"self":[{"href":"https:\/\/roveyayinevi.com.tr\/index.php\/wp-json\/wp\/v2\/product\/708216","targetHints":{"allow":["GET"]}}],"collection":[{"href":"https:\/\/roveyayinevi.com.tr\/index.php\/wp-json\/wp\/v2\/product"}],"about":[{"href":"https:\/\/roveyayinevi.com.tr\/index.php\/wp-json\/wp\/v2\/types\/product"}],"wp:attachment":[{"href":"https:\/\/roveyayinevi.com.tr\/index.php\/wp-json\/wp\/v2\/media?parent=708216"}],"wp:term":[{"taxonomy":"product_brand","embeddable":true,"href":"https:\/\/roveyayinevi.com.tr\/index.php\/wp-json\/wp\/v2\/product_brand?post=708216"},{"taxonomy":"product_cat","embeddable":true,"href":"https:\/\/roveyayinevi.com.tr\/index.php\/wp-json\/wp\/v2\/product_cat?post=708216"},{"taxonomy":"product_tag","embeddable":true,"href":"https:\/\/roveyayinevi.com.tr\/index.php\/wp-json\/wp\/v2\/product_tag?post=708216"}],"curies":[{"name":"wp","href":"https:\/\/api.w.org\/{rel}","templated":true}]}}