{"id":708210,"date":"2025-08-27T16:12:36","date_gmt":"2025-08-27T13:12:36","guid":{"rendered":"https:\/\/roveyayinevi.com.tr\/index.php\/urun\/dreyfus-meselesi\/"},"modified":"2026-04-16T02:16:49","modified_gmt":"2026-04-15T23:16:49","slug":"dreyfus-meselesi","status":"publish","type":"product","link":"https:\/\/roveyayinevi.com.tr\/index.php\/urun\/dreyfus-meselesi\/","title":{"rendered":"Dreyfus Meselesi"},"content":{"rendered":"<p>\u201cBana gelince; itiraf edeyim ki benim g\u00f6revim ilk \u00f6nce insanca dayan\u0131\u015fman\u0131n, ac\u0131ma ve sevginin gerektirdi\u011fi bir g\u00f6rev olmu\u015ftur. Bir masum, i\u015fkencelerin en korkuncunu \u00e7ekiyordu. Bu y\u00fczdendir ki sadece bu masumu ac\u0131dan kurtarmak i\u00e7in sava\u015f a\u00e7t\u0131m. Tek amac\u0131m, i\u015fkenceye son vermek, \u00f6l\u00fcme b\u0131rak\u0131lm\u0131\u015f olan insan\u0131n g\u00fcn \u0131\u015f\u0131\u011f\u0131na kavu\u015fmas\u0131 i\u00e7in ta\u015f\u0131 kald\u0131rmak, mazlumun yaralar\u0131n\u0131 saracak olan ailesine geri verilmesini sa\u011flamak oldu. Mazlumun Yahudi, Katolik yada M\u00fcsl\u00fcman olmas\u0131 benim i\u00e7in hi\u00e7bir \u015feyi de\u011fi\u015ftirmez. Felakete u\u011frayan bir insan\u0131n yard\u0131m\u0131na ko\u015fuyordum.\u00d6nceleri, masum bir insan\u0131 zincir alt\u0131nda tutan, vicdans\u0131zca at\u0131ld\u0131\u011f\u0131 \u00e7ukurda, g\u00f6zler \u00f6n\u00fcnde can \u00e7eki\u015fmesine yol a\u00e7an cinayetin b\u00fcy\u00fckl\u00fc\u011f\u00fcn\u00fc bilmiyordum. Bununla birlikte hen\u00fcz ge\u00e7 de\u011fildir. Bir ak\u015fam, aile lambas\u0131n\u0131n alt\u0131nda, aile oca\u011f\u0131n\u0131n huzuru i\u00e7inde baba, \u00e7ocuklar\u0131n\u0131 al\u0131p dizlerine oturtacak ve onlara ac\u0131kl\u0131 \u00f6yk\u00fcy\u00fc ba\u015ftan sona dek anlatacakt\u0131r. Babalar\u0131 derin sayg\u0131 ve sevgiye yara\u015f\u0131r bir insand\u0131r. Onunla gurur duyacaklard\u0131r. G\u00fcn\u00fcn birinde herkesin laneti kar\u015f\u0131s\u0131nda masumun o\u011flunun ya da k\u0131z\u0131n\u0131n de\u011fil, cellat \u00e7ocuklar\u0131n\u0131n y\u00fczleri k\u0131zaracakt\u0131r.\u201dMadame Dreyfus\u2019a yazd\u0131\u011f\u0131 mektupta Emile Zola, duygular\u0131n\u0131 b\u00f6yle ifade etmektedir.Elinizdeki kitap, Rothschild ailesini Fransa\u2019dan kovmak amac\u0131yla ba\u015flayan olaylar\u0131n ard\u0131ndan meydana gelen bir insanl\u0131k dram\u0131n\u0131n \u00e7arp\u0131c\u0131 hikayesini anlatmaktad\u0131r. Olay\u0131n Kahramanlar\u0131 Alfred Dreyfus, Georges Picquart, Du Paty de Clam, Edouard Drumont, Walsin Esterhazy, Hubert Henry ve Emile Zola\u2019d\u0131r.<\/p>\n","protected":false},"excerpt":{"rendered":"<p>\u201cBana gelince; itiraf edeyim ki benim g\u00f6revim ilk \u00f6nce insanca dayan\u0131\u015fman\u0131n, ac\u0131ma ve sevginin gerektirdi\u011fi bir g\u00f6rev olmu\u015ftur. Bir masum, i\u015fkencelerin en korkuncunu \u00e7ekiyordu. Bu y\u00fczdendir<span class=\"excerpt-hellip\"> [\u2026]<\/span><\/p>\n","protected":false},"featured_media":0,"template":"","meta":{"_monsterinsights_skip_tracking":false,"_monsterinsights_sitenote_active":false,"_monsterinsights_sitenote_note":"","_monsterinsights_sitenote_category":0},"product_brand":[],"product_cat":[12291,12745],"product_tag":[],"class_list":{"0":"post-708210","1":"product","2":"type-product","3":"status-publish","5":"product_cat-edebiyat","6":"product_cat-tarihi-roman","7":"pa_cilt-ciltsiz","8":"pa_tur-kitap","9":"pa_yayinevi-ars-yayinlari","10":"pa_yazar-babanzade-ismail-hakki","12":"first","13":"instock","14":"sale","15":"shipping-taxable","16":"purchasable","17":"product-type-simple"},"_links":{"self":[{"href":"https:\/\/roveyayinevi.com.tr\/index.php\/wp-json\/wp\/v2\/product\/708210","targetHints":{"allow":["GET"]}}],"collection":[{"href":"https:\/\/roveyayinevi.com.tr\/index.php\/wp-json\/wp\/v2\/product"}],"about":[{"href":"https:\/\/roveyayinevi.com.tr\/index.php\/wp-json\/wp\/v2\/types\/product"}],"wp:attachment":[{"href":"https:\/\/roveyayinevi.com.tr\/index.php\/wp-json\/wp\/v2\/media?parent=708210"}],"wp:term":[{"taxonomy":"product_brand","embeddable":true,"href":"https:\/\/roveyayinevi.com.tr\/index.php\/wp-json\/wp\/v2\/product_brand?post=708210"},{"taxonomy":"product_cat","embeddable":true,"href":"https:\/\/roveyayinevi.com.tr\/index.php\/wp-json\/wp\/v2\/product_cat?post=708210"},{"taxonomy":"product_tag","embeddable":true,"href":"https:\/\/roveyayinevi.com.tr\/index.php\/wp-json\/wp\/v2\/product_tag?post=708210"}],"curies":[{"name":"wp","href":"https:\/\/api.w.org\/{rel}","templated":true}]}}