{"id":708209,"date":"2025-08-27T16:12:35","date_gmt":"2025-08-27T13:12:35","guid":{"rendered":"https:\/\/roveyayinevi.com.tr\/index.php\/urun\/ilk-okuma-kitabim-elif-hayvanat-bahcesinde\/"},"modified":"2026-04-16T02:16:49","modified_gmt":"2026-04-15T23:16:49","slug":"ilk-okuma-kitabim-elif-hayvanat-bahcesinde","status":"publish","type":"product","link":"https:\/\/roveyayinevi.com.tr\/index.php\/urun\/ilk-okuma-kitabim-elif-hayvanat-bahcesinde\/","title":{"rendered":"\u0130lk Okuma Kitab\u0131m &#8211; Elif Hayvanat Bah\u00e7esinde"},"content":{"rendered":"<p>Elif ve s\u0131n\u0131f arkada\u015flar\u0131 hayvanat bah\u00e7esi gezisine gidiyor. Orada g\u00f6r\u00fcp ke\u015ffedecekleri pek \u00e7ok \u015fey var. Zebra yavrusu annesini nas\u0131l tan\u0131r? Mirketler neyle beslenir? Maymunlar sadece muz mu yer? K\u00fc\u00e7\u00fck bir rakun ka\u00e7\u0131nca Elif ve arkada\u015flar\u0131 ne yapt\u0131? Macera dolu bir geziye haz\u0131r olun&#8230; <\/p>\n","protected":false},"excerpt":{"rendered":"<p>Elif ve s\u0131n\u0131f arkada\u015flar\u0131 hayvanat bah\u00e7esi gezisine gidiyor. Orada g\u00f6r\u00fcp ke\u015ffedecekleri pek \u00e7ok \u015fey var. Zebra yavrusu annesini nas\u0131l tan\u0131r? Mirketler neyle beslenir? Maymunlar sadece muz<span class=\"excerpt-hellip\"> [\u2026]<\/span><\/p>\n","protected":false},"featured_media":0,"template":"","meta":{"_monsterinsights_skip_tracking":false,"_monsterinsights_sitenote_active":false,"_monsterinsights_sitenote_note":"","_monsterinsights_sitenote_category":0},"product_brand":[],"product_cat":[12913,12274],"product_tag":[],"class_list":{"0":"post-708209","1":"product","2":"type-product","3":"status-publish","5":"product_cat-3-6-yas-kitaplari","6":"product_cat-cocuk-ve-genclik-kitaplari","7":"pa_cilt-ciltsiz","8":"pa_tur-kitap","9":"pa_yayinevi-is-bankasi-kultur-yayinlari","10":"pa_yazar-liane-schneider","12":"first","13":"instock","14":"sale","15":"shipping-taxable","16":"purchasable","17":"product-type-simple"},"_links":{"self":[{"href":"https:\/\/roveyayinevi.com.tr\/index.php\/wp-json\/wp\/v2\/product\/708209","targetHints":{"allow":["GET"]}}],"collection":[{"href":"https:\/\/roveyayinevi.com.tr\/index.php\/wp-json\/wp\/v2\/product"}],"about":[{"href":"https:\/\/roveyayinevi.com.tr\/index.php\/wp-json\/wp\/v2\/types\/product"}],"wp:attachment":[{"href":"https:\/\/roveyayinevi.com.tr\/index.php\/wp-json\/wp\/v2\/media?parent=708209"}],"wp:term":[{"taxonomy":"product_brand","embeddable":true,"href":"https:\/\/roveyayinevi.com.tr\/index.php\/wp-json\/wp\/v2\/product_brand?post=708209"},{"taxonomy":"product_cat","embeddable":true,"href":"https:\/\/roveyayinevi.com.tr\/index.php\/wp-json\/wp\/v2\/product_cat?post=708209"},{"taxonomy":"product_tag","embeddable":true,"href":"https:\/\/roveyayinevi.com.tr\/index.php\/wp-json\/wp\/v2\/product_tag?post=708209"}],"curies":[{"name":"wp","href":"https:\/\/api.w.org\/{rel}","templated":true}]}}