{"id":708207,"date":"2025-08-27T16:12:34","date_gmt":"2025-08-27T13:12:34","guid":{"rendered":"https:\/\/roveyayinevi.com.tr\/index.php\/urun\/eglenceli-bilim-deniz-ve-kumsal-canlilari\/"},"modified":"2026-04-16T02:16:49","modified_gmt":"2026-04-15T23:16:49","slug":"eglenceli-bilim-deniz-ve-kumsal-canlilari","status":"publish","type":"product","link":"https:\/\/roveyayinevi.com.tr\/index.php\/urun\/eglenceli-bilim-deniz-ve-kumsal-canlilari\/","title":{"rendered":"E\u011flenceli Bilim &#8211; Deniz Ve Kumsal Canl\u0131lar\u0131"},"content":{"rendered":"<p>Denizde ve kumsalda \u00e7ok say\u0131da canl\u0131 ya\u015far. Onlar\u0131 ke\u015ffetmeye ne dersin?Foklar\u0131n kula\u011f\u0131na neden su ka\u00e7maz? Denizanas\u0131 yavrular\u0131 neden anne babalar\u0131na benzemez? S\u00fcngerlerin neden ayaklar\u0131 yoktur? Bu ve benzeri pek \u00e7ok sorunun yan\u0131t\u0131n\u0131 bu kitapta bulabilirsin&#8230; <\/p>\n","protected":false},"excerpt":{"rendered":"<p>Denizde ve kumsalda \u00e7ok say\u0131da canl\u0131 ya\u015far. Onlar\u0131 ke\u015ffetmeye ne dersin?Foklar\u0131n kula\u011f\u0131na neden su ka\u00e7maz? Denizanas\u0131 yavrular\u0131 neden anne babalar\u0131na benzemez? S\u00fcngerlerin neden ayaklar\u0131 yoktur? Bu<span class=\"excerpt-hellip\"> [\u2026]<\/span><\/p>\n","protected":false},"featured_media":0,"template":"","meta":{"_monsterinsights_skip_tracking":false,"_monsterinsights_sitenote_active":false,"_monsterinsights_sitenote_note":"","_monsterinsights_sitenote_category":0},"product_brand":[],"product_cat":[13829,12274],"product_tag":[],"class_list":{"0":"post-708207","1":"product","2":"type-product","3":"status-publish","5":"product_cat-bilimsel-kitaplar","6":"product_cat-cocuk-ve-genclik-kitaplari","7":"pa_cilt-ciltsiz","8":"pa_tur-kitap","9":"pa_yayinevi-is-bankasi-kultur-yayinlari","10":"pa_yazar-monika-lange","12":"first","13":"instock","14":"sale","15":"shipping-taxable","16":"purchasable","17":"product-type-simple"},"_links":{"self":[{"href":"https:\/\/roveyayinevi.com.tr\/index.php\/wp-json\/wp\/v2\/product\/708207","targetHints":{"allow":["GET"]}}],"collection":[{"href":"https:\/\/roveyayinevi.com.tr\/index.php\/wp-json\/wp\/v2\/product"}],"about":[{"href":"https:\/\/roveyayinevi.com.tr\/index.php\/wp-json\/wp\/v2\/types\/product"}],"wp:attachment":[{"href":"https:\/\/roveyayinevi.com.tr\/index.php\/wp-json\/wp\/v2\/media?parent=708207"}],"wp:term":[{"taxonomy":"product_brand","embeddable":true,"href":"https:\/\/roveyayinevi.com.tr\/index.php\/wp-json\/wp\/v2\/product_brand?post=708207"},{"taxonomy":"product_cat","embeddable":true,"href":"https:\/\/roveyayinevi.com.tr\/index.php\/wp-json\/wp\/v2\/product_cat?post=708207"},{"taxonomy":"product_tag","embeddable":true,"href":"https:\/\/roveyayinevi.com.tr\/index.php\/wp-json\/wp\/v2\/product_tag?post=708207"}],"curies":[{"name":"wp","href":"https:\/\/api.w.org\/{rel}","templated":true}]}}