{"id":708206,"date":"2025-08-27T16:12:34","date_gmt":"2025-08-27T13:12:34","guid":{"rendered":"https:\/\/roveyayinevi.com.tr\/index.php\/urun\/eglenceli-bilim-serisi-kurbagali-gol\/"},"modified":"2026-04-16T02:16:49","modified_gmt":"2026-04-15T23:16:49","slug":"eglenceli-bilim-serisi-kurbagali-gol","status":"publish","type":"product","link":"https:\/\/roveyayinevi.com.tr\/index.php\/urun\/eglenceli-bilim-serisi-kurbagali-gol\/","title":{"rendered":"E\u011flenceli Bilim Serisi &#8211; Kurba\u011fal\u0131 G\u00f6l"},"content":{"rendered":"<p>K\u00fc\u00e7\u00fck bir kurba\u011fa yumurtas\u0131ndaki larvalar nas\u0131l ortaya \u00e7\u0131kar? Larvalar\u0131n iriba\u015f haline gelmesi ne kadar s\u00fcrer? \u0130riba\u015flar\u0131n b\u00fcy\u00fcy\u00fcp ergin kurba\u011fa haline gelmesi yani ba\u015fkala\u015f\u0131m nas\u0131l olur? Kurba\u011falar\u0131n suda ba\u015flayan ve karada devam eden ya\u015fam ser\u00fcvenlerini Kurba\u011fal\u0131 G\u00f6l\u2019de bulabilirsin&#8230; \ufffcTan\u0131t\u0131m Metni<\/p>\n","protected":false},"excerpt":{"rendered":"<p>K\u00fc\u00e7\u00fck bir kurba\u011fa yumurtas\u0131ndaki larvalar nas\u0131l ortaya \u00e7\u0131kar? Larvalar\u0131n iriba\u015f haline gelmesi ne kadar s\u00fcrer? \u0130riba\u015flar\u0131n b\u00fcy\u00fcy\u00fcp ergin kurba\u011fa haline gelmesi yani ba\u015fkala\u015f\u0131m nas\u0131l olur? Kurba\u011falar\u0131n<span class=\"excerpt-hellip\"> [\u2026]<\/span><\/p>\n","protected":false},"featured_media":0,"template":"","meta":{"_monsterinsights_skip_tracking":false,"_monsterinsights_sitenote_active":false,"_monsterinsights_sitenote_note":"","_monsterinsights_sitenote_category":0},"product_brand":[],"product_cat":[13829,12274],"product_tag":[],"class_list":{"0":"post-708206","1":"product","2":"type-product","3":"status-publish","5":"product_cat-bilimsel-kitaplar","6":"product_cat-cocuk-ve-genclik-kitaplari","7":"pa_cilt-ciltsiz","8":"pa_tur-kitap","9":"pa_yayinevi-is-bankasi-kultur-yayinlari","10":"pa_yazar-sabine-choinski","12":"first","13":"instock","14":"sale","15":"shipping-taxable","16":"purchasable","17":"product-type-simple"},"_links":{"self":[{"href":"https:\/\/roveyayinevi.com.tr\/index.php\/wp-json\/wp\/v2\/product\/708206","targetHints":{"allow":["GET"]}}],"collection":[{"href":"https:\/\/roveyayinevi.com.tr\/index.php\/wp-json\/wp\/v2\/product"}],"about":[{"href":"https:\/\/roveyayinevi.com.tr\/index.php\/wp-json\/wp\/v2\/types\/product"}],"wp:attachment":[{"href":"https:\/\/roveyayinevi.com.tr\/index.php\/wp-json\/wp\/v2\/media?parent=708206"}],"wp:term":[{"taxonomy":"product_brand","embeddable":true,"href":"https:\/\/roveyayinevi.com.tr\/index.php\/wp-json\/wp\/v2\/product_brand?post=708206"},{"taxonomy":"product_cat","embeddable":true,"href":"https:\/\/roveyayinevi.com.tr\/index.php\/wp-json\/wp\/v2\/product_cat?post=708206"},{"taxonomy":"product_tag","embeddable":true,"href":"https:\/\/roveyayinevi.com.tr\/index.php\/wp-json\/wp\/v2\/product_tag?post=708206"}],"curies":[{"name":"wp","href":"https:\/\/api.w.org\/{rel}","templated":true}]}}