{"id":708205,"date":"2025-08-27T16:12:33","date_gmt":"2025-08-27T13:12:33","guid":{"rendered":"https:\/\/roveyayinevi.com.tr\/index.php\/urun\/malcolm-x-2\/"},"modified":"2026-04-05T02:20:08","modified_gmt":"2026-04-04T23:20:08","slug":"malcolm-x-2","status":"publish","type":"product","link":"https:\/\/roveyayinevi.com.tr\/index.php\/urun\/malcolm-x-2\/","title":{"rendered":"Malcolm X"},"content":{"rendered":"<p>Malcolm X, sadece bir \u015fahs\u0131n veya bir ailenin de\u011fil, t\u00fcm Siyahlar\u0131n, hatta Siyahlara yapt\u0131klar\u0131 ile h\u00e2l\u00e2 g\u00fcndemden \u00e7\u0131kmayan bir y\u00f6netimin k\u00fc\u00e7\u00fck \u00f6l\u00e7ekli ama derinlikli bir hik\u00e2yesidir.Baz\u0131lar\u0131n\u0131n \u201cAmerika\u2019y\u0131 titreten adam\u201d, baz\u0131lar\u0131n\u0131n \u201cAmerika\u2019da bir isyan \u00e7\u0131karabilecek veya bir isyan\u0131 bast\u0131rabilecek tek adam\u201d dedikleri bir b\u00fcy\u00fck m\u00fccadele adam\u0131n\u0131n ibretlerle ve ac\u0131larla dolu bu otobiyografisi, engellenemeyen bir \u00f6zg\u00fcrl\u00fck sava\u015f\u0131n\u0131n, ne pahas\u0131na olursa olsun hakikate ula\u015fma yoluna adanm\u0131\u015f yenilmez bir iradenin, insanl\u0131k onurunun, insan dirayet ve haysiyetinin hik\u00e2yesidir.\u201cMuhte\u015fem bir kitap! \u00d6l\u00fcm\u00fcne d\u00fcr\u00fcstl\u00fc\u011f\u00fc, tutkusu ve y\u00fcce gayesi ile en ac\u0131 ger\u00e7e\u011fin bir abidesi olarak kalacak.\u201d -TRUMAN NELSON The Nation\u201cS\u0131ra d\u0131\u015f\u0131, harika, ac\u0131 dolu, \u00f6nemli bir kitap. Kendi a\u011fz\u0131ndan Malcolm\u2019un hikayesine \u015fahit olacaks\u0131n\u0131z.\u201d -The New York Times\u201cAfro-Amerikan m\u00fccadelesini anlatan kitaplar aras\u0131nda sars\u0131lmaz bir yeri olacak bu kitab\u0131n.&#8221;<\/p>\n","protected":false},"excerpt":{"rendered":"<p>Malcolm X, sadece bir \u015fahs\u0131n veya bir ailenin de\u011fil, t\u00fcm Siyahlar\u0131n, hatta Siyahlara yapt\u0131klar\u0131 ile h\u00e2l\u00e2 g\u00fcndemden \u00e7\u0131kmayan bir y\u00f6netimin k\u00fc\u00e7\u00fck \u00f6l\u00e7ekli ama derinlikli bir hik\u00e2yesidir.Baz\u0131lar\u0131n\u0131n<span class=\"excerpt-hellip\"> [\u2026]<\/span><\/p>\n","protected":false},"featured_media":0,"template":"","meta":{"_monsterinsights_skip_tracking":false,"_monsterinsights_sitenote_active":false,"_monsterinsights_sitenote_note":"","_monsterinsights_sitenote_category":0},"product_brand":[],"product_cat":[14009,12291],"product_tag":[],"class_list":{"0":"post-708205","1":"product","2":"type-product","3":"status-publish","5":"product_cat-biyografi-otobiyografi-edebiyat","6":"product_cat-edebiyat","7":"pa_cilt-ciltsiz","8":"pa_tur-kitap","9":"pa_yayinevi-insan-yayinlari","10":"pa_yazar-alex-haley","12":"first","13":"instock","14":"sale","15":"shipping-taxable","16":"purchasable","17":"product-type-simple"},"_links":{"self":[{"href":"https:\/\/roveyayinevi.com.tr\/index.php\/wp-json\/wp\/v2\/product\/708205","targetHints":{"allow":["GET"]}}],"collection":[{"href":"https:\/\/roveyayinevi.com.tr\/index.php\/wp-json\/wp\/v2\/product"}],"about":[{"href":"https:\/\/roveyayinevi.com.tr\/index.php\/wp-json\/wp\/v2\/types\/product"}],"wp:attachment":[{"href":"https:\/\/roveyayinevi.com.tr\/index.php\/wp-json\/wp\/v2\/media?parent=708205"}],"wp:term":[{"taxonomy":"product_brand","embeddable":true,"href":"https:\/\/roveyayinevi.com.tr\/index.php\/wp-json\/wp\/v2\/product_brand?post=708205"},{"taxonomy":"product_cat","embeddable":true,"href":"https:\/\/roveyayinevi.com.tr\/index.php\/wp-json\/wp\/v2\/product_cat?post=708205"},{"taxonomy":"product_tag","embeddable":true,"href":"https:\/\/roveyayinevi.com.tr\/index.php\/wp-json\/wp\/v2\/product_tag?post=708205"}],"curies":[{"name":"wp","href":"https:\/\/api.w.org\/{rel}","templated":true}]}}