{"id":708203,"date":"2025-08-27T16:12:32","date_gmt":"2025-08-27T13:12:32","guid":{"rendered":"https:\/\/roveyayinevi.com.tr\/index.php\/urun\/egitimde-etik\/"},"modified":"2026-04-16T02:16:49","modified_gmt":"2026-04-15T23:16:49","slug":"egitimde-etik","status":"publish","type":"product","link":"https:\/\/roveyayinevi.com.tr\/index.php\/urun\/egitimde-etik\/","title":{"rendered":"E\u011fitimde Etik"},"content":{"rendered":"<p>Dan Kavanagh, Duffy dizisinin son ser\u00fcveni olan \u00c7ulsuzlar&#8217;da, bir malik\u00e2nede d\u00f6nen tuhaf olaylar\u0131n hik\u00e2yesini anlat\u0131yor. Ge\u00e7mi\u015finde yasad\u0131\u015f\u0131 i\u015flere kar\u0131\u015fm\u0131\u015f ve ans\u0131z\u0131n zenginle\u015fivermi\u015f &#8220;i\u015fadam\u0131&#8221; Vic Crowther&#8217;\u0131n g\u00f6rkemli malik\u00e2nesinin penceresinden i\u00e7eri at\u0131lm\u0131\u015f bir k\u00f6pek le\u015fi; Crowther&#8217;\u0131n, bir zamanlar a\u00e7\u0131k sa\u00e7\u0131k resimler sergileyen gazetelerde kapak k\u0131zl\u0131\u011f\u0131 yapm\u0131\u015f ama \u015fimdi han\u0131mefendili\u011fe &#8220;terfi etmi\u015f&#8221; e\u015fi; evde aylak aylak vakit ge\u00e7iren &#8220;burjuva g\u00f6r\u00fcn\u00fc\u015fl\u00fc&#8221; ve burnu b\u00fcy\u00fck birtak\u0131m konuklar; evlenmeyi d\u00f6rt g\u00f6zle bekleyen nevrotik ve zengin mutsuz bir kad\u0131n; annesinin s\u00f6z\u00fcnden hi\u00e7 \u00e7\u0131kmayan bilardo ustas\u0131 k\u0131rk be\u015f ya\u015flar\u0131nda bir adam; ge\u00e7mi\u015finde insanlar\u0131 demir \u00e7ubukla d\u00f6vme al\u0131\u015fkanl\u0131\u011f\u0131 bulunan &#8220;\u0131slah olmu\u015f&#8221; eski bir su\u00e7lu ve orduda kalma hayalleri s\u00f6n\u00fcvermi\u015f asker eskisi, yar\u0131m ak\u0131ll\u0131 bir emlak\u00e7\u0131&#8230; \u0130\u015fte bu ilgin\u00e7 ki\u015filiklerin ba\u015flar\u0131ndan ge\u00e7en olaylar\u0131, Dan Kavanagh&#8217;\u0131n keskin ironiyle y\u00fckl\u00fc kaleminde, s\u00fcr\u00fckleyici ve \u00e7arp\u0131c\u0131 bir hik\u00e2yenin konusunu olu\u015fturuyor. Kavanagh, t\u00fcm \u00f6tesi romanlar\u0131nda oldu\u011fu gibi &#8220;su\u00e7&#8221; kavram\u0131n\u0131n ger\u00e7ek niteli\u011fini ara\u015ft\u0131r\u0131yor ve kitab\u0131n\u0131n bir pasaj\u0131nda, kahramanlar\u0131ndan birine \u015fu anlaml\u0131 s\u00f6zleri s\u00f6yletiyor: &#8220;Su\u00e7 i\u015fleyen ki\u015fi her zaman toplumdaki yerini ar\u0131yordur. Tek mesele bazen al\u0131\u015f\u0131lmad\u0131k y\u00f6ntemler kullan\u0131yor olmas\u0131d\u0131r.&#8221; \ufffcTan\u0131t\u0131m Metni<\/p>\n","protected":false},"excerpt":{"rendered":"<p>Dan Kavanagh, Duffy dizisinin son ser\u00fcveni olan \u00c7ulsuzlar&#8217;da, bir malik\u00e2nede d\u00f6nen tuhaf olaylar\u0131n hik\u00e2yesini anlat\u0131yor. Ge\u00e7mi\u015finde yasad\u0131\u015f\u0131 i\u015flere kar\u0131\u015fm\u0131\u015f ve ans\u0131z\u0131n zenginle\u015fivermi\u015f &#8220;i\u015fadam\u0131&#8221; Vic Crowther&#8217;\u0131n g\u00f6rkemli<span class=\"excerpt-hellip\"> [\u2026]<\/span><\/p>\n","protected":false},"featured_media":0,"template":"","meta":{"_monsterinsights_skip_tracking":false,"_monsterinsights_sitenote_active":false,"_monsterinsights_sitenote_note":"","_monsterinsights_sitenote_category":0},"product_brand":[],"product_cat":[12312,12304],"product_tag":[],"class_list":{"0":"post-708203","1":"product","2":"type-product","3":"status-publish","5":"product_cat-diger","6":"product_cat-tarih","7":"pa_cilt-ciltsiz","8":"pa_tur-kitap","9":"pa_yayinevi-ayrinti-yayinlari","10":"pa_yazar-felicity-haynes","12":"first","13":"instock","14":"sale","15":"shipping-taxable","16":"purchasable","17":"product-type-simple"},"_links":{"self":[{"href":"https:\/\/roveyayinevi.com.tr\/index.php\/wp-json\/wp\/v2\/product\/708203","targetHints":{"allow":["GET"]}}],"collection":[{"href":"https:\/\/roveyayinevi.com.tr\/index.php\/wp-json\/wp\/v2\/product"}],"about":[{"href":"https:\/\/roveyayinevi.com.tr\/index.php\/wp-json\/wp\/v2\/types\/product"}],"wp:attachment":[{"href":"https:\/\/roveyayinevi.com.tr\/index.php\/wp-json\/wp\/v2\/media?parent=708203"}],"wp:term":[{"taxonomy":"product_brand","embeddable":true,"href":"https:\/\/roveyayinevi.com.tr\/index.php\/wp-json\/wp\/v2\/product_brand?post=708203"},{"taxonomy":"product_cat","embeddable":true,"href":"https:\/\/roveyayinevi.com.tr\/index.php\/wp-json\/wp\/v2\/product_cat?post=708203"},{"taxonomy":"product_tag","embeddable":true,"href":"https:\/\/roveyayinevi.com.tr\/index.php\/wp-json\/wp\/v2\/product_tag?post=708203"}],"curies":[{"name":"wp","href":"https:\/\/api.w.org\/{rel}","templated":true}]}}