{"id":708199,"date":"2025-08-27T16:12:30","date_gmt":"2025-08-27T13:12:30","guid":{"rendered":"https:\/\/roveyayinevi.com.tr\/index.php\/urun\/yasalar-uzerine\/"},"modified":"2026-04-16T02:16:48","modified_gmt":"2026-04-15T23:16:48","slug":"yasalar-uzerine","status":"publish","type":"product","link":"https:\/\/roveyayinevi.com.tr\/index.php\/urun\/yasalar-uzerine\/","title":{"rendered":"Yasalar \u00dczerine"},"content":{"rendered":"<p>Cicero (M\u00d6 106 &#8211; M\u00d6 43): Romal\u0131 b\u00fcy\u00fck devlet adam\u0131, hatip ve d\u00fc\u015f\u00fcn\u00fcr. Gen\u00e7li\u011finde felsefe ve hukuk e\u011fitimi ald\u0131. Hitabet sanat\u0131ndaki ustal\u0131\u011f\u0131yla consul\u2019l\u00fc\u011fe dek y\u00fckseldi. Roma\u2019y\u0131 birey, geleneksel toplum d\u00fczeni ve devlet \u00fc\u00e7geninde ele alan konu\u015fmalar\u0131, felsefi ve teknik eserleriyle her \u00e7a\u011f\u0131n insan\u0131n\u0131 etkilemeyi ba\u015farm\u0131\u015ft\u0131r.Devlet \u00dczerine isimli eserinin devam\u0131 olan Yasalar \u00dczerine Platon\u2019un Yasalar isimli eseriyle benzerlikler ta\u015f\u0131r.Diyalog tekni\u011fini kullanan eser, hukukun do\u011fal kaynaklar\u0131n\u0131, yasalar\u0131n nas\u0131l d\u00fczenlenmesi gerekti\u011fini,s\u0131n\u0131flar aras\u0131nda toplumsal uyumun nas\u0131l sa\u011flanabilece\u011fini ele al\u0131r. Hukukun do\u011fal kaynaklar\u0131n\u0131 ele ald\u0131\u011f\u0131 ilk kitab\u0131, d\u00f6nemin din\u00ee uygulamalar\u0131na ve yasalar\u0131na, makamlar\u0131n g\u00f6revlerine dair g\u00f6r\u00fc\u015fler izler. <\/p>\n","protected":false},"excerpt":{"rendered":"<p>Cicero (M\u00d6 106 &#8211; M\u00d6 43): Romal\u0131 b\u00fcy\u00fck devlet adam\u0131, hatip ve d\u00fc\u015f\u00fcn\u00fcr. Gen\u00e7li\u011finde felsefe ve hukuk e\u011fitimi ald\u0131. Hitabet sanat\u0131ndaki ustal\u0131\u011f\u0131yla consul\u2019l\u00fc\u011fe dek y\u00fckseldi. Roma\u2019y\u0131<span class=\"excerpt-hellip\"> [\u2026]<\/span><\/p>\n","protected":false},"featured_media":0,"template":"","meta":{"_monsterinsights_skip_tracking":false,"_monsterinsights_sitenote_active":false,"_monsterinsights_sitenote_note":"","_monsterinsights_sitenote_category":0},"product_brand":[],"product_cat":[12312,12304],"product_tag":[],"class_list":{"0":"post-708199","1":"product","2":"type-product","3":"status-publish","5":"product_cat-diger","6":"product_cat-tarih","7":"pa_cilt-ciltsiz","8":"pa_tur-kitap","9":"pa_yayinevi-is-bankasi-kultur-yayinlari","10":"pa_yazar-cicero","12":"first","13":"instock","14":"sale","15":"shipping-taxable","16":"purchasable","17":"product-type-simple"},"_links":{"self":[{"href":"https:\/\/roveyayinevi.com.tr\/index.php\/wp-json\/wp\/v2\/product\/708199","targetHints":{"allow":["GET"]}}],"collection":[{"href":"https:\/\/roveyayinevi.com.tr\/index.php\/wp-json\/wp\/v2\/product"}],"about":[{"href":"https:\/\/roveyayinevi.com.tr\/index.php\/wp-json\/wp\/v2\/types\/product"}],"wp:attachment":[{"href":"https:\/\/roveyayinevi.com.tr\/index.php\/wp-json\/wp\/v2\/media?parent=708199"}],"wp:term":[{"taxonomy":"product_brand","embeddable":true,"href":"https:\/\/roveyayinevi.com.tr\/index.php\/wp-json\/wp\/v2\/product_brand?post=708199"},{"taxonomy":"product_cat","embeddable":true,"href":"https:\/\/roveyayinevi.com.tr\/index.php\/wp-json\/wp\/v2\/product_cat?post=708199"},{"taxonomy":"product_tag","embeddable":true,"href":"https:\/\/roveyayinevi.com.tr\/index.php\/wp-json\/wp\/v2\/product_tag?post=708199"}],"curies":[{"name":"wp","href":"https:\/\/api.w.org\/{rel}","templated":true}]}}