{"id":708196,"date":"2025-08-27T16:12:29","date_gmt":"2025-08-27T13:12:29","guid":{"rendered":"https:\/\/roveyayinevi.com.tr\/index.php\/urun\/felsefe-okuma-rehberi\/"},"modified":"2026-04-16T02:16:48","modified_gmt":"2026-04-15T23:16:48","slug":"felsefe-okuma-rehberi","status":"publish","type":"product","link":"https:\/\/roveyayinevi.com.tr\/index.php\/urun\/felsefe-okuma-rehberi\/","title":{"rendered":"Felsefe Okuma Rehberi"},"content":{"rendered":"<p>Bu, felsefe okurken ihtiya\u00e7 duyulan beceriler i\u00e7in \u00f6zl\u00fc ve kolay bir elkitab\u0131d\u0131r ve konuyla ilk kez ilgilenen ya da kendisini geli\u015ftirmeye \u00e7al\u0131\u015fan herkesi hedeflemektedir.Felsefenin K\u0131sa Tarihi, Felsefeye Giri\u015f ve Klasiklerle Felsefe\u2019nin yazar\u0131 Nigel Warburton, \u00f6\u011frencilerden beklenenleri a\u00e7\u0131klay\u0131p, \u00e7al\u0131\u015fma zamanlar\u0131n\u0131 verimli bir bi\u00e7imde kullanmalar\u0131na ve notlar\u0131n\u0131 iyile\u015ftirmelerine yard\u0131m edecek stratejiler sunuyor:Felsefe okumak \u2013 tarihsel ve \u00e7a\u011fda\u015f eserlere hem g\u00f6z gezdirme hem de derinlemesine \u00e7\u00f6z\u00fcmleme, kullan\u0131lan terminolojiyi ve \u00f6rnekleri anlama;Felsefeyi dinlemek \u2013 resmi dersler ve gayri resmi \u00f6\u011frenme, kullan\u0131lan arg\u00fcmanlar\u0131 anlama, not tutma;Felsefe tart\u0131\u015fmak \u2013 tart\u0131\u015fma ve ara\u015ft\u0131rma, soru sorma, \u00f6zl\u00fc ve anla\u015f\u0131labilir bir bi\u00e7imde ileti\u015fim kurma;Felsefe yazmak \u2013 denemeler ve ba\u015fka yaz\u0131lar planlama ve ara\u015ft\u0131rma, \u00f6zg\u00fcn \u00f6rnekler bulma, intihalden ka\u00e7\u0131nma. <\/p>\n","protected":false},"excerpt":{"rendered":"<p>Bu, felsefe okurken ihtiya\u00e7 duyulan beceriler i\u00e7in \u00f6zl\u00fc ve kolay bir elkitab\u0131d\u0131r ve konuyla ilk kez ilgilenen ya da kendisini geli\u015ftirmeye \u00e7al\u0131\u015fan herkesi hedeflemektedir.Felsefenin K\u0131sa Tarihi,<span class=\"excerpt-hellip\"> [\u2026]<\/span><\/p>\n","protected":false},"featured_media":0,"template":"","meta":{"_monsterinsights_skip_tracking":false,"_monsterinsights_sitenote_active":false,"_monsterinsights_sitenote_note":"","_monsterinsights_sitenote_category":0},"product_brand":[],"product_cat":[12388,13555],"product_tag":[],"class_list":{"0":"post-708196","1":"product","2":"type-product","3":"status-publish","5":"product_cat-felsefe","6":"product_cat-genel-felsefe","7":"pa_cilt-ciltsiz","8":"pa_tur-kitap","9":"pa_yayinevi-alfa-yayinlari","10":"pa_yazar-nigel-warburton","12":"first","13":"instock","14":"sale","15":"shipping-taxable","16":"purchasable","17":"product-type-simple"},"_links":{"self":[{"href":"https:\/\/roveyayinevi.com.tr\/index.php\/wp-json\/wp\/v2\/product\/708196","targetHints":{"allow":["GET"]}}],"collection":[{"href":"https:\/\/roveyayinevi.com.tr\/index.php\/wp-json\/wp\/v2\/product"}],"about":[{"href":"https:\/\/roveyayinevi.com.tr\/index.php\/wp-json\/wp\/v2\/types\/product"}],"wp:attachment":[{"href":"https:\/\/roveyayinevi.com.tr\/index.php\/wp-json\/wp\/v2\/media?parent=708196"}],"wp:term":[{"taxonomy":"product_brand","embeddable":true,"href":"https:\/\/roveyayinevi.com.tr\/index.php\/wp-json\/wp\/v2\/product_brand?post=708196"},{"taxonomy":"product_cat","embeddable":true,"href":"https:\/\/roveyayinevi.com.tr\/index.php\/wp-json\/wp\/v2\/product_cat?post=708196"},{"taxonomy":"product_tag","embeddable":true,"href":"https:\/\/roveyayinevi.com.tr\/index.php\/wp-json\/wp\/v2\/product_tag?post=708196"}],"curies":[{"name":"wp","href":"https:\/\/api.w.org\/{rel}","templated":true}]}}