{"id":708195,"date":"2025-08-27T16:12:28","date_gmt":"2025-08-27T13:12:28","guid":{"rendered":"https:\/\/roveyayinevi.com.tr\/index.php\/urun\/deneme-yazmanin-temel-kurallari\/"},"modified":"2025-10-26T21:52:25","modified_gmt":"2025-10-26T18:52:25","slug":"deneme-yazmanin-temel-kurallari","status":"publish","type":"product","link":"https:\/\/roveyayinevi.com.tr\/index.php\/urun\/deneme-yazmanin-temel-kurallari\/","title":{"rendered":"Deneme Yazman\u0131n Temel Kurallar\u0131"},"content":{"rendered":"<p>Deneme yazmak her \u00f6\u011frenci i\u00e7in temel bir beceridir ve anla\u015f\u0131l\u0131r, ikna edici denemeler \u00fcretmek, iyi \u00f6dev haz\u0131rlaman\u0131n ve yaz\u0131l\u0131 s\u0131navlarda ba\u015far\u0131n\u0131n temelidir. Bu kitap, deneme yazma becerilerinizi ve elbette notlar\u0131n\u0131z\u0131 \u00e7arp\u0131c\u0131 bir bi\u00e7imde iyile\u015ftirmek i\u00e7in ihtiya\u00e7 duydu\u011funuz s\u00fcper \u00f6\u011f\u00fctleri ve rehberli\u011fi sunmaktad\u0131r. Warburton, iyi bir deneme yazman\u0131n neden o kadar \u00f6nemli oldu\u011funu, \u00f6vg\u00fcye de\u011fer pratik \u00fcslubuyla a\u00e7\u0131kl\u0131yor ve geli\u015fmek i\u00e7in tam olarak neleri d\u00fc\u015f\u00fcnmeniz gerekti\u011fini ad\u0131m ad\u0131m g\u00f6steriyor: Sorulan soruyu yan\u0131tlamaya odaklanma, Ara\u015ft\u0131rma yapma ve denemenizi planlama, Bir arg\u00fcman kurma ve s\u00fcrd\u00fcrme, Yazma \u00fcslubunuzu ve tonunuzu iyile\u015ftirme. Her ya\u015fta ve her konuda \u00f6\u011frenciler, bu kitapta kullan\u0131m\u0131 kolay ve vazge\u00e7ilmez bir yard\u0131mc\u0131 bulacakt\u0131r. <\/p>\n","protected":false},"excerpt":{"rendered":"<p>Deneme yazmak her \u00f6\u011frenci i\u00e7in temel bir beceridir ve anla\u015f\u0131l\u0131r, ikna edici denemeler \u00fcretmek, iyi \u00f6dev haz\u0131rlaman\u0131n ve yaz\u0131l\u0131 s\u0131navlarda ba\u015far\u0131n\u0131n temelidir. Bu kitap, deneme yazma<span class=\"excerpt-hellip\"> [\u2026]<\/span><\/p>\n","protected":false},"featured_media":0,"template":"","meta":{"_monsterinsights_skip_tracking":false,"_monsterinsights_sitenote_active":false,"_monsterinsights_sitenote_note":"","_monsterinsights_sitenote_category":0},"product_brand":[],"product_cat":[12389,12388],"product_tag":[],"class_list":{"0":"post-708195","1":"product","2":"type-product","3":"status-publish","5":"product_cat-diger-felsefe","6":"product_cat-felsefe","7":"pa_cilt-ciltsiz","8":"pa_tur-kitap","9":"pa_yayinevi-alfa-yayinlari","10":"pa_yazar-nigel-warburton","12":"first","13":"instock","14":"sale","15":"shipping-taxable","16":"purchasable","17":"product-type-simple"},"_links":{"self":[{"href":"https:\/\/roveyayinevi.com.tr\/index.php\/wp-json\/wp\/v2\/product\/708195","targetHints":{"allow":["GET"]}}],"collection":[{"href":"https:\/\/roveyayinevi.com.tr\/index.php\/wp-json\/wp\/v2\/product"}],"about":[{"href":"https:\/\/roveyayinevi.com.tr\/index.php\/wp-json\/wp\/v2\/types\/product"}],"wp:attachment":[{"href":"https:\/\/roveyayinevi.com.tr\/index.php\/wp-json\/wp\/v2\/media?parent=708195"}],"wp:term":[{"taxonomy":"product_brand","embeddable":true,"href":"https:\/\/roveyayinevi.com.tr\/index.php\/wp-json\/wp\/v2\/product_brand?post=708195"},{"taxonomy":"product_cat","embeddable":true,"href":"https:\/\/roveyayinevi.com.tr\/index.php\/wp-json\/wp\/v2\/product_cat?post=708195"},{"taxonomy":"product_tag","embeddable":true,"href":"https:\/\/roveyayinevi.com.tr\/index.php\/wp-json\/wp\/v2\/product_tag?post=708195"}],"curies":[{"name":"wp","href":"https:\/\/api.w.org\/{rel}","templated":true}]}}