{"id":708192,"date":"2025-08-27T16:12:27","date_gmt":"2025-08-27T13:12:27","guid":{"rendered":"https:\/\/roveyayinevi.com.tr\/index.php\/urun\/t-c-icisleri-bakanligi-tarihi-1920-2014\/"},"modified":"2026-04-16T02:16:48","modified_gmt":"2026-04-15T23:16:48","slug":"t-c-icisleri-bakanligi-tarihi-1920-2014","status":"publish","type":"product","link":"https:\/\/roveyayinevi.com.tr\/index.php\/urun\/t-c-icisleri-bakanligi-tarihi-1920-2014\/","title":{"rendered":"T.C. \u0130\u00e7i\u015fleri Bakanl\u0131\u011f\u0131 Tarihi (1920-2014)"},"content":{"rendered":"<p>643 SAYFA B\u0130R\u0130NC\u0130 B\u00d6L\u00dcM DAH\u0130L\u0130YE VEKALET\u0130 KURULU\u015e VE KURUMSALLA\u015eMA D\u00d6NEM\u0130 : 1920-1930 \u0130K\u0130NC\u0130 B\u00d6L\u00dcM 1930-1946 D\u00d6NEM\u0130NDE DAH\u0130L\u0130YE VEKALET\u0130 \u00dc\u00c7\u00dcNC\u00dc B\u00d6L\u00dcM 1946-1960 D\u00d6NEM\u0130NDE \u0130\u00c7\u0130\u015eLER\u0130 BAKANLI\u011eI D\u00d6RD\u00dcNC\u00dc B\u00d6L\u00dcM \u0130\u00c7\u0130\u015eLER\u0130 BAKANLI\u011eI 1960-1980 D\u00d6NEM\u0130 BE\u015e\u0130NC\u0130 B\u00d6L\u00dcM 1980&#8217;DEN G\u00dcN\u00dcM\u00dcZE \u0130\u00c7\u0130\u015eLER\u0130 BAKANLI\u011eI \ufffcTan\u0131t\u0131m Metni<\/p>\n","protected":false},"excerpt":{"rendered":"<p>643 SAYFA B\u0130R\u0130NC\u0130 B\u00d6L\u00dcM DAH\u0130L\u0130YE VEKALET\u0130 KURULU\u015e VE KURUMSALLA\u015eMA D\u00d6NEM\u0130 : 1920-1930 \u0130K\u0130NC\u0130 B\u00d6L\u00dcM 1930-1946 D\u00d6NEM\u0130NDE DAH\u0130L\u0130YE VEKALET\u0130 \u00dc\u00c7\u00dcNC\u00dc B\u00d6L\u00dcM 1946-1960 D\u00d6NEM\u0130NDE \u0130\u00c7\u0130\u015eLER\u0130 BAKANLI\u011eI D\u00d6RD\u00dcNC\u00dc B\u00d6L\u00dcM<span class=\"excerpt-hellip\"> [\u2026]<\/span><\/p>\n","protected":false},"featured_media":0,"template":"","meta":{"_monsterinsights_skip_tracking":false,"_monsterinsights_sitenote_active":false,"_monsterinsights_sitenote_note":"","_monsterinsights_sitenote_category":0},"product_brand":[],"product_cat":[12337,14528],"product_tag":[],"class_list":{"0":"post-708192","1":"product","2":"type-product","3":"status-publish","5":"product_cat-politika-siyaset","6":"product_cat-siyaset-tarihi","7":"pa_cilt-ciltli","8":"pa_tur-kitap","9":"pa_yayinevi-tiav","10":"pa_yazar-mehmet-celik","12":"first","13":"instock","14":"sale","15":"shipping-taxable","16":"purchasable","17":"product-type-simple"},"_links":{"self":[{"href":"https:\/\/roveyayinevi.com.tr\/index.php\/wp-json\/wp\/v2\/product\/708192","targetHints":{"allow":["GET"]}}],"collection":[{"href":"https:\/\/roveyayinevi.com.tr\/index.php\/wp-json\/wp\/v2\/product"}],"about":[{"href":"https:\/\/roveyayinevi.com.tr\/index.php\/wp-json\/wp\/v2\/types\/product"}],"wp:attachment":[{"href":"https:\/\/roveyayinevi.com.tr\/index.php\/wp-json\/wp\/v2\/media?parent=708192"}],"wp:term":[{"taxonomy":"product_brand","embeddable":true,"href":"https:\/\/roveyayinevi.com.tr\/index.php\/wp-json\/wp\/v2\/product_brand?post=708192"},{"taxonomy":"product_cat","embeddable":true,"href":"https:\/\/roveyayinevi.com.tr\/index.php\/wp-json\/wp\/v2\/product_cat?post=708192"},{"taxonomy":"product_tag","embeddable":true,"href":"https:\/\/roveyayinevi.com.tr\/index.php\/wp-json\/wp\/v2\/product_tag?post=708192"}],"curies":[{"name":"wp","href":"https:\/\/api.w.org\/{rel}","templated":true}]}}