{"id":708190,"date":"2025-08-27T16:12:27","date_gmt":"2025-08-27T13:12:27","guid":{"rendered":"https:\/\/roveyayinevi.com.tr\/index.php\/urun\/tiav-carsamba-konferanslari-2013\/"},"modified":"2026-04-16T02:16:48","modified_gmt":"2026-04-15T23:16:48","slug":"tiav-carsamba-konferanslari-2013","status":"publish","type":"product","link":"https:\/\/roveyayinevi.com.tr\/index.php\/urun\/tiav-carsamba-konferanslari-2013\/","title":{"rendered":"T\u0130AV \u00c7ar\u015famba Konferanslar\u0131 \u2013 2013"},"content":{"rendered":"<p>Kamu y\u00f6netimi ve toplumsal ya\u015famda ortaya \u00e7\u0131kan geli\u015fmelerle ilgili &#8220;fark\u0131ndal\u0131k&#8221; olu\u015fturmak amac\u0131yla alan\u0131nda yetkin akademisyenler, ara\u015ft\u0131rmac\u0131lar ve b\u00fcrokratlar\u0131n birikim ve deneyimlerini aktarabilecekleri bir konferanslar serisi d\u00fczenlenmi\u015ftir. 2013 y\u0131l\u0131nda d\u00fczenlenen alt\u0131 konferans\u0131n \u00e7\u00f6z\u00fcmlemesinden olu\u015fan bu kitap 2014 y\u0131l\u0131nda yay\u0131nlanm\u0131\u015ft\u0131r. Kitab\u0131n edit\u00f6rl\u00fc\u011f\u00fcn\u00fc Selim \u00c7apar \u00fcstlenmi\u015ftir. \u2022 Prof. Dr. Kemal Sayar, Modern D\u00fcnyada \u0130nsan\u0131n Mutluluk Aray\u0131\u015f\u0131 konusunda bir \u00c7in atas\u00f6z\u00fcne vurgu yapmaktad\u0131r: \u201cHayat uzun bir \u015fimdiden ibarettir.\u201d \u2022 Prof. Dr. Orhan G\u00f6k\u00e7e, \u0130leti\u015fim ve \u015eiddet konusunda, ba\u015far\u0131l\u0131 ileti\u015fimin daima sayg\u0131 ve sevgiyi ayn\u0131 anda i\u00e7ermesi gerekti\u011fine i\u015faret etmektedir. \u2022 Prof. Dr. Nurullah Gen\u00e7, Y\u00f6neticilik ve Sanat konusunda, y\u00f6netimin sanatlar\u0131n en eskisi olmas\u0131na kar\u015f\u0131n bilimlerin en yenisi oldu\u011funun alt\u0131n\u0131 \u00e7izmektedir. \u2022 Mehmed Niyazi, \u0130stanbul\u2019un Fethi Ba\u011flam\u0131nda Devlet Felsefesi konusunda Fethi anlayabilmek i\u00e7in T\u00fcrk toplumundaki devlet anlay\u0131\u015f\u0131n\u0131n \u00e7ok iyi anla\u015f\u0131lmas\u0131 gerekti\u011fini belirtmektedir. \u2022 D\u0131\u015fi\u015fleri Bakanl\u0131\u011f\u0131-Bakan Yard\u0131mc\u0131s\u0131 B\u00fcy\u00fckel\u00e7i Naci Koru, T\u00fcrk D\u0131\u015f Politikas\u0131 konusunda son d\u00f6nemde ya\u015fanan ba\u015far\u0131l\u0131 geli\u015fmelere vurgu yapmaktad\u0131r. \u2022 Prof. Dr. Mete Tun\u00e7ay, Cumhuriyet D\u00f6neminin \u0130lk Sekiz Y\u0131l\u0131nda Siyasi Ak\u0131mlar ve \u0130dareye Yans\u0131malar\u0131 konusunda Cumhuriyet tarihinde 1925 y\u0131l\u0131ndaki Takrir-i S\u00fck\u00fbn Kanunu\u2019nun \u00f6nemli bir d\u00f6n\u00fcm noktas\u0131 oldu\u011funa dikkat \u00e7ekmektedir. <\/p>\n","protected":false},"excerpt":{"rendered":"<p>Kamu y\u00f6netimi ve toplumsal ya\u015famda ortaya \u00e7\u0131kan geli\u015fmelerle ilgili &#8220;fark\u0131ndal\u0131k&#8221; olu\u015fturmak amac\u0131yla alan\u0131nda yetkin akademisyenler, ara\u015ft\u0131rmac\u0131lar ve b\u00fcrokratlar\u0131n birikim ve deneyimlerini aktarabilecekleri bir konferanslar serisi d\u00fczenlenmi\u015ftir.<span class=\"excerpt-hellip\"> [\u2026]<\/span><\/p>\n","protected":false},"featured_media":0,"template":"","meta":{"_monsterinsights_skip_tracking":false,"_monsterinsights_sitenote_active":false,"_monsterinsights_sitenote_note":"","_monsterinsights_sitenote_category":0},"product_brand":[],"product_cat":[13043],"product_tag":[],"class_list":{"0":"post-708190","1":"product","2":"type-product","3":"status-publish","5":"product_cat-ekonomi","6":"pa_cilt-ciltli","7":"pa_tur-kitap","8":"pa_yayinevi-tiav","9":"pa_yazar-doc-dr-selim-selim-capar","11":"first","12":"instock","13":"sale","14":"shipping-taxable","15":"purchasable","16":"product-type-simple"},"_links":{"self":[{"href":"https:\/\/roveyayinevi.com.tr\/index.php\/wp-json\/wp\/v2\/product\/708190","targetHints":{"allow":["GET"]}}],"collection":[{"href":"https:\/\/roveyayinevi.com.tr\/index.php\/wp-json\/wp\/v2\/product"}],"about":[{"href":"https:\/\/roveyayinevi.com.tr\/index.php\/wp-json\/wp\/v2\/types\/product"}],"wp:attachment":[{"href":"https:\/\/roveyayinevi.com.tr\/index.php\/wp-json\/wp\/v2\/media?parent=708190"}],"wp:term":[{"taxonomy":"product_brand","embeddable":true,"href":"https:\/\/roveyayinevi.com.tr\/index.php\/wp-json\/wp\/v2\/product_brand?post=708190"},{"taxonomy":"product_cat","embeddable":true,"href":"https:\/\/roveyayinevi.com.tr\/index.php\/wp-json\/wp\/v2\/product_cat?post=708190"},{"taxonomy":"product_tag","embeddable":true,"href":"https:\/\/roveyayinevi.com.tr\/index.php\/wp-json\/wp\/v2\/product_tag?post=708190"}],"curies":[{"name":"wp","href":"https:\/\/api.w.org\/{rel}","templated":true}]}}